{"id":4179,"date":"2024-10-19T02:36:28","date_gmt":"2024-10-19T02:36:28","guid":{"rendered":"https:\/\/cloudsupplyvapes.com\/?post_type=product&#038;p=4179"},"modified":"2024-11-26T06:38:48","modified_gmt":"2024-11-26T06:38:48","slug":"-132","status":"publish","type":"product","link":"https:\/\/cloudsupplyvapes.com\/es\/product\/geek-bar-meloso-ultra-10000-puffs-disposable-vape-wholesale\/","title":{"rendered":"Geek Bar Meloso Ultra 10000 Puffs Vape desechable al por mayor de larga duraci\u00f3n de construcci\u00f3n duradera"},"content":{"rendered":"<h2>Geek Bar Meloso Ultra Smart Display Vape Desechable<\/h2>\n<ul class=\"top\">\n<li style=\"list-style-type: none;\">\n<ul class=\"top\">\n<li>Marca:\u00a0<b>Geek Bar<\/b><\/li>\n<li>Unidad: set<\/li>\n<li>Tipo:\u00a0<b>Vape desechable<\/b><\/li>\n<li>Peso neto: 70(g)<\/li>\n<\/ul>\n<\/li>\n<\/ul>\n<p>El sistema calcular\u00e1 autom\u00e1ticamente los gastos de env\u00edo combinados despu\u00e9s de que elija el destino del env\u00edo en el paso de pago.<\/p>\n<div class=\"title\">Geek Bar Meloso Ultra Smart Display Vape Desechable INTRODUCCI\u00d3N<\/div>\n<p><b>Geek Bar Meloso Ultra Smart Display Vape Desechable<\/b> viene con una potente bater\u00eda de 630mAh, una pantalla inteligente, y una bobina de malla dual y puede satisfacer hasta 10.000 caladas en total. Junto con una gran capacidad de jugo de vape viene con una bater\u00eda consistente. Como adici\u00f3n a la bater\u00eda, un puerto Tipo-C se establece para la recarga. Lo mejor es la peque\u00f1a pantalla inteligente que muestra los niveles de bater\u00eda y de jugo de vapeo. Siempre puedes estar atento a la informaci\u00f3n en tiempo real. Meloso Ultra es el futuro de los vaporizadores desechables.<\/p>\n<p class=\"second-title\">Caracter\u00edsticas<\/p>\n<p>- 5%(50mg) Potencia de nicotina<\/p>\n<p>- Bater\u00eda recargable de 630 mAh<\/p>\n<p>- USB Tipo-C (no incluido)<\/p>\n<p>- Aproximadamente 10000 Puffs<\/p>\n<p>- Bobina de malla doble<\/p>\n<p>- Activado por sorteo<\/p>\n<p>- MTL Vaping<\/p>\n<p>- Pantalla LED inteligente<\/p>","protected":false},"excerpt":{"rendered":"<p>El Geek Bar Meloso Ultra 10000 Puffs Vape desechable al por mayor ofrece un rendimiento de larga duraci\u00f3n, construcci\u00f3n duradera, y la producci\u00f3n de vapor rico para la satisfacci\u00f3n vaping extendida.<\/p>","protected":false},"featured_media":4489,"comment_status":"open","ping_status":"closed","template":"","meta":[],"product_brand":[],"product_cat":[22],"product_tag":[],"class_list":{"0":"post-4179","1":"product","2":"type-product","3":"status-publish","4":"has-post-thumbnail","6":"product_cat-disposable-vape-sticks","8":"first","9":"instock","10":"shipping-taxable","11":"purchasable","12":"product-type-simple"},"jetpack_sharing_enabled":true,"tiered_pricing_type":"fixed","tiered_pricing_fixed_rules":{"1000":16,"10000":15,"50000":13},"tiered_pricing_product_settings":{"layout":"default","base_unit_name":{"singular":null,"plural":null},"default_variation":null},"tiered_pricing_minimum_quantity":100,"tiered_pricing_roles_data":[],"tiered_pricing_percentage_rules":[],"tiered_pricing_maximum_quantity":null,"tiered_pricing_quantity_step":null,"_links":{"self":[{"href":"https:\/\/cloudsupplyvapes.com\/es\/wp-json\/wp\/v2\/product\/4179","targetHints":{"allow":["GET"]}}],"collection":[{"href":"https:\/\/cloudsupplyvapes.com\/es\/wp-json\/wp\/v2\/product"}],"about":[{"href":"https:\/\/cloudsupplyvapes.com\/es\/wp-json\/wp\/v2\/types\/product"}],"replies":[{"embeddable":true,"href":"https:\/\/cloudsupplyvapes.com\/es\/wp-json\/wp\/v2\/comments?post=4179"}],"wp:featuredmedia":[{"embeddable":true,"href":"https:\/\/cloudsupplyvapes.com\/es\/wp-json\/wp\/v2\/media\/4489"}],"wp:attachment":[{"href":"https:\/\/cloudsupplyvapes.com\/es\/wp-json\/wp\/v2\/media?parent=4179"}],"wp:term":[{"taxonomy":"product_brand","embeddable":true,"href":"https:\/\/cloudsupplyvapes.com\/es\/wp-json\/wp\/v2\/product_brand?post=4179"},{"taxonomy":"product_cat","embeddable":true,"href":"https:\/\/cloudsupplyvapes.com\/es\/wp-json\/wp\/v2\/product_cat?post=4179"},{"taxonomy":"product_tag","embeddable":true,"href":"https:\/\/cloudsupplyvapes.com\/es\/wp-json\/wp\/v2\/product_tag?post=4179"}],"curies":[{"name":"wp","href":"https:\/\/api.w.org\/{rel}","templated":true}]}}