{"id":4181,"date":"2024-10-19T02:36:28","date_gmt":"2024-10-19T02:36:28","guid":{"rendered":"https:\/\/cloudsupplyvapes.com\/?post_type=product&#038;p=4181"},"modified":"2024-11-26T06:36:43","modified_gmt":"2024-11-26T06:36:43","slug":"-134","status":"publish","type":"product","link":"https:\/\/cloudsupplyvapes.com\/es\/product\/geek-bar-x5500-5500-puffs-rechargeable-disposable-vape-wholesale\/","title":{"rendered":"Geek Bar X5500 5500 Puffs Recargable Vape Desechable al por mayor de larga duraci\u00f3n de construcci\u00f3n duradera"},"content":{"rendered":"<h2>Geek Bar X5500 Desechable<\/h2>\n<ul class=\"top\">\n<li style=\"list-style-type: none;\">\n<ul class=\"top\">\n<li>Marca: Geek Bar<\/li>\n<li>Unidad: set<\/li>\n<li>Tipo: Vape desechable<\/li>\n<li>Peso neto: 70(g)<\/li>\n<\/ul>\n<\/li>\n<\/ul>\n<p>El sistema calcular\u00e1 autom\u00e1ticamente los gastos de env\u00edo combinados despu\u00e9s de que elija el destino del env\u00edo en el paso de pago.<\/p>\n<div class=\"title\">Geek Bar X5500 Desechable INTRODUCCI\u00d3N<\/div>\n<p><b>Geek Bar X5500 Desechable<\/b> deportivo deliciosamente elaborado notas de sabor a fruta mixta, cada desechable abastece a 12 ml de e-l\u00edquido precargado, con una bobina de malla y 5% nicotina que se completa con un sabor intrigante para un m\u00e1ximo de 5500 caladas. Es alimentado por una bater\u00eda interna recargable de 650mAh, por lo que puede llevarlo de viaje durante todo el d\u00eda. La punta de goteo es tan ergon\u00f3mico que puede adaptarse a sus labios de forma natural.<\/p>\n<p class=\"second-title\">Caracter\u00edsticas<\/p>\n<p>- Recargable<\/p>\n<p>- Bater\u00eda interna de 630 mAh<\/p>\n<p>- 12ml E-jugo pre-llenado<\/p>\n<p>- 5%(50mg) Nicotina<\/p>\n<p>- 5500 Puffs<\/p>\n<p>- Activado por dibujo<\/p>\n<div class=\"title\">Geek Bar X5500 Desechable ESPECIFICACI\u00d3N<\/div>\n<p>Puffs: 5000<\/p>\n<p>Capacidad del e-l\u00edquido: 12ml<\/p>\n<p>Capacidad de la bater\u00eda: 630 mAh<\/p>\n<p>Recargable (Tipo-C)<\/p>\n<p>Nicotina: 5%(50mg)<\/p>\n<p>Tipo de nicotina: Nic Sal<\/p>\n<p>Bobina: Bobina de malla<\/p>\n<p>Mecanismo de disparo: Activado por extracci\u00f3n<\/p>\n<p><a href=\"https:\/\/i0.wp.com\/shop.vape.hk\/wp-content\/uploads\/2023\/10\/geek-bar-x5500-disposable_1.jpg?ssl=1\" target=\"_blank\" rel=\"noopener\"><img data-recalc-dims=\"1\" loading=\"lazy\" decoding=\"async\" class=\"alignnone size-full wp-image-124054\" src=\"https:\/\/i0.wp.com\/shop.vape.hk\/wp-content\/uploads\/2023\/10\/geek-bar-x5500-disposable_1.jpg?resize=850%2C375&#038;ssl=1\" alt=\"Geek Bar X5500 5500 Puffs Recargable Vape Desechable | Venta al por mayor\" width=\"850\" height=\"375\" title=\"\"><\/a> <a href=\"https:\/\/i0.wp.com\/shop.vape.hk\/wp-content\/uploads\/2023\/10\/geek-bar-x5500-disposable_2.jpg?ssl=1\" target=\"_blank\" rel=\"noopener\"><img data-recalc-dims=\"1\" loading=\"lazy\" decoding=\"async\" class=\"alignnone size-full wp-image-124053\" src=\"https:\/\/i0.wp.com\/shop.vape.hk\/wp-content\/uploads\/2023\/10\/geek-bar-x5500-disposable_2.jpg?resize=495%2C1920&#038;ssl=1\" alt=\"Geek Bar X5500 5500 Puffs Recargable Vape Desechable | Venta al por mayor\" width=\"495\" height=\"1920\" title=\"\"><\/a> <a href=\"https:\/\/i0.wp.com\/shop.vape.hk\/wp-content\/uploads\/2023\/10\/Geek_Bar_S6000.jpg?ssl=1\" target=\"_blank\" rel=\"noopener\"><img data-recalc-dims=\"1\" loading=\"lazy\" decoding=\"async\" class=\"alignnone size-full wp-image-124051\" src=\"https:\/\/i0.wp.com\/shop.vape.hk\/wp-content\/uploads\/2023\/10\/Geek_Bar_S6000.jpg?resize=671%2C1920&#038;ssl=1\" alt=\"Geek Bar S6000 6000 Puff Desechable | Venta al por mayor\" width=\"671\" height=\"1920\" title=\"\"><\/a><\/p>","protected":false},"excerpt":{"rendered":"<p>Geek Bar X5500 5500 Puffs recargable Vape desechable al por mayor combina un rendimiento de larga duraci\u00f3n con una construcci\u00f3n duradera y la entrega de vapor suave para una experiencia vaping fiable.<\/p>\n<p>&nbsp;<\/p>","protected":false},"featured_media":4501,"comment_status":"open","ping_status":"closed","template":"","meta":[],"product_brand":[],"product_cat":[22],"product_tag":[],"class_list":{"0":"post-4181","1":"product","2":"type-product","3":"status-publish","4":"has-post-thumbnail","6":"product_cat-disposable-vape-sticks","8":"first","9":"instock","10":"shipping-taxable","11":"purchasable","12":"product-type-simple"},"jetpack_sharing_enabled":true,"tiered_pricing_type":"fixed","tiered_pricing_fixed_rules":{"1000":6,"10000":5,"50000":4},"tiered_pricing_product_settings":{"layout":"default","base_unit_name":{"singular":null,"plural":null},"default_variation":null},"tiered_pricing_minimum_quantity":100,"tiered_pricing_roles_data":[],"tiered_pricing_percentage_rules":[],"tiered_pricing_maximum_quantity":null,"tiered_pricing_quantity_step":null,"_links":{"self":[{"href":"https:\/\/cloudsupplyvapes.com\/es\/wp-json\/wp\/v2\/product\/4181","targetHints":{"allow":["GET"]}}],"collection":[{"href":"https:\/\/cloudsupplyvapes.com\/es\/wp-json\/wp\/v2\/product"}],"about":[{"href":"https:\/\/cloudsupplyvapes.com\/es\/wp-json\/wp\/v2\/types\/product"}],"replies":[{"embeddable":true,"href":"https:\/\/cloudsupplyvapes.com\/es\/wp-json\/wp\/v2\/comments?post=4181"}],"wp:featuredmedia":[{"embeddable":true,"href":"https:\/\/cloudsupplyvapes.com\/es\/wp-json\/wp\/v2\/media\/4501"}],"wp:attachment":[{"href":"https:\/\/cloudsupplyvapes.com\/es\/wp-json\/wp\/v2\/media?parent=4181"}],"wp:term":[{"taxonomy":"product_brand","embeddable":true,"href":"https:\/\/cloudsupplyvapes.com\/es\/wp-json\/wp\/v2\/product_brand?post=4181"},{"taxonomy":"product_cat","embeddable":true,"href":"https:\/\/cloudsupplyvapes.com\/es\/wp-json\/wp\/v2\/product_cat?post=4181"},{"taxonomy":"product_tag","embeddable":true,"href":"https:\/\/cloudsupplyvapes.com\/es\/wp-json\/wp\/v2\/product_tag?post=4181"}],"curies":[{"name":"wp","href":"https:\/\/api.w.org\/{rel}","templated":true}]}}