{"id":4182,"date":"2024-10-19T02:36:28","date_gmt":"2024-10-19T02:36:28","guid":{"rendered":"https:\/\/cloudsupplyvapes.com\/?post_type=product&#038;p=4182"},"modified":"2024-11-26T06:36:24","modified_gmt":"2024-11-26T06:36:24","slug":"-135","status":"publish","type":"product","link":"https:\/\/cloudsupplyvapes.com\/es\/product\/geek-bar-s3000-3000-puffs-rechargeable-disposable-vape-wholesale\/","title":{"rendered":"GEEK BAR S3000 3000 Puffs Recargable Vape Desechable al por mayor Dise\u00f1o compacto de carga r\u00e1pida"},"content":{"rendered":"<h2>GEEK BAR S3000 Desechable<\/h2>\n<ul class=\"top\">\n<li style=\"list-style-type: none;\">\n<ul class=\"top\">\n<li>Marca: GEEK BAR<\/li>\n<li>Unidad: set<\/li>\n<li>Tipo: Vape desechable<\/li>\n<li>Peso neto: 60(g)<\/li>\n<\/ul>\n<\/li>\n<\/ul>\n<p>El sistema calcular\u00e1 autom\u00e1ticamente los gastos de env\u00edo combinados despu\u00e9s de que elija el destino del env\u00edo en el paso de pago.<\/p>\n<div class=\"title\">GEEK BAR S3000 Desechable INTRODUCCI\u00d3N<\/div>\n<p><b>GEEK BAR S3000 Desechable<\/b> es un dispositivo excepcionalmente f\u00e1cil de usar para proporcionar 3000 caladas por unidad. Equipado con una capacidad de 7,5 ml de e-juice precargado y albergando una incre\u00edble bater\u00eda integrada de 1000mAh, el S3000 tambi\u00e9n se puede recargar a trav\u00e9s de un puerto USB Tipo-C. Preajustado para un rendimiento \u00f3ptimo, no necesita mantenimiento. El dise\u00f1o activado por extracci\u00f3n lo hace sencillo y f\u00e1cil de usar. Utiliza una excelente carcasa de pl\u00e1stico con una forma estrictamente rectangular para mostrar el dise\u00f1o de todo el exterior de forma transparente, la decoraci\u00f3n lac\u00f3nica en la parte trasera y lateral tiene un aspecto atrevido y sencillo.<\/p>\n<p class=\"second-title\">Caracter\u00edsticas<\/p>\n<p>- 3000 Puffs<\/p>\n<p>- 7.5ml E-jugo pre-llenado<\/p>\n<p>- Bater\u00eda integrada de 1000 mAh<\/p>\n<p>- Puerto USB tipo C<\/p>\n<p>- Activado por dibujo<\/p>\n<p>- Forma estrictamente rectangular<\/p>\n<p>- Decoraci\u00f3n Lac\u00f3nica<\/p>\n<div class=\"title\">GEEK BAR S3000 Desechable ESPECIFICACI\u00d3N<\/div>\n<p>Puffs: 3000<\/p>\n<p>Nicotina: 5%(50mg)<\/p>\n<p>Tipo de nicotina: Fuerza de la sal de nicotina<\/p>\n<p>Capacidad: 7,5 ml<\/p>\n<p>Capacidad de la bater\u00eda: 1000 mAh<\/p>\n<p>Cargador: USB Tipo-C<\/p>\n<p>Resistencia: Bobina de malla<\/p>\n<p>Mecanismo de disparo: Activado por extracci\u00f3n<\/p>\n<p><a href=\"https:\/\/i0.wp.com\/shop.vape.hk\/wp-content\/uploads\/2023\/10\/geek-bar-x5500-disposable_2-1.jpg?ssl=1\" target=\"_blank\" rel=\"noopener\"><img data-recalc-dims=\"1\" loading=\"lazy\" decoding=\"async\" class=\"alignnone size-full wp-image-124073\" src=\"https:\/\/i0.wp.com\/shop.vape.hk\/wp-content\/uploads\/2023\/10\/geek-bar-x5500-disposable_2-1.jpg?resize=495%2C1920&#038;ssl=1\" alt=\"GEEK BAR S3000 3000 Puffs Recargable Vape Desechable | Mayorista\" width=\"495\" height=\"1920\" title=\"\"><\/a><\/p>","protected":false},"excerpt":{"rendered":"<p>GEEK BAR S3000 3000 Puffs Recargable Vape Desechable al por mayor cuenta con un dise\u00f1o compacto, carga r\u00e1pida y salida de vapor suave, por lo que es ideal para vaping ecol\u00f3gico y port\u00e1til.<\/p>","protected":false},"featured_media":4507,"comment_status":"open","ping_status":"closed","template":"","meta":[],"product_brand":[],"product_cat":[22],"product_tag":[],"class_list":{"0":"post-4182","1":"product","2":"type-product","3":"status-publish","4":"has-post-thumbnail","6":"product_cat-disposable-vape-sticks","8":"first","9":"instock","10":"shipping-taxable","11":"purchasable","12":"product-type-simple"},"jetpack_sharing_enabled":true,"tiered_pricing_type":"fixed","tiered_pricing_fixed_rules":{"1000":4,"10000":3.5,"50000":3},"tiered_pricing_product_settings":{"layout":"default","base_unit_name":{"singular":null,"plural":null},"default_variation":null},"tiered_pricing_minimum_quantity":100,"tiered_pricing_roles_data":[],"tiered_pricing_percentage_rules":[],"tiered_pricing_maximum_quantity":null,"tiered_pricing_quantity_step":null,"_links":{"self":[{"href":"https:\/\/cloudsupplyvapes.com\/es\/wp-json\/wp\/v2\/product\/4182","targetHints":{"allow":["GET"]}}],"collection":[{"href":"https:\/\/cloudsupplyvapes.com\/es\/wp-json\/wp\/v2\/product"}],"about":[{"href":"https:\/\/cloudsupplyvapes.com\/es\/wp-json\/wp\/v2\/types\/product"}],"replies":[{"embeddable":true,"href":"https:\/\/cloudsupplyvapes.com\/es\/wp-json\/wp\/v2\/comments?post=4182"}],"wp:featuredmedia":[{"embeddable":true,"href":"https:\/\/cloudsupplyvapes.com\/es\/wp-json\/wp\/v2\/media\/4507"}],"wp:attachment":[{"href":"https:\/\/cloudsupplyvapes.com\/es\/wp-json\/wp\/v2\/media?parent=4182"}],"wp:term":[{"taxonomy":"product_brand","embeddable":true,"href":"https:\/\/cloudsupplyvapes.com\/es\/wp-json\/wp\/v2\/product_brand?post=4182"},{"taxonomy":"product_cat","embeddable":true,"href":"https:\/\/cloudsupplyvapes.com\/es\/wp-json\/wp\/v2\/product_cat?post=4182"},{"taxonomy":"product_tag","embeddable":true,"href":"https:\/\/cloudsupplyvapes.com\/es\/wp-json\/wp\/v2\/product_tag?post=4182"}],"curies":[{"name":"wp","href":"https:\/\/api.w.org\/{rel}","templated":true}]}}