{"id":4184,"date":"2024-10-19T02:36:29","date_gmt":"2024-10-19T02:36:29","guid":{"rendered":"https:\/\/cloudsupplyvapes.com\/?post_type=product&#038;p=4184"},"modified":"2024-11-26T06:36:02","modified_gmt":"2024-11-26T06:36:02","slug":"-137","status":"publish","type":"product","link":"https:\/\/cloudsupplyvapes.com\/es\/product\/kangvape-onee-stick-2100-puffs-disposable-vape-wholesale\/","title":{"rendered":"KangVape Onee Stick 2100 Puffs Vape desechable al por mayor para principiantes Uso sin complicaciones"},"content":{"rendered":"<h2>KangVape Onee Stick 2100\u00a0Disposable<\/h2>\n<ul class=\"top\">\n<li style=\"list-style-type: none;\">\n<ul class=\"top\">\n<li>Marca: KangVape<\/li>\n<li>Unidad: set<\/li>\n<li>Tipo: Vape desechable<\/li>\n<li>Net Weight: 65(g)<\/li>\n<\/ul>\n<\/li>\n<\/ul>\n<p>El sistema calcular\u00e1 autom\u00e1ticamente los gastos de env\u00edo combinados despu\u00e9s de que elija el destino del env\u00edo en el paso de pago.<\/p>\n<div class=\"title\">KangVape Onee Stick 2100 Disposable INTRODUCTION<\/div>\n<p><b>KangVape Onee Stick 2100 Disposable<\/b> provides you with a convenient and simple way to vape and is designed that require no maintenance, charging, or refilling, you can puff away when finished. It houses a gigantic 1100mAh internal battery to support as many as 2100 puffs each unit. Relying on its 5% synthetic nicotine and 8ml vape juice capacity, it is sure to satisfy your taste due to its plenty of flavor. It also allows you to check your e-juice through its transparent design. Eliminating any button, all you should do is directly vape via the mouthpiece. Small but lightweight, it takes advantage of its premium prefilled e-juice to maximize your vaping experience.<\/p>\n<p class=\"second-title\">Caracter\u00edsticas<\/p>\n<p>\u2022 Require No Maintenance, Charging, Or Refilling<\/p>\n<p>\u2022 Puff Away When Finished<\/p>\n<p>\u2022 1100mAh Internal Battery<\/p>\n<p>\u2022 As many As 2100 Puffs Each Unit<\/p>\n<p>\u2022 5% Synthetic Nicotine<\/p>\n<p>\u2022 8ml Vape Juice Capacity<\/p>\n<p>\u2022 Check Your E-juice<\/p>\n<p>\u2022 Draw-activated Filling Mechanism<\/p>\n<div class=\"title\">KangVape Onee Stick 2100 Disposable SPECIFICATION<\/div>\n<p>Battery: 1100mAh Built-in Battery<\/p>\n<p>E-liquid Capacity: 8ml Pre-filled Juice<\/p>\n<p>Puffs: 2100 Puffs<\/p>\n<p>Nicotine Content: 5%(50mg) Synthetic Nicotine<\/p>\n<p>&nbsp;<\/p>","protected":false},"excerpt":{"rendered":"<p>KangVape Onee Stick 2100 Puffs Disposable Vape Wholesale is beginner-friendly and hassle-free, offering smooth vapor delivery and a lightweight design for effortless use.<\/p>","protected":false},"featured_media":4534,"comment_status":"open","ping_status":"closed","template":"","meta":[],"product_brand":[],"product_cat":[22],"product_tag":[],"class_list":{"0":"post-4184","1":"product","2":"type-product","3":"status-publish","4":"has-post-thumbnail","6":"product_cat-disposable-vape-sticks","8":"first","9":"instock","10":"shipping-taxable","11":"purchasable","12":"product-type-simple"},"jetpack_sharing_enabled":true,"tiered_pricing_type":"fixed","tiered_pricing_fixed_rules":{"1000":10,"10000":9,"50000":8},"tiered_pricing_product_settings":{"layout":"default","base_unit_name":{"singular":null,"plural":null},"default_variation":null},"tiered_pricing_minimum_quantity":100,"tiered_pricing_roles_data":[],"tiered_pricing_percentage_rules":[],"tiered_pricing_maximum_quantity":null,"tiered_pricing_quantity_step":null,"_links":{"self":[{"href":"https:\/\/cloudsupplyvapes.com\/es\/wp-json\/wp\/v2\/product\/4184","targetHints":{"allow":["GET"]}}],"collection":[{"href":"https:\/\/cloudsupplyvapes.com\/es\/wp-json\/wp\/v2\/product"}],"about":[{"href":"https:\/\/cloudsupplyvapes.com\/es\/wp-json\/wp\/v2\/types\/product"}],"replies":[{"embeddable":true,"href":"https:\/\/cloudsupplyvapes.com\/es\/wp-json\/wp\/v2\/comments?post=4184"}],"wp:featuredmedia":[{"embeddable":true,"href":"https:\/\/cloudsupplyvapes.com\/es\/wp-json\/wp\/v2\/media\/4534"}],"wp:attachment":[{"href":"https:\/\/cloudsupplyvapes.com\/es\/wp-json\/wp\/v2\/media?parent=4184"}],"wp:term":[{"taxonomy":"product_brand","embeddable":true,"href":"https:\/\/cloudsupplyvapes.com\/es\/wp-json\/wp\/v2\/product_brand?post=4184"},{"taxonomy":"product_cat","embeddable":true,"href":"https:\/\/cloudsupplyvapes.com\/es\/wp-json\/wp\/v2\/product_cat?post=4184"},{"taxonomy":"product_tag","embeddable":true,"href":"https:\/\/cloudsupplyvapes.com\/es\/wp-json\/wp\/v2\/product_tag?post=4184"}],"curies":[{"name":"wp","href":"https:\/\/api.w.org\/{rel}","templated":true}]}}