{"id":4185,"date":"2024-10-19T02:36:29","date_gmt":"2024-10-19T02:36:29","guid":{"rendered":"https:\/\/cloudsupplyvapes.com\/?post_type=product&#038;p=4185"},"modified":"2024-11-26T06:35:50","modified_gmt":"2024-11-26T06:35:50","slug":"-138","status":"publish","type":"product","link":"https:\/\/cloudsupplyvapes.com\/es\/product\/kangvape-onee-stick-3000-puffs-disposable-vape-wholesale\/","title":{"rendered":"Kangvape Onee Stick 3000 Puffs Vape desechable al por mayor compacto de alta calidad de construcci\u00f3n"},"content":{"rendered":"<h2>Kangvape Onee Stick 3000 Desechable<\/h2>\n<ul class=\"top\">\n<li style=\"list-style-type: none;\">\n<ul class=\"top\">\n<li>Marca: Kangvape<\/li>\n<li>Unidad: set<\/li>\n<li>Tipo: Vape desechable<\/li>\n<li>Peso neto: 67(g)<\/li>\n<\/ul>\n<\/li>\n<\/ul>\n<p>El sistema calcular\u00e1 autom\u00e1ticamente los gastos de env\u00edo combinados despu\u00e9s de que elija el destino del env\u00edo en el paso de pago.<\/p>\n<div class=\"title\">Kangvape Onee Stick 3000 Desechable INTRODUCCI\u00d3N<\/div>\n<p>Comprar en\u00a0<b>Kangvape Onee Stick 3000 Desechable<\/b>\u00a0- una forma c\u00f3moda y sin complicaciones de disfrutar de tu experiencia de vapeo. Con aproximadamente 3000 caladas, este dispositivo desechable es muy potente. Equipado con una bater\u00eda no recargable de 1600mAh, garantiza una experiencia de vapeo de larga duraci\u00f3n. Cada dispositivo viene precargado con 12mL de 50MG (5%) de jugo de nic sal, proporcionando un golpe suave y satisfactorio. Con una concentraci\u00f3n de nicotina de 5%, es perfecto para aquellos que anhelan una dosis de nicotina m\u00e1s fuerte. Su dise\u00f1o compacto y f\u00e1cil de usar lo convierten en una gran opci\u00f3n para vapear sobre la marcha. Con el Kangvape Onee Stick, puedes disfrutar del sabor y la satisfacci\u00f3n de un vaporizador tradicional sin necesidad de complicados montajes o cargas.<\/p>\n<p class=\"second-title\">Caracter\u00edsticas<\/p>\n<p>- Aproximadamente 3000 Puffs<\/p>\n<p>- Bater\u00eda no recargable de 1600 mAh<\/p>\n<p>- 12ML de 50MG (5%) Zumo Salt Nic<\/p>\n<div class=\"disposables-flavor-2\">\n<div class=\"title\">Sabores<\/div>\n<ul>\n<li>Crema de ar\u00e1ndanos<\/li>\n<li>Delicia de tono<\/li>\n<li>Aloe Uva<\/li>\n<li>Crema de fresa<\/li>\n<li>Limonada rosa<\/li>\n<li>Devine<\/li>\n<li>Hielo exuberante<\/li>\n<li>Manzana roja<\/li>\n<li>Crema de sand\u00eda<\/li>\n<li>Tuity Fruity<\/li>\n<li>Helado tropical<\/li>\n<li>Algod\u00f3n de az\u00facar<\/li>\n<li>Menta fresca<\/li>\n<li>Musky<\/li>\n<li>Hielo de manzana \u00e1cida<\/li>\n<li>Brisa amarilla<\/li>\n<li>Hielo Razz Azul<\/li>\n<li>Vintage<\/li>\n<li>Caramelos arco iris<\/li>\n<li>Hielo rojo<\/li>\n<li>Flotador cremoso<\/li>\n<li>Mientras tanto<\/li>\n<\/ul>\n<\/div>","protected":false},"excerpt":{"rendered":"<p>El Kangvape Onee Stick 3000 Puffs Vape Desechable Mayorista combina un dise\u00f1o compacto con materiales de alta calidad, ofreciendo un vapor suave y una experiencia de vapeo premium.<\/p>","protected":false},"featured_media":4543,"comment_status":"open","ping_status":"closed","template":"","meta":[],"product_brand":[],"product_cat":[22],"product_tag":[],"class_list":{"0":"post-4185","1":"product","2":"type-product","3":"status-publish","4":"has-post-thumbnail","6":"product_cat-disposable-vape-sticks","8":"first","9":"instock","10":"shipping-taxable","11":"purchasable","12":"product-type-simple"},"jetpack_sharing_enabled":true,"tiered_pricing_type":"fixed","tiered_pricing_fixed_rules":[],"tiered_pricing_product_settings":{"layout":"default","base_unit_name":{"singular":null,"plural":null},"default_variation":null},"tiered_pricing_minimum_quantity":100,"tiered_pricing_roles_data":[],"tiered_pricing_percentage_rules":[],"tiered_pricing_maximum_quantity":null,"tiered_pricing_quantity_step":null,"_links":{"self":[{"href":"https:\/\/cloudsupplyvapes.com\/es\/wp-json\/wp\/v2\/product\/4185","targetHints":{"allow":["GET"]}}],"collection":[{"href":"https:\/\/cloudsupplyvapes.com\/es\/wp-json\/wp\/v2\/product"}],"about":[{"href":"https:\/\/cloudsupplyvapes.com\/es\/wp-json\/wp\/v2\/types\/product"}],"replies":[{"embeddable":true,"href":"https:\/\/cloudsupplyvapes.com\/es\/wp-json\/wp\/v2\/comments?post=4185"}],"wp:featuredmedia":[{"embeddable":true,"href":"https:\/\/cloudsupplyvapes.com\/es\/wp-json\/wp\/v2\/media\/4543"}],"wp:attachment":[{"href":"https:\/\/cloudsupplyvapes.com\/es\/wp-json\/wp\/v2\/media?parent=4185"}],"wp:term":[{"taxonomy":"product_brand","embeddable":true,"href":"https:\/\/cloudsupplyvapes.com\/es\/wp-json\/wp\/v2\/product_brand?post=4185"},{"taxonomy":"product_cat","embeddable":true,"href":"https:\/\/cloudsupplyvapes.com\/es\/wp-json\/wp\/v2\/product_cat?post=4185"},{"taxonomy":"product_tag","embeddable":true,"href":"https:\/\/cloudsupplyvapes.com\/es\/wp-json\/wp\/v2\/product_tag?post=4185"}],"curies":[{"name":"wp","href":"https:\/\/api.w.org\/{rel}","templated":true}]}}