{"id":4186,"date":"2024-10-19T02:36:29","date_gmt":"2024-10-19T02:36:29","guid":{"rendered":"https:\/\/cloudsupplyvapes.com\/?post_type=product&#038;p=4186"},"modified":"2024-11-26T06:35:40","modified_gmt":"2024-11-26T06:35:40","slug":"-139","status":"publish","type":"product","link":"https:\/\/cloudsupplyvapes.com\/es\/product\/kangvape-onee-stick-5000-puffs-disposable-vape-wholesale\/","title":{"rendered":"Kangvape Onee Stick 5000 Puffs Vape desechable al por mayor Dise\u00f1o ligero a prueba de fugas"},"content":{"rendered":"<h2>Kangvape Onee Stick 5000 caladas desechable<\/h2>\n<ul class=\"top\">\n<li style=\"list-style-type: none;\">\n<ul class=\"top\">\n<li>Marca: KangVape<\/li>\n<li>Unidad: set<\/li>\n<li>Tipo: Vape desechable<\/li>\n<li>Peso neto: 47 (g)<\/li>\n<\/ul>\n<\/li>\n<\/ul>\n<p>El sistema calcular\u00e1 autom\u00e1ticamente los gastos de env\u00edo combinados despu\u00e9s de que elija el destino del env\u00edo en el paso de pago.<\/p>\n<div class=\"title\">Kangvape Onee Stick 5000 caladas desechable INTRODUCCI\u00d3N<\/div>\n<p><b>Kangvape Onee Stick 5000 caladas Kit desechable<\/b> Es una novedad de KangVape, con una enorme capacidad de 18,5 ml de l\u00edquido para vapeo que produce una gran cantidad de vapor, y la sensaci\u00f3n de vapeo aumenta dr\u00e1sticamente gracias a su concentraci\u00f3n de nicotina, lo que garantiza que tanto los principiantes como los expertos puedan vapear durante semanas. Este dispositivo desechable dura 5000 caladas y tiene una gran variedad de sabores para elegir. Sea lo que sea lo que te depare la vida, disfrutar\u00e1s de su extraordinario sabor nada m\u00e1s tenerlo en tus manos.<\/p>\n<p class=\"second-title\">Caracter\u00edsticas<\/p>\n<p>\u2022 Gran capacidad de 18,5 ml para l\u00edquido de vapeo.<\/p>\n<p>\u2022 Dura 5000 caladas.<\/p>\n<div class=\"disposables-flavor-2\">\n<div class=\"title\">Sabores<\/div>\n<ul>\n<li>Aloe Uva<\/li>\n<li>Manzanas<\/li>\n<li>Manzana azul Razz<\/li>\n<li>Hielo de ar\u00e1ndanos<\/li>\n<li>Limonada de cereza<\/li>\n<li>Menta fresca<\/li>\n<li>Bebida energ\u00e9tica<\/li>\n<li>Hielo de guayaba<\/li>\n<li>Ponche de mel\u00f3n<\/li>\n<li>Hielo exuberante<\/li>\n<li>Mel\u00f3n helado<\/li>\n<li>Fruta de la pasi\u00f3n<\/li>\n<li>Algod\u00f3n de az\u00facar de pera<\/li>\n<li>Limonada rosa<\/li>\n<li>Caramelos arco iris<\/li>\n<li>Hielo de manzana \u00e1cida<\/li>\n<li>Menta verde<\/li>\n<li>Fresa<\/li>\n<li>Fresa Mango<\/li>\n<li>Oso delicioso<\/li>\n<li>Blue Razz Ice (NUEVO)<\/li>\n<\/ul>\n<\/div>","protected":false},"excerpt":{"rendered":"<p>El vaporizador desechable Kangvape Onee Stick 5000 Puffs al por mayor cuenta con un dise\u00f1o a prueba de fugas, una estructura ligera y un suministro constante de vapor para una experiencia de vapeo sin complicaciones y duradera.<\/p>","protected":false},"featured_media":4558,"comment_status":"open","ping_status":"closed","template":"","meta":[],"product_brand":[],"product_cat":[22],"product_tag":[],"class_list":{"0":"post-4186","1":"product","2":"type-product","3":"status-publish","4":"has-post-thumbnail","6":"product_cat-disposable-vape-sticks","8":"first","9":"instock","10":"shipping-taxable","11":"purchasable","12":"product-type-simple"},"jetpack_sharing_enabled":true,"tiered_pricing_type":"fixed","tiered_pricing_fixed_rules":[],"tiered_pricing_product_settings":{"layout":"default","base_unit_name":{"singular":null,"plural":null},"default_variation":null},"tiered_pricing_minimum_quantity":100,"tiered_pricing_roles_data":[],"tiered_pricing_percentage_rules":[],"tiered_pricing_maximum_quantity":null,"tiered_pricing_quantity_step":null,"_links":{"self":[{"href":"https:\/\/cloudsupplyvapes.com\/es\/wp-json\/wp\/v2\/product\/4186","targetHints":{"allow":["GET"]}}],"collection":[{"href":"https:\/\/cloudsupplyvapes.com\/es\/wp-json\/wp\/v2\/product"}],"about":[{"href":"https:\/\/cloudsupplyvapes.com\/es\/wp-json\/wp\/v2\/types\/product"}],"replies":[{"embeddable":true,"href":"https:\/\/cloudsupplyvapes.com\/es\/wp-json\/wp\/v2\/comments?post=4186"}],"wp:featuredmedia":[{"embeddable":true,"href":"https:\/\/cloudsupplyvapes.com\/es\/wp-json\/wp\/v2\/media\/4558"}],"wp:attachment":[{"href":"https:\/\/cloudsupplyvapes.com\/es\/wp-json\/wp\/v2\/media?parent=4186"}],"wp:term":[{"taxonomy":"product_brand","embeddable":true,"href":"https:\/\/cloudsupplyvapes.com\/es\/wp-json\/wp\/v2\/product_brand?post=4186"},{"taxonomy":"product_cat","embeddable":true,"href":"https:\/\/cloudsupplyvapes.com\/es\/wp-json\/wp\/v2\/product_cat?post=4186"},{"taxonomy":"product_tag","embeddable":true,"href":"https:\/\/cloudsupplyvapes.com\/es\/wp-json\/wp\/v2\/product_tag?post=4186"}],"curies":[{"name":"wp","href":"https:\/\/api.w.org\/{rel}","templated":true}]}}