{"id":4188,"date":"2024-10-19T02:36:29","date_gmt":"2024-10-19T02:36:29","guid":{"rendered":"https:\/\/cloudsupplyvapes.com\/?post_type=product&#038;p=4188"},"modified":"2024-11-26T06:35:17","modified_gmt":"2024-11-26T06:35:17","slug":"-141","status":"publish","type":"product","link":"https:\/\/cloudsupplyvapes.com\/es\/product\/kangvape-onee-max-3500-puffs-disposable-vape-wholesale\/","title":{"rendered":"KangVape Onee Max 3500 Puffs Vape desechable al por mayor de alta capacidad de construcci\u00f3n duradera"},"content":{"rendered":"<h2>KangVape Onee Max Desechable<\/h2>\n<ul class=\"top\">\n<li style=\"list-style-type: none;\">\n<ul class=\"top\">\n<li>Marca: KangVape<\/li>\n<li>Unidad: set<\/li>\n<li>Tipo: Vape desechable<\/li>\n<li>Peso neto: 43 g<\/li>\n<\/ul>\n<\/li>\n<\/ul>\n<p>El sistema calcular\u00e1 autom\u00e1ticamente los gastos de env\u00edo combinados despu\u00e9s de que elija el destino del env\u00edo en el paso de pago.<\/p>\n<div class=\"title\">KangVape Onee Max Desechable INTRODUCCI\u00d3N<\/div>\n<p><b>KangVape Onee Max Desechable<\/b> viene con 13,5 ml de jugo de vape, una potente bater\u00eda incorporada de 1250mAh, y puede satisfacer alrededor de 3500 caladas en total. Gracias a la bater\u00eda de gran alcance, usted puede estar libre de recarga repetida. Cada calada es tan sabrosa como la primera. 50mg de nicotina se a\u00f1ade al jugo de vape. El golpe de nicotina es satisfactorio pero no irritante. 3500 caladas de fruta fresca es emocionante. Tanto los nuevos vapeadores como los experimentados pueden entretenerse con KangVape Onee Max.<\/p>\n<p class=\"second-title\">Caracter\u00edsticas<\/p>\n<p>- Vape Juice precargado de 13,5 ml<\/p>\n<p>- 3500 Puffs Cada Kit<\/p>\n<p>- Bater\u00eda integrada de 1250 mAh<\/p>\n<p>- 5% Sal Nivel de nicotina<\/p>\n<p class=\"second-title\">KangVape Onee Max 3500puffs Sabores<\/p>\n<p>Arctic Devine<br \/>\nHielo Artic Lush<br \/>\nManzana Azul Razz Frezze<br \/>\nLimonada rosa helada<br \/>\nMentol<br \/>\nVainilla cremosa fr\u00eda<br \/>\nDelicia de melocot\u00f3n \u00e1rtico<br \/>\nPi\u00f1a Colada helada<\/p>\n<p><a href=\"https:\/\/i0.wp.com\/shop.vape.hk\/wp-content\/uploads\/2023\/10\/Onee_Max_3500_1.jpg?ssl=1\" target=\"_blank\" rel=\"noopener\"><img data-recalc-dims=\"1\" loading=\"lazy\" decoding=\"async\" class=\"alignnone size-full wp-image-124152\" src=\"https:\/\/i0.wp.com\/shop.vape.hk\/wp-content\/uploads\/2023\/10\/Onee_Max_3500_1.jpg?resize=900%2C900&#038;ssl=1\" alt=\"KangVape Onee Max 3500 Puffs Vape Desechable | Venta al por mayor\" width=\"900\" height=\"900\" title=\"\"><\/a> <a href=\"https:\/\/i0.wp.com\/shop.vape.hk\/wp-content\/uploads\/2023\/10\/049820a5-a05d-47a1-9c64-a2d665701ca7.jpg?ssl=1\" target=\"_blank\" rel=\"noopener\"><img data-recalc-dims=\"1\" loading=\"lazy\" decoding=\"async\" class=\"alignnone size-full wp-image-124151\" src=\"https:\/\/i0.wp.com\/shop.vape.hk\/wp-content\/uploads\/2023\/10\/049820a5-a05d-47a1-9c64-a2d665701ca7.jpg?resize=1020%2C574&#038;ssl=1\" alt=\"KangVape Onee Max 3500 Puffs Vape Desechable | Venta al por mayor\" width=\"1020\" height=\"574\" title=\"\"><\/a><\/p>","protected":false},"excerpt":{"rendered":"<p>KangVape Onee Max 3500 Puffs Vape desechable al por mayor combina una alta capacidad con una construcci\u00f3n duradera, lo que garantiza un rendimiento constante y suaves golpes de garganta para largas sesiones de vapeo.<\/p>","protected":false},"featured_media":4573,"comment_status":"open","ping_status":"closed","template":"","meta":[],"product_brand":[],"product_cat":[22],"product_tag":[],"class_list":{"0":"post-4188","1":"product","2":"type-product","3":"status-publish","4":"has-post-thumbnail","6":"product_cat-disposable-vape-sticks","8":"first","9":"instock","10":"shipping-taxable","11":"purchasable","12":"product-type-simple"},"jetpack_sharing_enabled":true,"tiered_pricing_type":"fixed","tiered_pricing_fixed_rules":{"1000":7,"10000":6,"50000":5},"tiered_pricing_product_settings":{"layout":"default","base_unit_name":{"singular":null,"plural":null},"default_variation":null},"tiered_pricing_minimum_quantity":null,"tiered_pricing_roles_data":[],"tiered_pricing_percentage_rules":[],"tiered_pricing_maximum_quantity":null,"tiered_pricing_quantity_step":null,"_links":{"self":[{"href":"https:\/\/cloudsupplyvapes.com\/es\/wp-json\/wp\/v2\/product\/4188","targetHints":{"allow":["GET"]}}],"collection":[{"href":"https:\/\/cloudsupplyvapes.com\/es\/wp-json\/wp\/v2\/product"}],"about":[{"href":"https:\/\/cloudsupplyvapes.com\/es\/wp-json\/wp\/v2\/types\/product"}],"replies":[{"embeddable":true,"href":"https:\/\/cloudsupplyvapes.com\/es\/wp-json\/wp\/v2\/comments?post=4188"}],"wp:featuredmedia":[{"embeddable":true,"href":"https:\/\/cloudsupplyvapes.com\/es\/wp-json\/wp\/v2\/media\/4573"}],"wp:attachment":[{"href":"https:\/\/cloudsupplyvapes.com\/es\/wp-json\/wp\/v2\/media?parent=4188"}],"wp:term":[{"taxonomy":"product_brand","embeddable":true,"href":"https:\/\/cloudsupplyvapes.com\/es\/wp-json\/wp\/v2\/product_brand?post=4188"},{"taxonomy":"product_cat","embeddable":true,"href":"https:\/\/cloudsupplyvapes.com\/es\/wp-json\/wp\/v2\/product_cat?post=4188"},{"taxonomy":"product_tag","embeddable":true,"href":"https:\/\/cloudsupplyvapes.com\/es\/wp-json\/wp\/v2\/product_tag?post=4188"}],"curies":[{"name":"wp","href":"https:\/\/api.w.org\/{rel}","templated":true}]}}