{"id":4317,"date":"2024-10-19T02:36:50","date_gmt":"2024-10-19T02:36:50","guid":{"rendered":"https:\/\/cloudsupplyvapes.com\/?post_type=product&#038;p=4317"},"modified":"2024-11-26T06:35:05","modified_gmt":"2024-11-26T06:35:05","slug":"-142","status":"publish","type":"product","link":"https:\/\/cloudsupplyvapes.com\/es\/product\/kangvape-onee-stick-1900-puffs-disposable-vape-wholesale\/","title":{"rendered":"Kangvape Onee Stick 1900 Puffs Vape desechable al por mayor Vape compacto para principiantes"},"content":{"rendered":"<h2>Kangvape Onee Stick Kit desechable<\/h2>\n<ul class=\"top\">\n<li>Marca: Kangvape<\/li>\n<li>Unidad: set<\/li>\n<li>Tipo: Kit de Vape desechable<\/li>\n<li>Peso neto: 58(g)<\/li>\n<\/ul>\n<p>El sistema calcular\u00e1 autom\u00e1ticamente los gastos de env\u00edo combinados despu\u00e9s de que elija el destino del env\u00edo en el paso de pago.<\/p>\n<div class=\"title\">INTRODUCCI\u00d3N<\/div>\n<p><b>Kangvape Onee Stick Desechable<\/b> es un dispositivo de vapeo compacto, c\u00f3modo y f\u00e1cil de usar dise\u00f1ado para fumadores que buscan una alternativa a los cigarrillos tradicionales. Con una bater\u00eda incorporada de 1200mAh y e-l\u00edquido precargado de 7,0ml o 7,5ml, el dispositivo ofrece aproximadamente 1900 caladas o 2000 caladas, lo que equivale a varios paquetes de cigarrillos. El e-l\u00edquido utilizado en el dispositivo es 5.0% sal nic en peso, proporcionando una experiencia vaping suave y satisfactoria. El dispositivo cuenta con un mecanismo de activaci\u00f3n por aspiraci\u00f3n, por lo que es f\u00e1cil de usar, ya que basta con dar una calada para activarlo. No hay necesidad de llenar, cargar o mantener el dispositivo, por lo que es una opci\u00f3n ideal para los vapers ocupados y on-the-go. El Kangvape Onee Stick viene en varios sabores afrutados frescos y es compacto, ligero y port\u00e1til, por lo que es f\u00e1cil de llevar donde quiera que vaya. Si usted es un fumador en busca de una alternativa conveniente y satisfactoria o un vaper experimentado en busca de un nuevo sabor para probar, el Kangvape Onee Stick desechable Vape Kit es una excelente opci\u00f3n.<\/p>\n<p class=\"second-title\">Caracter\u00edsticas<\/p>\n<p>- Aproximadamente 1900 inhalaciones por dispositivo<\/p>\n<p>- 5.0% (50MG) Sal Nic en peso<\/p>\n<p>- E-l\u00edquido precargado de 7,0 ml por dispositivo<\/p>\n<p>- Bater\u00eda interna de 1200 mAh<\/p>\n<p>- Mecanismo activado por dibujo<\/p>\n<p>- Precargado: basta con soplar en el dispositivo para activarlo<\/p>\n<p>- Sin rellenar, sin cargar y sin mantenimiento<\/p>\n<p>- Compacto, ligero y port\u00e1til<\/p>\n<p>- Varios sabores de fruta fresca<\/p>\n<div class=\"disposables-flavor-2\">\n<div class=\"title\">Sabores<\/div>\n<ul>\n<li>Pitchy Delight (melocot\u00f3n helado)<\/li>\n<li>Hielo exuberante<\/li>\n<li>Musky (Hielo de guayaba)<\/li>\n<li>Nube Azul (Ar\u00e1ndano Lim\u00f3n)<\/li>\n<li>Hielo rojo (Hielo de fresa)<\/li>\n<li>Devine (bebida energ\u00e9tica)<\/li>\n<li>Hielo Razz Azul<\/li>\n<li>Frutas variadas<\/li>\n<li>Vintage (Hielo de uva)<\/li>\n<li>Fanta (refresco de naranja)<\/li>\n<li>Natillas cl\u00e1sicas (Pl\u00e1tano helado)<\/li>\n<li>Flotador cremoso (Cola Ice)<\/li>\n<li>Helado tropical (Mango Ice)<\/li>\n<li>Menta fresca<\/li>\n<li>Yellow Breeze (Pi\u00f1a helada)<\/li>\n<li>Mientras tanto (Melon Ice)<\/li>\n<li>Banberry (helado de fresa y pl\u00e1tano)<\/li>\n<\/ul>\n<p><a href=\"https:\/\/i0.wp.com\/shop.vape.hk\/wp-content\/uploads\/2023\/10\/kangvape-onee-stick-disposable12.jpeg?ssl=1\" target=\"_blank\" rel=\"noopener\"><img data-recalc-dims=\"1\" loading=\"lazy\" decoding=\"async\" class=\"alignnone size-full wp-image-124154\" src=\"https:\/\/i0.wp.com\/shop.vape.hk\/wp-content\/uploads\/2023\/10\/kangvape-onee-stick-disposable12.jpeg?resize=1000%2C415&#038;ssl=1\" alt=\"\" width=\"1000\" height=\"415\" title=\"\"><\/a><\/p>\n<\/div>","protected":false},"excerpt":{"rendered":"<p>El Kangvape Onee Stick 1900 Puffs Vape desechable al por mayor es compacto y para principiantes, con un funcionamiento sin problemas y una salida de vapor consistente para un uso f\u00e1cil y agradable.<\/p>","protected":false},"featured_media":4585,"comment_status":"open","ping_status":"closed","template":"","meta":[],"product_brand":[],"product_cat":[22],"product_tag":[],"class_list":{"0":"post-4317","1":"product","2":"type-product","3":"status-publish","4":"has-post-thumbnail","6":"product_cat-disposable-vape-sticks","8":"first","9":"instock","10":"shipping-taxable","11":"purchasable","12":"product-type-simple"},"jetpack_sharing_enabled":true,"tiered_pricing_type":"fixed","tiered_pricing_fixed_rules":{"1000":6,"10000":6,"50000":4},"tiered_pricing_product_settings":{"layout":"default","base_unit_name":{"singular":null,"plural":null},"default_variation":null},"tiered_pricing_minimum_quantity":100,"tiered_pricing_roles_data":[],"tiered_pricing_percentage_rules":[],"tiered_pricing_maximum_quantity":null,"tiered_pricing_quantity_step":null,"_links":{"self":[{"href":"https:\/\/cloudsupplyvapes.com\/es\/wp-json\/wp\/v2\/product\/4317","targetHints":{"allow":["GET"]}}],"collection":[{"href":"https:\/\/cloudsupplyvapes.com\/es\/wp-json\/wp\/v2\/product"}],"about":[{"href":"https:\/\/cloudsupplyvapes.com\/es\/wp-json\/wp\/v2\/types\/product"}],"replies":[{"embeddable":true,"href":"https:\/\/cloudsupplyvapes.com\/es\/wp-json\/wp\/v2\/comments?post=4317"}],"wp:featuredmedia":[{"embeddable":true,"href":"https:\/\/cloudsupplyvapes.com\/es\/wp-json\/wp\/v2\/media\/4585"}],"wp:attachment":[{"href":"https:\/\/cloudsupplyvapes.com\/es\/wp-json\/wp\/v2\/media?parent=4317"}],"wp:term":[{"taxonomy":"product_brand","embeddable":true,"href":"https:\/\/cloudsupplyvapes.com\/es\/wp-json\/wp\/v2\/product_brand?post=4317"},{"taxonomy":"product_cat","embeddable":true,"href":"https:\/\/cloudsupplyvapes.com\/es\/wp-json\/wp\/v2\/product_cat?post=4317"},{"taxonomy":"product_tag","embeddable":true,"href":"https:\/\/cloudsupplyvapes.com\/es\/wp-json\/wp\/v2\/product_tag?post=4317"}],"curies":[{"name":"wp","href":"https:\/\/api.w.org\/{rel}","templated":true}]}}