{"id":4318,"date":"2024-10-19T02:36:51","date_gmt":"2024-10-19T02:36:51","guid":{"rendered":"https:\/\/cloudsupplyvapes.com\/?post_type=product&#038;p=4318"},"modified":"2024-11-26T06:34:54","modified_gmt":"2024-11-26T06:34:54","slug":"-143","status":"publish","type":"product","link":"https:\/\/cloudsupplyvapes.com\/es\/product\/kangvape-onee-stick-yibla-6500-puffs-disposable-vape-wholesale\/","title":{"rendered":"Kangvape Onee Stick Yibla 6500 Puffs Vape desechable al por mayor Dise\u00f1o ligero de larga duraci\u00f3n"},"content":{"rendered":"<h2>Kangvape Yibla Vape desechable<\/h2>\n<ul class=\"top\">\n<li style=\"list-style-type: none;\">\n<ul class=\"top\">\n<li>Marca:\u00a0<b>Kangvape<\/b><\/li>\n<li>Unidad: set<\/li>\n<li>Tipo:\u00a0<b>Vape desechable<\/b><\/li>\n<li>Peso neto: 70(g)<\/li>\n<\/ul>\n<\/li>\n<\/ul>\n<p>El sistema calcular\u00e1 autom\u00e1ticamente los gastos de env\u00edo combinados despu\u00e9s de que elija el destino del env\u00edo en el paso de pago.<\/p>\n<div class=\"title\">Kangvape Yibla Vape Desechable INTRODUCCI\u00d3N<\/div>\n<p><b>Kangvape Yibla Vape desechable<\/b> contiene 22ml de zumo de vape precargado, una bater\u00eda recargable de 650mAh y una bobina de malla. Yibla puede satisfacer hasta 6500 caladas debido a la gran capacidad de jugo de vape. Color que cambia gradualmente se utiliza para decorar la c\u00e1scara. Yibla es duradero tambi\u00e9n debido a su dise\u00f1o especial. Una bobina de malla proporciona el mejor sabor en cada calada. Adem\u00e1s, el jugo de vape viene con un mont\u00f3n de sabores. La amplia gama de opciones de sabor puede satisfacer diferentes necesidades.<\/p>\n<p class=\"second-title\">Caracter\u00edsticas<\/p>\n<p>- E-l\u00edquido precargado de 22 ml<\/p>\n<p>- 5%(50mg) Potencia de nicotina<\/p>\n<p>- Bater\u00eda recargable de 650 mAh<\/p>\n<p>- Bobina de malla<\/p>\n<p>- Puerto Tipo-C (no incluido)<\/p>\n<p>- Aproximadamente 6500 Puffs<\/p>\n<p>- Activado por sorteo<\/p>\n<p>- MTL Vaping<\/p>\n<p><a href=\"https:\/\/i0.wp.com\/shop.vape.hk\/wp-content\/uploads\/2023\/10\/87c8389b-08f7-469f-839e-c47dd4a9043e.jpg?ssl=1\" target=\"_blank\" rel=\"noopener\"><img data-recalc-dims=\"1\" loading=\"lazy\" decoding=\"async\" class=\"alignnone size-full wp-image-124181\" src=\"https:\/\/i0.wp.com\/shop.vape.hk\/wp-content\/uploads\/2023\/10\/87c8389b-08f7-469f-839e-c47dd4a9043e.jpg?resize=600%2C600&#038;ssl=1\" alt=\"Kangvape Onee Stick Yibla 6500 Puffs Vape Desechable | Venta al por mayor\" width=\"600\" height=\"600\" title=\"\"><\/a> <a href=\"https:\/\/i0.wp.com\/shop.vape.hk\/wp-content\/uploads\/2023\/10\/2.1__99238.jpg?ssl=1\" target=\"_blank\" rel=\"noopener\"><img data-recalc-dims=\"1\" loading=\"lazy\" decoding=\"async\" class=\"alignnone size-full wp-image-124180\" src=\"https:\/\/i0.wp.com\/shop.vape.hk\/wp-content\/uploads\/2023\/10\/2.1__99238.jpg?resize=1020%2C1020&#038;ssl=1\" alt=\"Kangvape Onee Stick Yibla 6500 Puffs Vape Desechable | Venta al por mayor\" width=\"1020\" height=\"1020\" title=\"\"><\/a><\/p>","protected":false},"excerpt":{"rendered":"<p>Kangvape Onee Stick Yibla 6500 Puffs Vape desechable al por mayor ofrece un rendimiento de larga duraci\u00f3n, construcci\u00f3n ligera, y la salida de vapor suave para una experiencia vaping satisfactoria y port\u00e1til.<\/p>","protected":false},"featured_media":4609,"comment_status":"open","ping_status":"closed","template":"","meta":[],"product_brand":[],"product_cat":[22],"product_tag":[],"class_list":{"0":"post-4318","1":"product","2":"type-product","3":"status-publish","4":"has-post-thumbnail","6":"product_cat-disposable-vape-sticks","8":"first","9":"instock","10":"shipping-taxable","11":"purchasable","12":"product-type-simple"},"jetpack_sharing_enabled":true,"tiered_pricing_type":"fixed","tiered_pricing_fixed_rules":{"1000":13,"10000":12,"50000":11},"tiered_pricing_product_settings":{"layout":"default","base_unit_name":{"singular":null,"plural":null},"default_variation":null},"tiered_pricing_minimum_quantity":100,"tiered_pricing_roles_data":[],"tiered_pricing_percentage_rules":[],"tiered_pricing_maximum_quantity":null,"tiered_pricing_quantity_step":null,"_links":{"self":[{"href":"https:\/\/cloudsupplyvapes.com\/es\/wp-json\/wp\/v2\/product\/4318","targetHints":{"allow":["GET"]}}],"collection":[{"href":"https:\/\/cloudsupplyvapes.com\/es\/wp-json\/wp\/v2\/product"}],"about":[{"href":"https:\/\/cloudsupplyvapes.com\/es\/wp-json\/wp\/v2\/types\/product"}],"replies":[{"embeddable":true,"href":"https:\/\/cloudsupplyvapes.com\/es\/wp-json\/wp\/v2\/comments?post=4318"}],"wp:featuredmedia":[{"embeddable":true,"href":"https:\/\/cloudsupplyvapes.com\/es\/wp-json\/wp\/v2\/media\/4609"}],"wp:attachment":[{"href":"https:\/\/cloudsupplyvapes.com\/es\/wp-json\/wp\/v2\/media?parent=4318"}],"wp:term":[{"taxonomy":"product_brand","embeddable":true,"href":"https:\/\/cloudsupplyvapes.com\/es\/wp-json\/wp\/v2\/product_brand?post=4318"},{"taxonomy":"product_cat","embeddable":true,"href":"https:\/\/cloudsupplyvapes.com\/es\/wp-json\/wp\/v2\/product_cat?post=4318"},{"taxonomy":"product_tag","embeddable":true,"href":"https:\/\/cloudsupplyvapes.com\/es\/wp-json\/wp\/v2\/product_tag?post=4318"}],"curies":[{"name":"wp","href":"https:\/\/api.w.org\/{rel}","templated":true}]}}