{"id":4319,"date":"2024-10-19T02:36:51","date_gmt":"2024-10-19T02:36:51","guid":{"rendered":"https:\/\/cloudsupplyvapes.com\/?post_type=product&#038;p=4319"},"modified":"2024-11-26T06:32:46","modified_gmt":"2024-11-26T06:32:46","slug":"-144","status":"publish","type":"product","link":"https:\/\/cloudsupplyvapes.com\/es\/product\/kangvape-onee-stick-5500-puffs-rechargeable-disposable-vape-wholesale\/","title":{"rendered":"Kangvape Onee Stick 5500 Puffs Recargable Vape Desechable al por mayor de larga duraci\u00f3n de carga r\u00e1pida de dise\u00f1o"},"content":{"rendered":"<h2>Kangvape Onee Stick 5500 Desechable<\/h2>\n<ul class=\"top\">\n<li style=\"list-style-type: none;\">\n<ul class=\"top\">\n<li>Marca: Kangvape<\/li>\n<li>Unidad: set<\/li>\n<li>Tipo: Vape desechable<\/li>\n<li>Peso neto: 70(g)<\/li>\n<\/ul>\n<\/li>\n<\/ul>\n<p>El sistema calcular\u00e1 autom\u00e1ticamente los gastos de env\u00edo combinados despu\u00e9s de que elija el destino del env\u00edo en el paso de pago.<\/p>\n<div class=\"title\">Kangvape Onee Stick 5500 Desechable INTRODUCCI\u00d3N<\/div>\n<p><b>Kangvape Onee Stick 5500 Desechable<\/b>\u00a0La bater\u00eda interna de 2000mAh es recargable, no tiene bot\u00f3n de encendido o ajustes complicados, y es alimentado por una activaci\u00f3n de inhalaci\u00f3n. Viene con una potencia de nicotina de 5%(50mg) y una bobina de malla para una experiencia de vapeo satisfactoria. El bol\u00edgrafo desechable es extremadamente port\u00e1til y pr\u00e1ctico, lo que lo convierte en un compa\u00f1ero de viaje ideal.<\/p>\n<p class=\"second-title\">Caracter\u00edsticas<\/p>\n<p>- 5500 Puffs<\/p>\n<p>- Capacidad de 18,5 ml<\/p>\n<p>- 5%(50mg) Potencia de nicotina<\/p>\n<p>- Bater\u00eda integrada de 2000 mAh<\/p>\n<p>- Recargable<\/p>\n<p>- Bobina de malla<\/p>\n<p>- MTL Sorteo<\/p>\n<p>- Activado por dibujo<\/p>\n<div class=\"title\">Kangvape Onee Stick 5500 Desechable ESPECIFICACI\u00d3N<\/div>\n<p>Bocanadas: Hasta 5500<\/p>\n<p>Capacidad del Pod: 18.5ml<\/p>\n<p>Nicotina: 5%(50mg)<\/p>\n<p>Tipo de nicotina: Nic Sal<\/p>\n<p>Capacidad de la bater\u00eda: 2000 mAh<\/p>\n<p>Puerto de carga: USB-C<\/p>\n<p>Bobina: Bobina de malla<\/p>\n<p>Mecanismo de disparo: Activado por extracci\u00f3n<\/p>\n<p>&nbsp;<\/p>\n<p>Sabores:<\/p>\n<p>Manzana Azul Razz Freeze<\/p>\n<p>Azul \u00c1rtico Razz<\/p>\n<p>Exuberante hielo \u00e1rtico<\/p>\n<p>Delicia de melocot\u00f3n \u00e1rtico<\/p>\n<p>Pi\u00f1a colada \u00e1rtica<\/p>\n<p>Ar\u00e1ndanos congelados<\/p>\n<p>Caf\u00e9 de vainilla franc\u00e9s<\/p>\n<p>Manzana verde congelada<\/p>\n<p>Mentol<\/p>\n<p>Caf\u00e9 con leche y t\u00e9<\/p>\n<p>Menta helada<\/p>\n<p>Oc\u00e9ano Rojo Congelado<\/p>\n<p>Crema de fresa<\/p>\n<p>Fresa Kiwi Congelado<\/p>\n<p>Mandarina helada<\/p>\n<p>Vintage<\/p>\n<p>Tabaco de Virginia<\/p>\n<p>&nbsp;<\/p>","protected":false},"excerpt":{"rendered":"<p>Kangvape Onee Stick 5500 Puffs Recargable Vape Desechable al por mayor combina un rendimiento de larga duraci\u00f3n con una carga r\u00e1pida, lo que garantiza una experiencia de vapeo suave y conveniente.<\/p>","protected":false},"featured_media":4615,"comment_status":"open","ping_status":"closed","template":"","meta":[],"product_brand":[],"product_cat":[22],"product_tag":[],"class_list":{"0":"post-4319","1":"product","2":"type-product","3":"status-publish","4":"has-post-thumbnail","6":"product_cat-disposable-vape-sticks","8":"first","9":"instock","10":"shipping-taxable","11":"purchasable","12":"product-type-simple"},"jetpack_sharing_enabled":true,"tiered_pricing_type":"fixed","tiered_pricing_fixed_rules":{"1000":11,"10000":10,"50000":9},"tiered_pricing_product_settings":{"layout":"default","base_unit_name":{"singular":null,"plural":null},"default_variation":null},"tiered_pricing_minimum_quantity":100,"tiered_pricing_roles_data":[],"tiered_pricing_percentage_rules":[],"tiered_pricing_maximum_quantity":null,"tiered_pricing_quantity_step":null,"_links":{"self":[{"href":"https:\/\/cloudsupplyvapes.com\/es\/wp-json\/wp\/v2\/product\/4319","targetHints":{"allow":["GET"]}}],"collection":[{"href":"https:\/\/cloudsupplyvapes.com\/es\/wp-json\/wp\/v2\/product"}],"about":[{"href":"https:\/\/cloudsupplyvapes.com\/es\/wp-json\/wp\/v2\/types\/product"}],"replies":[{"embeddable":true,"href":"https:\/\/cloudsupplyvapes.com\/es\/wp-json\/wp\/v2\/comments?post=4319"}],"wp:featuredmedia":[{"embeddable":true,"href":"https:\/\/cloudsupplyvapes.com\/es\/wp-json\/wp\/v2\/media\/4615"}],"wp:attachment":[{"href":"https:\/\/cloudsupplyvapes.com\/es\/wp-json\/wp\/v2\/media?parent=4319"}],"wp:term":[{"taxonomy":"product_brand","embeddable":true,"href":"https:\/\/cloudsupplyvapes.com\/es\/wp-json\/wp\/v2\/product_brand?post=4319"},{"taxonomy":"product_cat","embeddable":true,"href":"https:\/\/cloudsupplyvapes.com\/es\/wp-json\/wp\/v2\/product_cat?post=4319"},{"taxonomy":"product_tag","embeddable":true,"href":"https:\/\/cloudsupplyvapes.com\/es\/wp-json\/wp\/v2\/product_tag?post=4319"}],"curies":[{"name":"wp","href":"https:\/\/api.w.org\/{rel}","templated":true}]}}