{"id":4321,"date":"2024-10-19T02:36:51","date_gmt":"2024-10-19T02:36:51","guid":{"rendered":"https:\/\/cloudsupplyvapes.com\/?post_type=product&#038;p=4321"},"modified":"2024-11-26T06:32:19","modified_gmt":"2024-11-26T06:32:19","slug":"-146","status":"publish","type":"product","link":"https:\/\/cloudsupplyvapes.com\/es\/product\/ebdesign-pi9000-puffs-disposable-vape-wholesale\/","title":{"rendered":"EBDESIGN Pi9000 Puffs Vape desechable al por mayor Dise\u00f1o de flujo de aire ajustable de alta capacidad"},"content":{"rendered":"<h2>EBDESIGN Pi9000 Disposable Vape<\/h2>\n<ul class=\"top\">\n<li style=\"list-style-type: none;\">\n<ul class=\"top\">\n<li>Marca:\u00a0<b>EBDESIGN<\/b><\/li>\n<li>Unidad: set<\/li>\n<li>Tipo:\u00a0<b>Vape desechable<\/b><\/li>\n<li>Peso neto: 90(g)<\/li>\n<\/ul>\n<\/li>\n<\/ul>\n<p>El sistema calcular\u00e1 autom\u00e1ticamente los gastos de env\u00edo combinados despu\u00e9s de que elija el destino del env\u00edo en el paso de pago.<\/p>\n<div class=\"title\">EBDESIGN Pi9000 Disposable Vape INTRODUCTION<\/div>\n<p><b>EBDESIGN Pi9000 Disposable Vape<\/b> comes with 19ml pre-filled vape juice, a powerful rechargeable 650mAh battery, and a mesh coil, and can offer up to 9000 puffs in total. Shaped like a tiny pillow, EBDESIGN Pi9000 ensures each puff is smooth and soft. You can enjoy strong nicotine hits thanks to the 50mg of nicotine in the vape juice. Moreover, there are two indicator lights at your service. You can check the battery life as well as the liquid level easily. EBDESIGN Pi9000 is your best choice for daily vaping.<\/p>\n<p class=\"second-title\">Caracter\u00edsticas<\/p>\n<p>- Vape Juice precargado de 19 ml<\/p>\n<p>- 5%(50mg) Sal de Nic<\/p>\n<p>- Bater\u00eda recargable de 650 mAh<\/p>\n<p>- Puerto USB-C<\/p>\n<p>- Aproximadamente 9000 Puffs<\/p>\n<p>- Bobina de malla<\/p>\n<p>- Activado por sorteo<\/p>\n<p>- Indicadores de l\u00edquido y bater\u00eda<\/p>","protected":false},"excerpt":{"rendered":"<p>EBDESIGN Pi9000 Puffs Disposable Vape Wholesale features high capacity, adjustable airflow, and consistent vapor output, providing a customizable and premium vaping experience.<\/p>","protected":false},"featured_media":4633,"comment_status":"open","ping_status":"closed","template":"","meta":[],"product_brand":[],"product_cat":[22],"product_tag":[],"class_list":{"0":"post-4321","1":"product","2":"type-product","3":"status-publish","4":"has-post-thumbnail","6":"product_cat-disposable-vape-sticks","8":"first","9":"instock","10":"shipping-taxable","11":"purchasable","12":"product-type-simple"},"jetpack_sharing_enabled":true,"tiered_pricing_type":"fixed","tiered_pricing_fixed_rules":{"1000":19,"10000":17,"50000":15},"tiered_pricing_product_settings":{"layout":"default","base_unit_name":{"singular":null,"plural":null},"default_variation":null},"tiered_pricing_minimum_quantity":103,"tiered_pricing_roles_data":[],"tiered_pricing_percentage_rules":[],"tiered_pricing_maximum_quantity":null,"tiered_pricing_quantity_step":null,"_links":{"self":[{"href":"https:\/\/cloudsupplyvapes.com\/es\/wp-json\/wp\/v2\/product\/4321","targetHints":{"allow":["GET"]}}],"collection":[{"href":"https:\/\/cloudsupplyvapes.com\/es\/wp-json\/wp\/v2\/product"}],"about":[{"href":"https:\/\/cloudsupplyvapes.com\/es\/wp-json\/wp\/v2\/types\/product"}],"replies":[{"embeddable":true,"href":"https:\/\/cloudsupplyvapes.com\/es\/wp-json\/wp\/v2\/comments?post=4321"}],"wp:featuredmedia":[{"embeddable":true,"href":"https:\/\/cloudsupplyvapes.com\/es\/wp-json\/wp\/v2\/media\/4633"}],"wp:attachment":[{"href":"https:\/\/cloudsupplyvapes.com\/es\/wp-json\/wp\/v2\/media?parent=4321"}],"wp:term":[{"taxonomy":"product_brand","embeddable":true,"href":"https:\/\/cloudsupplyvapes.com\/es\/wp-json\/wp\/v2\/product_brand?post=4321"},{"taxonomy":"product_cat","embeddable":true,"href":"https:\/\/cloudsupplyvapes.com\/es\/wp-json\/wp\/v2\/product_cat?post=4321"},{"taxonomy":"product_tag","embeddable":true,"href":"https:\/\/cloudsupplyvapes.com\/es\/wp-json\/wp\/v2\/product_tag?post=4321"}],"curies":[{"name":"wp","href":"https:\/\/api.w.org\/{rel}","templated":true}]}}