{"id":4322,"date":"2024-10-19T02:36:51","date_gmt":"2024-10-19T02:36:51","guid":{"rendered":"https:\/\/cloudsupplyvapes.com\/?post_type=product&#038;p=4322"},"modified":"2024-11-26T06:32:08","modified_gmt":"2024-11-26T06:32:08","slug":"-147","status":"publish","type":"product","link":"https:\/\/cloudsupplyvapes.com\/es\/product\/ebdesign-te6000-6000-puffs-disposable-vape-wholesale\/","title":{"rendered":"EBDESIGN TE6000 6000 Puffs Vape desechable al por mayor Construcci\u00f3n elegante y duradera"},"content":{"rendered":"<h2>EBDESIGN TE6000 Vape desechable<\/h2>\n<ul class=\"top\">\n<li>Marca:\u00a0<b>EBDESIGN<\/b><\/li>\n<li>Unidad: set<\/li>\n<li>Tipo:\u00a0<b>Vape desechable<\/b><\/li>\n<li>Peso neto: 70(g)<\/li>\n<\/ul>\n<p>El sistema calcular\u00e1 autom\u00e1ticamente los gastos de env\u00edo combinados despu\u00e9s de que elija el destino del env\u00edo en el paso de pago.<\/p>\n<div class=\"title\">EBDESIGN TE6000 Vape Desechable INTRODUCCI\u00d3N<\/div>\n<p><b>EBDESIGN TE6000 Vape desechable<\/b> est\u00e1 equipado con una bater\u00eda de 550mAh y precargado con 14ml de jugo de vape de 50mg de nicotina. TE6000 puede dar unas 6000 caladas. EBDESIGN TE6000 tiene un indicador de jugo de vapor y el nivel de la bater\u00eda. Es necesario recargarlo durante unos 30 minutos cuando parpadea. La carcasa de pl\u00e1stico transparente y la superficie de color le ofrecen un espect\u00e1culo visual. Al mismo tiempo, el gran sabor y el suave golpe aseguran una buena experiencia de vapeo.<\/p>\n<p class=\"second-title\">Caracter\u00edsticas<\/p>\n<p>- Vape Juice precargado de 14 ml<\/p>\n<p>- Bater\u00eda recargable de 550 mAh<\/p>\n<p>- Cable tipo C<\/p>\n<p>- 5%(50mg) Sal de Nic<\/p>\n<p>- Aproximadamente 6000 Puffs<\/p>\n<p>- Bobina de malla<\/p>\n<p>- Activado por sorteo<\/p>\n<p>- Indicador de bater\u00eda y e-l\u00edquido<\/p>\n<div class=\"disposables-flavor-2\">\n<div class=\"title\">Sabores<\/div>\n<ul>\n<li>Miel de uva<\/li>\n<li>Melocot\u00f3n Mango Sand\u00eda<\/li>\n<li>Fresa Melocot\u00f3n jugoso<\/li>\n<li>Ar\u00e1ndano Uva<\/li>\n<li>Fresa helada<\/li>\n<li>Fresa Mango<\/li>\n<li>Canela Naranja<\/li>\n<li>Taro Yam<\/li>\n<li>Rey Duri\u00e1n<\/li>\n<li>Natillas de vainilla<\/li>\n<li>Cola Ice<\/li>\n<li>Pl\u00e1tano<\/li>\n<li>Helado de vainilla<\/li>\n<li>Manzana con miel<\/li>\n<li>Palomitas de caramelo<\/li>\n<li>Uva Sakura<\/li>\n<li>Hazel Toffee<\/li>\n<li>Menta fresca<\/li>\n<li>Galletas marrones de chocolate<\/li>\n<\/ul>\n<\/div>","protected":false},"excerpt":{"rendered":"<p>El EBDESIGN TE6000 6000 Puffs Vape desechable al por mayor ofrece una construcci\u00f3n duradera y elegante, garantizando la entrega de vapor suave y un rendimiento constante para un uso prolongado.<\/p>","protected":false},"featured_media":4654,"comment_status":"open","ping_status":"closed","template":"","meta":[],"product_brand":[],"product_cat":[22],"product_tag":[],"class_list":{"0":"post-4322","1":"product","2":"type-product","3":"status-publish","4":"has-post-thumbnail","6":"product_cat-disposable-vape-sticks","8":"first","9":"instock","10":"shipping-taxable","11":"purchasable","12":"product-type-simple"},"jetpack_sharing_enabled":true,"tiered_pricing_type":"fixed","tiered_pricing_fixed_rules":{"1000":14,"10000":13,"50000":11},"tiered_pricing_product_settings":{"layout":"default","base_unit_name":{"singular":null,"plural":null},"default_variation":null},"tiered_pricing_minimum_quantity":100,"tiered_pricing_roles_data":[],"tiered_pricing_percentage_rules":[],"tiered_pricing_maximum_quantity":null,"tiered_pricing_quantity_step":null,"_links":{"self":[{"href":"https:\/\/cloudsupplyvapes.com\/es\/wp-json\/wp\/v2\/product\/4322","targetHints":{"allow":["GET"]}}],"collection":[{"href":"https:\/\/cloudsupplyvapes.com\/es\/wp-json\/wp\/v2\/product"}],"about":[{"href":"https:\/\/cloudsupplyvapes.com\/es\/wp-json\/wp\/v2\/types\/product"}],"replies":[{"embeddable":true,"href":"https:\/\/cloudsupplyvapes.com\/es\/wp-json\/wp\/v2\/comments?post=4322"}],"wp:featuredmedia":[{"embeddable":true,"href":"https:\/\/cloudsupplyvapes.com\/es\/wp-json\/wp\/v2\/media\/4654"}],"wp:attachment":[{"href":"https:\/\/cloudsupplyvapes.com\/es\/wp-json\/wp\/v2\/media?parent=4322"}],"wp:term":[{"taxonomy":"product_brand","embeddable":true,"href":"https:\/\/cloudsupplyvapes.com\/es\/wp-json\/wp\/v2\/product_brand?post=4322"},{"taxonomy":"product_cat","embeddable":true,"href":"https:\/\/cloudsupplyvapes.com\/es\/wp-json\/wp\/v2\/product_cat?post=4322"},{"taxonomy":"product_tag","embeddable":true,"href":"https:\/\/cloudsupplyvapes.com\/es\/wp-json\/wp\/v2\/product_tag?post=4322"}],"curies":[{"name":"wp","href":"https:\/\/api.w.org\/{rel}","templated":true}]}}