{"id":4323,"date":"2024-10-19T02:36:51","date_gmt":"2024-10-19T02:36:51","guid":{"rendered":"https:\/\/cloudsupplyvapes.com\/?post_type=product&#038;p=4323"},"modified":"2024-11-26T06:31:56","modified_gmt":"2024-11-26T06:31:56","slug":"-148","status":"publish","type":"product","link":"https:\/\/cloudsupplyvapes.com\/es\/product\/ebdesign-te5000-5000-puffs-rechargeable-disposable-vape-wholesale\/","title":{"rendered":"EBDESIGN TE5000 5000 Puffs Recargable Vape Desechable Venta al por mayor Vape de larga duraci\u00f3n de alta calidad"},"content":{"rendered":"<h2>EBDESIGN TE5000 Vape desechable<\/h2>\n<ul class=\"top\">\n<li style=\"list-style-type: none;\">\n<ul class=\"top\">\n<li>Marca: EBDESIGN<\/li>\n<li>Unidad: set<\/li>\n<li>Tipo: Vape desechable<\/li>\n<li>Peso neto: 70(g)<\/li>\n<\/ul>\n<\/li>\n<\/ul>\n<p>El sistema calcular\u00e1 autom\u00e1ticamente los gastos de env\u00edo combinados despu\u00e9s de que elija el destino del env\u00edo en el paso de pago.<\/p>\n<div class=\"title\">EBDESIGN TE5000 Desechable INTRODUCCI\u00d3N<\/div>\n<p><b>EBDESIGN TE5000 Vape desechable<\/b>\u00a0viene con 13.5ml de e-l\u00edquido precargado que contiene 5%(50mg) de potencia de nicotina en su interior. La capacidad de su bater\u00eda es de 550mAh, y es recargable. As\u00ed que usted puede conseguir hasta 5000 caladas. Adem\u00e1s, la bobina en este producto es una bobina de malla que puede producir mejor sabor y vapor. TE5000 tiene una carcasa exterior transparente, revestimiento interior de colores, y un fondo met\u00e1lico para un atractivo excepcional. El mecanismo de disparo activado por tiro hace que este dispositivo de mano sea port\u00e1til. Las 5000 caladas y su dise\u00f1o de sales de nicotina pueden satisfacer su antojo de nicotina.<\/p>\n<p class=\"second-title\">Caracter\u00edsticas<\/p>\n<p>- Dise\u00f1o de funci\u00f3n de silencio extremo<\/p>\n<p>- 5%(50mg) Nicotina<\/p>\n<p>- Capacidad de 13,5 ml de zumo para vapear<\/p>\n<p>- Bater\u00eda integrada recargable de 550 mAh<\/p>\n<p>- Bobina de malla<\/p>\n<p>- 5000 Puffs<\/p>\n<p>- Activado por dibujo<\/p>\n<p>&nbsp;<\/p>\n<p><b>Sabor:<\/b><\/p>\n<p>Manzana Melocot\u00f3n<\/p>\n<p>Energ\u00eda<\/p>\n<p>Uva<\/p>\n<p>Melocot\u00f3n jugoso<\/p>\n<p>Kiwi Fruta de la pasi\u00f3n Guayaba<\/p>\n<p>Pi\u00f1a Mango Naranja<\/p>\n<p>Fresa Pl\u00e1tano<\/p>\n<p>Fresa helada<\/p>\n<p>Helado de fresa<\/p>\n<p>Helado de vainilla<\/p>\n<p>Hielo de sand\u00eda<\/p>\n<p>Algod\u00f3n de az\u00facar<\/p>\n<p>Hielo de ar\u00e1ndanos<\/p>\n<p>Limonada Blue Razz<\/p>\n<p>Hielo Razz Azul<\/p>","protected":false},"excerpt":{"rendered":"<p>EBDESIGN TE5000 5000 Puffs Recargable Vape Desechable Mayorista combina materiales de alta calidad, una bater\u00eda recargable y una producci\u00f3n de vapor consistente para un vapeo fiable y duradero.<\/p>","protected":false},"featured_media":4667,"comment_status":"open","ping_status":"closed","template":"","meta":[],"product_brand":[],"product_cat":[22],"product_tag":[],"class_list":{"0":"post-4323","1":"product","2":"type-product","3":"status-publish","4":"has-post-thumbnail","6":"product_cat-disposable-vape-sticks","8":"first","9":"instock","10":"shipping-taxable","11":"purchasable","12":"product-type-simple"},"jetpack_sharing_enabled":true,"tiered_pricing_type":"fixed","tiered_pricing_fixed_rules":{"1000":13,"10000":12,"50000":11},"tiered_pricing_product_settings":{"layout":"default","base_unit_name":{"singular":null,"plural":null},"default_variation":null},"tiered_pricing_minimum_quantity":100,"tiered_pricing_roles_data":[],"tiered_pricing_percentage_rules":[],"tiered_pricing_maximum_quantity":null,"tiered_pricing_quantity_step":null,"_links":{"self":[{"href":"https:\/\/cloudsupplyvapes.com\/es\/wp-json\/wp\/v2\/product\/4323","targetHints":{"allow":["GET"]}}],"collection":[{"href":"https:\/\/cloudsupplyvapes.com\/es\/wp-json\/wp\/v2\/product"}],"about":[{"href":"https:\/\/cloudsupplyvapes.com\/es\/wp-json\/wp\/v2\/types\/product"}],"replies":[{"embeddable":true,"href":"https:\/\/cloudsupplyvapes.com\/es\/wp-json\/wp\/v2\/comments?post=4323"}],"wp:featuredmedia":[{"embeddable":true,"href":"https:\/\/cloudsupplyvapes.com\/es\/wp-json\/wp\/v2\/media\/4667"}],"wp:attachment":[{"href":"https:\/\/cloudsupplyvapes.com\/es\/wp-json\/wp\/v2\/media?parent=4323"}],"wp:term":[{"taxonomy":"product_brand","embeddable":true,"href":"https:\/\/cloudsupplyvapes.com\/es\/wp-json\/wp\/v2\/product_brand?post=4323"},{"taxonomy":"product_cat","embeddable":true,"href":"https:\/\/cloudsupplyvapes.com\/es\/wp-json\/wp\/v2\/product_cat?post=4323"},{"taxonomy":"product_tag","embeddable":true,"href":"https:\/\/cloudsupplyvapes.com\/es\/wp-json\/wp\/v2\/product_tag?post=4323"}],"curies":[{"name":"wp","href":"https:\/\/api.w.org\/{rel}","templated":true}]}}