{"id":4429,"date":"2024-10-19T02:37:13","date_gmt":"2024-10-19T02:37:13","guid":{"rendered":"https:\/\/cloudsupplyvapes.com\/?post_type=product&#038;p=4429"},"modified":"2024-11-26T06:31:45","modified_gmt":"2024-11-26T06:31:45","slug":"-149","status":"publish","type":"product","link":"https:\/\/cloudsupplyvapes.com\/es\/product\/ebdesign-xc5000-5000-puffs-disposable-vape-wholesale\/","title":{"rendered":"EBDESIGN XC5000 5000 Puffs Vape desechable al por mayor Dise\u00f1o compacto y ligero"},"content":{"rendered":"<h2>Pod King EBDESIGN XC5000<\/h2>\n<ul class=\"top\">\n<li style=\"list-style-type: none;\">\n<ul class=\"top\">\n<li>Marca: EBDESIGN<\/li>\n<li>Unidad: set<\/li>\n<li>Tipo: Vape desechable<\/li>\n<li>Peso neto: 70(g)<\/li>\n<\/ul>\n<\/li>\n<\/ul>\n<p>El sistema calcular\u00e1 autom\u00e1ticamente los gastos de env\u00edo combinados despu\u00e9s de que elija el destino del env\u00edo en el paso de pago.<\/p>\n<div class=\"title\">Pod King EBDESIGN XC5000 INTRODUCCI\u00d3N<\/div>\n<p><b>Pod King EBDESIGN XC5000<\/b>\u00a0persigue un sabor sabroso y una buena entrega de vapor mediante la utilizaci\u00f3n de un 13,5 ml de e-l\u00edquido precargado, 5% (50 mg) de nicotina, y la tecnolog\u00eda de bobina de malla. Este dispositivo en forma de caja sirve aproximadamente 5000 caladas, asociado con su dise\u00f1o desechable, no se preocupar\u00e1 por quemaduras y fugas. El auto-draw es perfecto e imita el comportamiento de fumar, emparejado con un cord\u00f3n, es conveniente para el on-the-go.<\/p>\n<p class=\"second-title\">Caracter\u00edsticas<\/p>\n<p>- 5% Nicotina<\/p>\n<p>- Capacidad de 13,5 ml de zumo para vapear<\/p>\n<p>- Bater\u00eda recargable de 650 mAh<\/p>\n<p>- Bobina de malla<\/p>\n<p>- 5000 Puffs<\/p>\n<p>&nbsp;<\/p>\n<p><b>Sabor:<\/b><\/p>\n<p>Bola de algod\u00f3n<\/p>\n<p>Goma blanca<\/p>\n<p>Arco iris<\/p>\n<p>Manzana roja<\/p>\n<p>Sundance<\/p>\n<p>Mezcla de bayas<\/p>\n<p>Blue Razz Pomo<\/p>\n<p>Pomo Azul Paja<\/p>\n<p>Caramelos de sand\u00eda<\/p>\n<p>Fresa manzana congelada<\/p>\n<p>Melocot\u00f3n de manzana congelado<\/p>\n<p>Mango Ice<\/p>\n<p>Melocot\u00f3n Mango<\/p>\n<p>Refresco de ar\u00e1ndanos<\/p>\n<p>Fabuloso<\/p>\n<p>Sidra de manzana<\/p>\n<p>Burbujas naranjas<\/p>\n<p>Fresa Fruta del drag\u00f3n Mango<\/p>","protected":false},"excerpt":{"rendered":"<p>El vaporizador desechable EBDESIGN XC5000 5000 Puffs cuenta con un dise\u00f1o compacto y ligero, proporcionando un vapor suave y un funcionamiento sin problemas para vapear de forma fiable sobre la marcha.<\/p>\n<p>&nbsp;<\/p>","protected":false},"featured_media":4678,"comment_status":"open","ping_status":"closed","template":"","meta":[],"product_brand":[],"product_cat":[22],"product_tag":[],"class_list":{"0":"post-4429","1":"product","2":"type-product","3":"status-publish","4":"has-post-thumbnail","6":"product_cat-disposable-vape-sticks","8":"first","9":"instock","10":"shipping-taxable","11":"purchasable","12":"product-type-simple"},"jetpack_sharing_enabled":true,"tiered_pricing_type":"fixed","tiered_pricing_fixed_rules":{"1000":14,"10000":13,"50000":11},"tiered_pricing_product_settings":{"layout":"default","base_unit_name":{"singular":null,"plural":null},"default_variation":null},"tiered_pricing_minimum_quantity":100,"tiered_pricing_roles_data":[],"tiered_pricing_percentage_rules":[],"tiered_pricing_maximum_quantity":null,"tiered_pricing_quantity_step":null,"_links":{"self":[{"href":"https:\/\/cloudsupplyvapes.com\/es\/wp-json\/wp\/v2\/product\/4429","targetHints":{"allow":["GET"]}}],"collection":[{"href":"https:\/\/cloudsupplyvapes.com\/es\/wp-json\/wp\/v2\/product"}],"about":[{"href":"https:\/\/cloudsupplyvapes.com\/es\/wp-json\/wp\/v2\/types\/product"}],"replies":[{"embeddable":true,"href":"https:\/\/cloudsupplyvapes.com\/es\/wp-json\/wp\/v2\/comments?post=4429"}],"wp:featuredmedia":[{"embeddable":true,"href":"https:\/\/cloudsupplyvapes.com\/es\/wp-json\/wp\/v2\/media\/4678"}],"wp:attachment":[{"href":"https:\/\/cloudsupplyvapes.com\/es\/wp-json\/wp\/v2\/media?parent=4429"}],"wp:term":[{"taxonomy":"product_brand","embeddable":true,"href":"https:\/\/cloudsupplyvapes.com\/es\/wp-json\/wp\/v2\/product_brand?post=4429"},{"taxonomy":"product_cat","embeddable":true,"href":"https:\/\/cloudsupplyvapes.com\/es\/wp-json\/wp\/v2\/product_cat?post=4429"},{"taxonomy":"product_tag","embeddable":true,"href":"https:\/\/cloudsupplyvapes.com\/es\/wp-json\/wp\/v2\/product_tag?post=4429"}],"curies":[{"name":"wp","href":"https:\/\/api.w.org\/{rel}","templated":true}]}}