{"id":4430,"date":"2024-10-19T02:37:13","date_gmt":"2024-10-19T02:37:13","guid":{"rendered":"https:\/\/cloudsupplyvapes.com\/?post_type=product&#038;p=4430"},"modified":"2024-11-26T06:31:35","modified_gmt":"2024-11-26T06:31:35","slug":"-150","status":"publish","type":"product","link":"https:\/\/cloudsupplyvapes.com\/es\/product\/ebdesign-airo-max-5000-puffs-rechargeable-disposable-vape-wholesale\/","title":{"rendered":"EBDESIGN Airo Max 5000 Puffs Vape Desechable Recargable al por mayor Vape ecol\u00f3gico de larga duraci\u00f3n"},"content":{"rendered":"<h2>EBDESIGN Airo Max Disposable<\/h2>\n<ul class=\"top\">\n<li style=\"list-style-type: none;\">\n<ul class=\"top\">\n<li>Marca:\u00a0<b>EBDESIGN Vape<\/b><\/li>\n<li>Unidad: set<\/li>\n<li>Tipo:\u00a0<b>Vape desechable<\/b><\/li>\n<li>Peso neto: 70(g)<\/li>\n<\/ul>\n<\/li>\n<\/ul>\n<p>El sistema calcular\u00e1 autom\u00e1ticamente los gastos de env\u00edo combinados despu\u00e9s de que elija el destino del env\u00edo en el paso de pago.<\/p>\n<div class=\"title\">EBDESIGN Airo Max Disposable INTRODUCTION<\/div>\n<p><b>EBDESIGN Airo Max Disposable<\/b> accommodates a 13ml prefilled e-liquid with 5%(50mg) nicotine strength, equipped with an integrated mesh coil, which delivers a full-bodied and dense flavor. Powered by a rechargeable 600mAh battery, this device features a flawless auto draw sensitivity and offers a long-lasting session. The buffed finish coating and its small box-style design give an appealing look and are compact with a good flavor performance, which serves a wide-ranging menu of mixed flavors to choose from.<\/p>\n<p class=\"second-title\">Caracter\u00edsticas<\/p>\n<p>- 5000 Puffs<\/p>\n<p>\u2022 13ml Prefilled E-liquid<\/p>\n<p>\u2022 600mAh Rechargeable Battery<\/p>\n<p>- 5% Potencia de nicotina<\/p>\n<p>- Bobina de malla<\/p>\n<p>\u2022 USB-C Rechargeable<\/p>\n<p>\u2022 Draw Activated<\/p>\n<div class=\"disposables-flavor-2\">\n<div class=\"title\">Sabores<\/div>\n<ul>\n<li>Blue Lemonade<\/li>\n<li>Banana Pineapple<\/li>\n<li>Ar\u00e1ndano Uva<\/li>\n<li>Hawaiian Fruit Punch<\/li>\n<li>Raspberry Peach Lemonade<\/li>\n<li>Melocot\u00f3n Mango Sand\u00eda<\/li>\n<li>Explosi\u00f3n de bayas<\/li>\n<li>Mango Pineapple<\/li>\n<li>Hielo Razz Azul<\/li>\n<li>Kiwi Maracuy\u00e1 Guayaba<\/li>\n<li>Claro<\/li>\n<li>Limonada rosa<\/li>\n<li>Skit Ice<\/li>\n<li>Fresa Kiwi Ice<\/li>\n<li>Uva Sakura<\/li>\n<li>Menta fresca<\/li>\n<li>Hielo de guayaba<\/li>\n<li>Hielo de sand\u00eda<\/li>\n<li>Hielo de uva<\/li>\n<li>Watermelon Kiwi Ice<\/li>\n<li>Root Beer<\/li>\n<li>Limonada de cereza<\/li>\n<li>Georgia Peach Ice<\/li>\n<li>Sour Batch<\/li>\n<li>Pineapple Lemonade<\/li>\n<li>Florida Crush<\/li>\n<\/ul>\n<\/div>","protected":false},"excerpt":{"rendered":"<p>EBDESIGN Airo Max 5000 Puffs Rechargeable Disposable Vape Wholesale offers a rechargeable design, eco-friendly build, and long-lasting performance for an efficient and enjoyable vaping experience.<\/p>","protected":false},"featured_media":4702,"comment_status":"open","ping_status":"closed","template":"","meta":[],"product_brand":[],"product_cat":[22],"product_tag":[],"class_list":{"0":"post-4430","1":"product","2":"type-product","3":"status-publish","4":"has-post-thumbnail","6":"product_cat-disposable-vape-sticks","8":"first","9":"instock","10":"shipping-taxable","11":"purchasable","12":"product-type-simple"},"jetpack_sharing_enabled":true,"tiered_pricing_type":"fixed","tiered_pricing_fixed_rules":{"1000":14,"10000":13,"50000":11},"tiered_pricing_product_settings":{"layout":"default","base_unit_name":{"singular":null,"plural":null},"default_variation":null},"tiered_pricing_minimum_quantity":100,"tiered_pricing_roles_data":[],"tiered_pricing_percentage_rules":[],"tiered_pricing_maximum_quantity":null,"tiered_pricing_quantity_step":null,"_links":{"self":[{"href":"https:\/\/cloudsupplyvapes.com\/es\/wp-json\/wp\/v2\/product\/4430","targetHints":{"allow":["GET"]}}],"collection":[{"href":"https:\/\/cloudsupplyvapes.com\/es\/wp-json\/wp\/v2\/product"}],"about":[{"href":"https:\/\/cloudsupplyvapes.com\/es\/wp-json\/wp\/v2\/types\/product"}],"replies":[{"embeddable":true,"href":"https:\/\/cloudsupplyvapes.com\/es\/wp-json\/wp\/v2\/comments?post=4430"}],"wp:featuredmedia":[{"embeddable":true,"href":"https:\/\/cloudsupplyvapes.com\/es\/wp-json\/wp\/v2\/media\/4702"}],"wp:attachment":[{"href":"https:\/\/cloudsupplyvapes.com\/es\/wp-json\/wp\/v2\/media?parent=4430"}],"wp:term":[{"taxonomy":"product_brand","embeddable":true,"href":"https:\/\/cloudsupplyvapes.com\/es\/wp-json\/wp\/v2\/product_brand?post=4430"},{"taxonomy":"product_cat","embeddable":true,"href":"https:\/\/cloudsupplyvapes.com\/es\/wp-json\/wp\/v2\/product_cat?post=4430"},{"taxonomy":"product_tag","embeddable":true,"href":"https:\/\/cloudsupplyvapes.com\/es\/wp-json\/wp\/v2\/product_tag?post=4430"}],"curies":[{"name":"wp","href":"https:\/\/api.w.org\/{rel}","templated":true}]}}