{"id":4431,"date":"2024-10-19T02:37:13","date_gmt":"2024-10-19T02:37:13","guid":{"rendered":"https:\/\/cloudsupplyvapes.com\/?post_type=product&#038;p=4431"},"modified":"2024-11-26T06:31:17","modified_gmt":"2024-11-26T06:31:17","slug":"-151","status":"publish","type":"product","link":"https:\/\/cloudsupplyvapes.com\/es\/product\/ebdesign-bc5000-5000-puffs-nicotine-free-disposable-vape-wholesale\/","title":{"rendered":"EBDESIGN BC5000 5000 Puffs Nicotine Free Vape Desechable Mayorista Experiencia de Vapor Suave y Sin Problemas"},"content":{"rendered":"<h2>EBDESIGN Nicotine Free Vape BC5000<\/h2>\n<ul class=\"top\">\n<li style=\"list-style-type: none;\">\n<ul class=\"top\">\n<li>Marca: EBDESIGN<\/li>\n<li>Unidad: set<\/li>\n<li>Tipo: Vape desechable<\/li>\n<li>Peso neto: 70(g)<\/li>\n<\/ul>\n<\/li>\n<\/ul>\n<p>El sistema calcular\u00e1 autom\u00e1ticamente los gastos de env\u00edo combinados despu\u00e9s de que elija el destino del env\u00edo en el paso de pago.<\/p>\n<div class=\"title\">EBDESIGN Nicotine Free Vape BC5000 INTRODUCCI\u00d3N<\/div>\n<p><b>EBDESIGN Nicotine Free Vape BC5000<\/b>\u00a0es un nuevo vapeador desechable sin nicotina. En su interior encontrar\u00e1s un e-l\u00edquido precargado de 13ml, una bater\u00eda recargable de 650mAh y una bobina de malla para unas 5000 caladas. Con su bonita forma cuadrada en dos tonos, cabe perfectamente en tu bolsillo o bolso. Este vape es libre de nicotina, lo que significa que no tiene nicotina. En su lugar, utiliza l\u00edquido aromatizado para obtener un vapor m\u00e1s saludable si est\u00e1s intentando dejar de fumar. Es f\u00e1cil de usar - s\u00f3lo tiene que tomar un sorteo, y no hay quemaduras o fugas. Disfruta de hasta 5000 caladas con el Elf Bar Zero.<\/p>\n<p class=\"second-title\">Caracter\u00edsticas<\/p>\n<p>- E-l\u00edquido precargado de 13mL<\/p>\n<p>- 0mg-Sin nicotina<\/p>\n<p>- Recargable<\/p>\n<p>- Aproximadamente 5000 Puffs<\/p>\n<p>- Bater\u00eda recargable de 650 mAh<\/p>\n<p>- Flujo de aire ajustable<\/p>\n<p>&nbsp;<\/p>\n<p><b>Sabor:<\/b><\/p>\n<p>Hielo Razz Azul<\/p>\n<p>Fresa Pl\u00e1tano<\/p>\n<p>Fresa Kiwi<\/p>\n<p>Fresa Mango<\/p>\n<p>Hielo de sand\u00eda<\/p>\n<p>Melocot\u00f3n Mango Sand\u00eda<\/p>","protected":false},"excerpt":{"rendered":"<p>El EBDESIGN BC5000 5000 Puffs Nicotine Free Disposable Vape Wholesale proporciona una experiencia de vapeo suave y sin complicaciones con una construcci\u00f3n ligera y un rendimiento consistente.<\/p>","protected":false},"featured_media":4716,"comment_status":"open","ping_status":"closed","template":"","meta":[],"product_brand":[],"product_cat":[22],"product_tag":[],"class_list":{"0":"post-4431","1":"product","2":"type-product","3":"status-publish","4":"has-post-thumbnail","6":"product_cat-disposable-vape-sticks","8":"first","9":"instock","10":"shipping-taxable","11":"purchasable","12":"product-type-simple"},"jetpack_sharing_enabled":true,"tiered_pricing_type":"fixed","tiered_pricing_fixed_rules":{"1000":11,"10000":10,"50000":8},"tiered_pricing_product_settings":{"layout":"default","base_unit_name":{"singular":null,"plural":null},"default_variation":null},"tiered_pricing_minimum_quantity":100,"tiered_pricing_roles_data":[],"tiered_pricing_percentage_rules":[],"tiered_pricing_maximum_quantity":null,"tiered_pricing_quantity_step":null,"_links":{"self":[{"href":"https:\/\/cloudsupplyvapes.com\/es\/wp-json\/wp\/v2\/product\/4431","targetHints":{"allow":["GET"]}}],"collection":[{"href":"https:\/\/cloudsupplyvapes.com\/es\/wp-json\/wp\/v2\/product"}],"about":[{"href":"https:\/\/cloudsupplyvapes.com\/es\/wp-json\/wp\/v2\/types\/product"}],"replies":[{"embeddable":true,"href":"https:\/\/cloudsupplyvapes.com\/es\/wp-json\/wp\/v2\/comments?post=4431"}],"wp:featuredmedia":[{"embeddable":true,"href":"https:\/\/cloudsupplyvapes.com\/es\/wp-json\/wp\/v2\/media\/4716"}],"wp:attachment":[{"href":"https:\/\/cloudsupplyvapes.com\/es\/wp-json\/wp\/v2\/media?parent=4431"}],"wp:term":[{"taxonomy":"product_brand","embeddable":true,"href":"https:\/\/cloudsupplyvapes.com\/es\/wp-json\/wp\/v2\/product_brand?post=4431"},{"taxonomy":"product_cat","embeddable":true,"href":"https:\/\/cloudsupplyvapes.com\/es\/wp-json\/wp\/v2\/product_cat?post=4431"},{"taxonomy":"product_tag","embeddable":true,"href":"https:\/\/cloudsupplyvapes.com\/es\/wp-json\/wp\/v2\/product_tag?post=4431"}],"curies":[{"name":"wp","href":"https:\/\/api.w.org\/{rel}","templated":true}]}}