{"id":4432,"date":"2024-10-19T02:37:13","date_gmt":"2024-10-19T02:37:13","guid":{"rendered":"https:\/\/cloudsupplyvapes.com\/?post_type=product&#038;p=4432"},"modified":"2024-11-26T06:31:06","modified_gmt":"2024-11-26T06:31:06","slug":"-152","status":"publish","type":"product","link":"https:\/\/cloudsupplyvapes.com\/es\/product\/ebdesign-bc5000-5000-puffs-disposable-vape-wholesale\/","title":{"rendered":"EBDESIGN BC5000 5000 Puffs Vape desechable al por mayor de construcci\u00f3n duradera de alta capacidad de dise\u00f1o"},"content":{"rendered":"<h2>EBDESIGN BC5000 Vape desechable<\/h2>\n<ul class=\"top\">\n<li>Marca: EBDESIGN<\/li>\n<li>Unidad: set<\/li>\n<li>Tipo: Vape desechable<\/li>\n<li>Peso neto: 53 g<\/li>\n<\/ul>\n<p>El sistema calcular\u00e1 autom\u00e1ticamente los gastos de env\u00edo combinados despu\u00e9s de que elija el destino del env\u00edo en el paso de pago.<\/p>\n<div class=\"title\">EBDESIGN BC5000 Vape Desechable INTRODUCCI\u00d3N<\/div>\n<p><b>EBDESIGN BC5000 Vape desechable<\/b> cuenta con 13ml de jugo de vape precargado, una bater\u00eda recargable de 650mAh, y puede satisfacer hasta 5000 caladas. Equipado con una bobina de malla, BC5000 proporciona vapor uniformemente cocinado a su usuario. Cada calada es tan buena como la primera. El jugo de vape precargado tiene sabores frutales ex\u00f3ticos como sand\u00eda y menta (hielo). EBDesign BC5000 se puede recargar a trav\u00e9s de un puerto Tipo-C en la parte inferior. Libre de botones, el BC5000 se activa mediante un sorteo. Adem\u00e1s, hay muchas opciones de sabores disponibles. Siempre habr\u00e1 un sabor bueno para ti.<\/p>\n<p class=\"second-title\">Caracter\u00edsticas<\/p>\n<p>- Bater\u00eda integrada de 650 mAh<\/p>\n<p>- Recargable<\/p>\n<p>- Suministro de energ\u00eda eficiente y constante<\/p>\n<p>- E-jugo precargado de 13ml<\/p>\n<p>- 4% Nivel de nicotina<\/p>\n<p>- Satisfacer casi 5000 puffs<\/p>\n<p>- Mide 79 mm por 41 mm por 19 mm<\/p>\n<p>- Boquilla ergon\u00f3mica, patr\u00f3n gradual, aspecto aerodin\u00e1mico y resistencia similar a la seda<\/p>\n<div class=\"disposables-flavor-3\">\n<div class=\"title\">Sabores<\/div>\n<ul>\n<li>D\u00eda de playa<\/li>\n<li>Hielo negro<\/li>\n<li>Invierno negro<\/li>\n<li>Menta azul<\/li>\n<li>Hielo Razz Azul<\/li>\n<li>Blue Razz Lim\u00f3n<\/li>\n<li>Ar\u00e1ndano Energize<\/li>\n<li>Claro<\/li>\n<li>Ar\u00e1ndano Uva<\/li>\n<li>Ponche de ar\u00e1ndanos<\/li>\n<li>Crazi Berry<\/li>\n<li>Cuba Cigarros<\/li>\n<li>Energ\u00eda<\/li>\n<li>Hielo Fuji<\/li>\n<li>Energ\u00eda de la uva<\/li>\n<li>Manzana verde<\/li>\n<li>Hielo de guayaba<\/li>\n<li>Gumi<\/li>\n<li>Mel\u00f3n dulce Pi\u00f1a Naranja<\/li>\n<li>Kiwi Maracuy\u00e1 Guayaba<\/li>\n<li>Menta lim\u00f3n<\/li>\n<li>Mango malayo<\/li>\n<li>Malib\u00fa<\/li>\n<li>Menta de Malib\u00fa<\/li>\n<li>Mandarina Lima<\/li>\n<li>Mango Melocot\u00f3n Albaricoque<\/li>\n<li>Mango Melocot\u00f3n Albaricoque<\/li>\n<li>Tabaco de menta<\/li>\n<li>Mezcla de frutas<\/li>\n<li>Fruta de la pasi\u00f3n Naranja Guayaba<\/li>\n<li>Melocot\u00f3n baya<\/li>\n<li>Melocot\u00f3n helado<\/li>\n<li>Melocot\u00f3n Mango Sand\u00eda<\/li>\n<li>Hielo de pi\u00f1a y coco<\/li>\n<li>Pi\u00f1a Strawnana<\/li>\n<li>Caramelos arco iris<\/li>\n<li>Rainbow Cloudz<\/li>\n<li>Mojito rojo<\/li>\n<li>Uva Sakura<\/li>\n<li>Manzana \u00e1cida<\/li>\n<li>Caramelo \u00e1cido<\/li>\n<li>Fresa Pl\u00e1tano<\/li>\n<li>Crema de fresa<\/li>\n<li>Fresa helada<\/li>\n<li>Fresa Kiwi<\/li>\n<li>Fresa Mango<\/li>\n<li>Pi\u00f1a colada de fresa<\/li>\n<li>Sand\u00eda con fresa<\/li>\n<li>Strazz<\/li>\n<li>Helado de melocot\u00f3n de verano<\/li>\n<li>Verano<\/li>\n<li>Puesta de sol<\/li>\n<li>Mentol Dulce<\/li>\n<li>Hielo triple de bayas<\/li>\n<li>Arco iris tropical<\/li>\n<li>Sand\u00eda Brzz Ice<\/li>\n<li>Sand\u00eda Chicle<\/li>\n<li>Sand\u00eda Mel\u00f3n Cantalupo Mielada<\/li>\n<li>Hielo de sand\u00eda<\/li>\n<li>Sand\u00eda Nana Ice<\/li>\n<li>Sand\u00eda Jolly Ice<\/li>\n<\/ul>\n<p><a href=\"https:\/\/i0.wp.com\/shop.vape.hk\/wp-content\/uploads\/2023\/10\/EBdesign_BC5000_cheap.jpg?ssl=1\" target=\"_blank\" rel=\"noopener\"><img data-recalc-dims=\"1\" loading=\"lazy\" decoding=\"async\" class=\"alignnone size-full wp-image-124313\" src=\"https:\/\/i0.wp.com\/shop.vape.hk\/wp-content\/uploads\/2023\/10\/EBdesign_BC5000_cheap.jpg?resize=1020%2C885&#038;ssl=1\" alt=\"EBDESIGN BC5000 5000 Puffs Sin Nicotina Vape Desechable | Mayorista\" width=\"1020\" height=\"885\" title=\"\"><\/a><\/p>\n<\/div>\n<div class=\"title\"><\/div>","protected":false},"excerpt":{"rendered":"<p>EBDESIGN BC5000 5000 Puffs Vape Desechable Mayorista combina una construcci\u00f3n duradera con una alta capacidad, ofreciendo una entrega de vapor consistente para sesiones de vapeo fiables y duraderas.<\/p>","protected":false},"featured_media":4731,"comment_status":"open","ping_status":"closed","template":"","meta":[],"product_brand":[],"product_cat":[22],"product_tag":[],"class_list":{"0":"post-4432","1":"product","2":"type-product","3":"status-publish","4":"has-post-thumbnail","6":"product_cat-disposable-vape-sticks","8":"first","9":"instock","10":"shipping-taxable","11":"purchasable","12":"product-type-simple"},"jetpack_sharing_enabled":true,"tiered_pricing_type":"fixed","tiered_pricing_fixed_rules":{"1000":11,"10000":10,"50000":8},"tiered_pricing_product_settings":{"layout":"default","base_unit_name":{"singular":null,"plural":null},"default_variation":null},"tiered_pricing_minimum_quantity":100,"tiered_pricing_roles_data":[],"tiered_pricing_percentage_rules":[],"tiered_pricing_maximum_quantity":null,"tiered_pricing_quantity_step":null,"_links":{"self":[{"href":"https:\/\/cloudsupplyvapes.com\/es\/wp-json\/wp\/v2\/product\/4432","targetHints":{"allow":["GET"]}}],"collection":[{"href":"https:\/\/cloudsupplyvapes.com\/es\/wp-json\/wp\/v2\/product"}],"about":[{"href":"https:\/\/cloudsupplyvapes.com\/es\/wp-json\/wp\/v2\/types\/product"}],"replies":[{"embeddable":true,"href":"https:\/\/cloudsupplyvapes.com\/es\/wp-json\/wp\/v2\/comments?post=4432"}],"wp:featuredmedia":[{"embeddable":true,"href":"https:\/\/cloudsupplyvapes.com\/es\/wp-json\/wp\/v2\/media\/4731"}],"wp:attachment":[{"href":"https:\/\/cloudsupplyvapes.com\/es\/wp-json\/wp\/v2\/media?parent=4432"}],"wp:term":[{"taxonomy":"product_brand","embeddable":true,"href":"https:\/\/cloudsupplyvapes.com\/es\/wp-json\/wp\/v2\/product_brand?post=4432"},{"taxonomy":"product_cat","embeddable":true,"href":"https:\/\/cloudsupplyvapes.com\/es\/wp-json\/wp\/v2\/product_cat?post=4432"},{"taxonomy":"product_tag","embeddable":true,"href":"https:\/\/cloudsupplyvapes.com\/es\/wp-json\/wp\/v2\/product_tag?post=4432"}],"curies":[{"name":"wp","href":"https:\/\/api.w.org\/{rel}","templated":true}]}}