{"id":4434,"date":"2024-10-19T02:37:13","date_gmt":"2024-10-19T02:37:13","guid":{"rendered":"https:\/\/cloudsupplyvapes.com\/?post_type=product&#038;p=4434"},"modified":"2024-11-26T06:29:03","modified_gmt":"2024-11-26T06:29:03","slug":"-154","status":"publish","type":"product","link":"https:\/\/cloudsupplyvapes.com\/es\/product\/r-and-m-digital-box-12000-puffs-disposable-vape-wholesale\/","title":{"rendered":"R y M Digital Box 12000 caladas Vape desechable al por mayor Alta capacidad Dise\u00f1o elegante"},"content":{"rendered":"<h2>Caja digital R y M<\/h2>\n<ul class=\"top\">\n<li style=\"list-style-type: none;\">\n<ul class=\"top\">\n<li>Marca:\u00a0<a href=\"https:\/\/vapesourcing.com\/r-and-m.html\" target=\"_blank\" rel=\"noopener\"><b>R <\/b><\/a><b>a<\/b><b>nd M<\/b><\/li>\n<li>Unidad: set<\/li>\n<li>Tipo:\u00a0<b>Vape desechable<\/b><\/li>\n<li>Peso neto: 70(g)<\/li>\n<\/ul>\n<\/li>\n<\/ul>\n<p>El sistema calcular\u00e1 autom\u00e1ticamente los gastos de env\u00edo combinados despu\u00e9s de que elija el destino del env\u00edo en el paso de pago.<\/p>\n<div class=\"title\">R y M Digital Box 12000 Vape desechable INTRODUCCI\u00d3N<\/div>\n<p><b>R y M Digital Box 12000 Vape desechable<\/b>\u00a0Contiene 20 ml de e-l\u00edquido precargado con una concentraci\u00f3n de nicotina de 5% (50 mg) que permite hasta 12 000 caladas. Con perfiles de sabor atractivos, viene con una bobina de malla integrada para la liberaci\u00f3n del sabor. Alimentado por una bater\u00eda recargable de 850 mAh, la bater\u00eda y la pantalla de e-l\u00edquido son muy \u00fatiles para el control. Con un elegante dise\u00f1o en forma de frasco, Fumot 12000 contiene e-l\u00edquido con sal de nicotina, una fascinante combinaci\u00f3n de sabor y vapor para aproximadamente 12 000 caladas.<\/p>\n<p class=\"second-title\">Caracter\u00edsticas<\/p>\n<p>- E-l\u00edquido precargado de 20 ml<\/p>\n<p>- 5%(50mg) Potencia de nicotina<\/p>\n<p>- Bater\u00eda recargable de 850 mAh<\/p>\n<p>- USB Tipo-C (no incluido)<\/p>\n<p>- Aproximadamente 12000 Puffs<\/p>\n<p>- Bobina de malla<\/p>\n<p>- Activado por sorteo<\/p>\n<p>- MTL Vaping<\/p>\n<p>\u2022 Pantalla de bater\u00eda y l\u00edquido electr\u00f3nico<\/p>\n<p>&nbsp;<\/p>","protected":false},"excerpt":{"rendered":"<p>R and M Digital Box 12000 Puffs Disposable Vape Wholesale combina una gran capacidad, un dise\u00f1o elegante y una emisi\u00f3n de vapor suave para sesiones de vapeo prolongadas y de alta calidad.<\/p>","protected":false},"featured_media":4762,"comment_status":"open","ping_status":"closed","template":"","meta":[],"product_brand":[],"product_cat":[22],"product_tag":[],"class_list":{"0":"post-4434","1":"product","2":"type-product","3":"status-publish","4":"has-post-thumbnail","6":"product_cat-disposable-vape-sticks","8":"first","9":"instock","10":"shipping-taxable","11":"purchasable","12":"product-type-simple"},"jetpack_sharing_enabled":true,"tiered_pricing_type":"fixed","tiered_pricing_fixed_rules":{"1000":15,"10000":14,"50000":12},"tiered_pricing_product_settings":{"layout":"default","base_unit_name":{"singular":null,"plural":null},"default_variation":null},"tiered_pricing_minimum_quantity":100,"tiered_pricing_roles_data":[],"tiered_pricing_percentage_rules":[],"tiered_pricing_maximum_quantity":null,"tiered_pricing_quantity_step":null,"_links":{"self":[{"href":"https:\/\/cloudsupplyvapes.com\/es\/wp-json\/wp\/v2\/product\/4434","targetHints":{"allow":["GET"]}}],"collection":[{"href":"https:\/\/cloudsupplyvapes.com\/es\/wp-json\/wp\/v2\/product"}],"about":[{"href":"https:\/\/cloudsupplyvapes.com\/es\/wp-json\/wp\/v2\/types\/product"}],"replies":[{"embeddable":true,"href":"https:\/\/cloudsupplyvapes.com\/es\/wp-json\/wp\/v2\/comments?post=4434"}],"wp:featuredmedia":[{"embeddable":true,"href":"https:\/\/cloudsupplyvapes.com\/es\/wp-json\/wp\/v2\/media\/4762"}],"wp:attachment":[{"href":"https:\/\/cloudsupplyvapes.com\/es\/wp-json\/wp\/v2\/media?parent=4434"}],"wp:term":[{"taxonomy":"product_brand","embeddable":true,"href":"https:\/\/cloudsupplyvapes.com\/es\/wp-json\/wp\/v2\/product_brand?post=4434"},{"taxonomy":"product_cat","embeddable":true,"href":"https:\/\/cloudsupplyvapes.com\/es\/wp-json\/wp\/v2\/product_cat?post=4434"},{"taxonomy":"product_tag","embeddable":true,"href":"https:\/\/cloudsupplyvapes.com\/es\/wp-json\/wp\/v2\/product_tag?post=4434"}],"curies":[{"name":"wp","href":"https:\/\/api.w.org\/{rel}","templated":true}]}}