{"id":4435,"date":"2024-10-19T02:37:13","date_gmt":"2024-10-19T02:37:13","guid":{"rendered":"https:\/\/cloudsupplyvapes.com\/?post_type=product&#038;p=4435"},"modified":"2024-10-19T02:38:46","modified_gmt":"2024-10-19T02:38:46","slug":"-155","status":"publish","type":"product","link":"https:\/\/cloudsupplyvapes.com\/es\/product\/randm-magic-8000-puffs-disposable-vape-wholesale\/","title":{"rendered":"RandM Magic 8000 Puffs Vape Desechable | Venta al por mayor"},"content":{"rendered":"<h2>R and M Magic Vape desechable<\/h2>\n<ul class=\"top\">\n<li>Marca: R y M<\/li>\n<li>Unidad: set<\/li>\n<li>Tipo: Vape desechable<\/li>\n<li>Peso neto: 70(g)<\/li>\n<\/ul>\n<p>El sistema calcular\u00e1 autom\u00e1ticamente los gastos de env\u00edo combinados despu\u00e9s de que elija el destino del env\u00edo en el paso de pago.<\/p>\n<div class=\"title\">R and M Magic Vape Desechable INTRODUCCI\u00d3N<\/div>\n<p><b>R and M Magic Vape desechable<\/b>\u00a0cuenta con una potente bater\u00eda recargable de 650mAh y un jugo de vapeo precargado de 16ml con 5%(50mg) de nicotina. Con su avanzada bobina de malla y mecanismo de activaci\u00f3n, este kit ofrece golpes suaves y consistentes, todo ello sin necesidad de botones o ajustes complicados. Experimenta las \u00faltimas 8000 caladas o 9000 caladas para un uso prolongado, su elegante dise\u00f1o incluye un Headliner Rolls-Royce Starlight y un cord\u00f3n a juego, por lo que es un accesorio con estilo para llevar.<\/p>\n<p class=\"second-title\">Caracter\u00edsticas<\/p>\n<p>- Jugo de Vape Pre-llenado de 16ml<\/p>\n<p>- Bater\u00eda de 650 mAh<\/p>\n<p>- Cable tipo C<\/p>\n<p>- 5%(50mg) Sal de Nic<\/p>\n<p>- Aproximadamente 8000 o 9000 Puffs<\/p>\n<p>- Bobina de malla<\/p>\n<p>- Activado por sorteo<\/p>\n<p>- Techo interior Rolls-Royce Starlight<\/p>\n<p>- Match 1pc lanyard<\/p>\n<div class=\"title\">R and M Magic Vape Desechable ESPECIFICACI\u00d3N<\/div>\n<p>Puffs: 8000 o 9000<\/p>\n<p>Capacidad del e-l\u00edquido: 16ml<\/p>\n<p>Bater\u00eda: Recargable 650mAh<\/p>\n<p>Carga: Tipo-C<\/p>\n<p>Potencia de nicotina: 5%(50mg)<\/p>\n<p>Tipo de nicotina: Nic Sal<\/p>\n<p>Elemento calefactor: Bobina de malla<\/p>\n<p>Mecanismo de disparo por extracci\u00f3n<\/p>\n<p><a href=\"https:\/\/i0.wp.com\/shop.vape.hk\/wp-content\/uploads\/2023\/10\/R_and_M_Magic_Disposable_Vape_Kit1.jpg?ssl=1\" target=\"_blank\" rel=\"noopener\"><img data-recalc-dims=\"1\" loading=\"lazy\" decoding=\"async\" class=\"alignnone size-full wp-image-124375\" src=\"https:\/\/i0.wp.com\/shop.vape.hk\/wp-content\/uploads\/2023\/10\/R_and_M_Magic_Disposable_Vape_Kit1.jpg?resize=1020%2C1321&#038;ssl=1\" alt=\"RandM Magic 8000Puffs Vape Desechable | Venta al por mayor\" width=\"1020\" height=\"1321\" title=\"\"><\/a><\/p>","protected":false},"excerpt":{"rendered":"<p>R and M Magic Disposable Vape Brand:\u00a0R and M Unit: set Type:\u00a0Disposable Vape Net Weight: 70(g) The combined shipping cost will be calculated automatically by the system after you choose the shipping destination in the checkout step. R and M Magic Disposable Vape INTRODUCTION R and M Magic Disposable Vape\u00a0features a powerful 650mAh rechargeable battery [&#8230;]\n","protected":false},"featured_media":4773,"comment_status":"open","ping_status":"closed","template":"","meta":[],"product_brand":[],"product_cat":[22],"product_tag":[],"class_list":{"0":"post-4435","1":"product","2":"type-product","3":"status-publish","4":"has-post-thumbnail","6":"product_cat-disposable-vape-sticks","8":"first","9":"instock","10":"shipping-taxable","11":"product-type-simple"},"jetpack_sharing_enabled":true,"tiered_pricing_type":"fixed","tiered_pricing_fixed_rules":[],"tiered_pricing_product_settings":{"layout":"default","base_unit_name":{"singular":null,"plural":null},"default_variation":null},"tiered_pricing_minimum_quantity":null,"tiered_pricing_roles_data":[],"tiered_pricing_percentage_rules":[],"tiered_pricing_maximum_quantity":null,"tiered_pricing_quantity_step":null,"_links":{"self":[{"href":"https:\/\/cloudsupplyvapes.com\/es\/wp-json\/wp\/v2\/product\/4435","targetHints":{"allow":["GET"]}}],"collection":[{"href":"https:\/\/cloudsupplyvapes.com\/es\/wp-json\/wp\/v2\/product"}],"about":[{"href":"https:\/\/cloudsupplyvapes.com\/es\/wp-json\/wp\/v2\/types\/product"}],"replies":[{"embeddable":true,"href":"https:\/\/cloudsupplyvapes.com\/es\/wp-json\/wp\/v2\/comments?post=4435"}],"wp:featuredmedia":[{"embeddable":true,"href":"https:\/\/cloudsupplyvapes.com\/es\/wp-json\/wp\/v2\/media\/4773"}],"wp:attachment":[{"href":"https:\/\/cloudsupplyvapes.com\/es\/wp-json\/wp\/v2\/media?parent=4435"}],"wp:term":[{"taxonomy":"product_brand","embeddable":true,"href":"https:\/\/cloudsupplyvapes.com\/es\/wp-json\/wp\/v2\/product_brand?post=4435"},{"taxonomy":"product_cat","embeddable":true,"href":"https:\/\/cloudsupplyvapes.com\/es\/wp-json\/wp\/v2\/product_cat?post=4435"},{"taxonomy":"product_tag","embeddable":true,"href":"https:\/\/cloudsupplyvapes.com\/es\/wp-json\/wp\/v2\/product_tag?post=4435"}],"curies":[{"name":"wp","href":"https:\/\/api.w.org\/{rel}","templated":true}]}}