{"id":4436,"date":"2024-10-19T02:37:13","date_gmt":"2024-10-19T02:37:13","guid":{"rendered":"https:\/\/cloudsupplyvapes.com\/?post_type=product&#038;p=4436"},"modified":"2024-10-19T02:38:50","modified_gmt":"2024-10-19T02:38:50","slug":"-156","status":"publish","type":"product","link":"https:\/\/cloudsupplyvapes.com\/es\/product\/randm-supbliss-bingo-8000-puffs-disposable-vape-wholesale\/","title":{"rendered":"RandM Supbliss Bingo 8000 Puffs Vape Desechable | Venta al por mayor"},"content":{"rendered":"<h2>R and M Supbliss Bingo Disposable Vape<\/h2>\n<ul class=\"top\">\n<li>Marca: R y M<\/li>\n<li>Unidad: set<\/li>\n<li>Tipo: Vape desechable<\/li>\n<li>Peso neto: 70(g)<\/li>\n<\/ul>\n<p>El sistema calcular\u00e1 autom\u00e1ticamente los gastos de env\u00edo combinados despu\u00e9s de que elija el destino del env\u00edo en el paso de pago.<\/p>\n<div class=\"title\">R and M Supbliss Bingo Disposable Vape INTRODUCTION<\/div>\n<p><b>R and M Supbliss Bingo Disposable Vape<\/b>\u00a0completes a 16ml prefilled e-liquid for excellent flavor, chasing a smoother hit via 5%(50mg) nicotine strength, each disposable satisfies as many as 8000 puffs. The impressive array of delicious flavor is on point and meet your nicotine expectations. Supbliss Bingo boasts a rubber paint finish, this device offers an attractive cup shape, which is so compact that can pop into your pocket on the move.<\/p>\n<p class=\"second-title\">Caracter\u00edsticas<\/p>\n<p>- Jugo de Vape Pre-llenado de 16ml<\/p>\n<p>- Bater\u00eda recargable de 600 mAh<\/p>\n<p>- Cable tipo C<\/p>\n<p>- 5%(50mg) Sal de Nic<\/p>\n<p>- Aproximadamente 8000 Puffs<\/p>\n<p>- Bobina de malla<\/p>\n<p>- Activado por sorteo<\/p>\n<div class=\"disposables-flavor-2\">\n<div class=\"title\">Sabores<\/div>\n<ul>\n<li>Bebida energ\u00e9tica<\/li>\n<li>Fresa Kiwi<\/li>\n<li>Sand\u00eda con fresa<\/li>\n<li>Helado de fresa<\/li>\n<li>Honeydew Melon<\/li>\n<li>Mezcla de frutas<\/li>\n<li>Fresa Mango<\/li>\n<li>Lim\u00f3n rosa<\/li>\n<li>Uva Sakura<\/li>\n<li>Fresa Pl\u00e1tano<\/li>\n<li>Melocot\u00f3n Mango<\/li>\n<li>Lychee Cola<\/li>\n<li>lady killer<\/li>\n<li>love66<\/li>\n<li>Limonada de cereza y melocot\u00f3n<\/li>\n<li>Blue razz cherry<\/li>\n<li>Cherry ice<\/li>\n<li>Sand\u00eda<\/li>\n<li>Ar\u00e1ndanos<\/li>\n<li>Gummy bear<\/li>\n<\/ul>\n<p><a href=\"https:\/\/i0.wp.com\/shop.vape.hk\/wp-content\/uploads\/2023\/10\/R-and-M-Supbliss-Bingo-Disposable-Vape-Kit1.jpg?ssl=1\" target=\"_blank\" rel=\"noopener\"><img data-recalc-dims=\"1\" loading=\"lazy\" decoding=\"async\" class=\"alignnone size-full wp-image-124377\" src=\"https:\/\/i0.wp.com\/shop.vape.hk\/wp-content\/uploads\/2023\/10\/R-and-M-Supbliss-Bingo-Disposable-Vape-Kit1.jpg?resize=831%2C1920&#038;ssl=1\" alt=\"RandM Supbliss Bingo 8000 Puffs Vape Desechable | Venta al por mayor\" width=\"831\" height=\"1920\" title=\"\"><\/a><\/p>\n<\/div>","protected":false},"excerpt":{"rendered":"<p>R and M Supbliss Bingo Disposable Vape Brand:\u00a0R and M Unit: set Type:\u00a0Disposable Vape Net Weight: 70(g) The combined shipping cost will be calculated automatically by the system after you choose the shipping destination in the checkout step. R and M Supbliss Bingo Disposable Vape INTRODUCTION R and M Supbliss Bingo Disposable Vape\u00a0completes a 16ml [&#8230;]\n","protected":false},"featured_media":4787,"comment_status":"open","ping_status":"closed","template":"","meta":[],"product_brand":[],"product_cat":[22],"product_tag":[],"class_list":{"0":"post-4436","1":"product","2":"type-product","3":"status-publish","4":"has-post-thumbnail","6":"product_cat-disposable-vape-sticks","8":"first","9":"instock","10":"shipping-taxable","11":"product-type-simple"},"jetpack_sharing_enabled":true,"tiered_pricing_type":"fixed","tiered_pricing_fixed_rules":[],"tiered_pricing_product_settings":{"layout":"default","base_unit_name":{"singular":null,"plural":null},"default_variation":null},"tiered_pricing_minimum_quantity":100,"tiered_pricing_roles_data":[],"tiered_pricing_percentage_rules":[],"tiered_pricing_maximum_quantity":null,"tiered_pricing_quantity_step":null,"_links":{"self":[{"href":"https:\/\/cloudsupplyvapes.com\/es\/wp-json\/wp\/v2\/product\/4436","targetHints":{"allow":["GET"]}}],"collection":[{"href":"https:\/\/cloudsupplyvapes.com\/es\/wp-json\/wp\/v2\/product"}],"about":[{"href":"https:\/\/cloudsupplyvapes.com\/es\/wp-json\/wp\/v2\/types\/product"}],"replies":[{"embeddable":true,"href":"https:\/\/cloudsupplyvapes.com\/es\/wp-json\/wp\/v2\/comments?post=4436"}],"wp:featuredmedia":[{"embeddable":true,"href":"https:\/\/cloudsupplyvapes.com\/es\/wp-json\/wp\/v2\/media\/4787"}],"wp:attachment":[{"href":"https:\/\/cloudsupplyvapes.com\/es\/wp-json\/wp\/v2\/media?parent=4436"}],"wp:term":[{"taxonomy":"product_brand","embeddable":true,"href":"https:\/\/cloudsupplyvapes.com\/es\/wp-json\/wp\/v2\/product_brand?post=4436"},{"taxonomy":"product_cat","embeddable":true,"href":"https:\/\/cloudsupplyvapes.com\/es\/wp-json\/wp\/v2\/product_cat?post=4436"},{"taxonomy":"product_tag","embeddable":true,"href":"https:\/\/cloudsupplyvapes.com\/es\/wp-json\/wp\/v2\/product_tag?post=4436"}],"curies":[{"name":"wp","href":"https:\/\/api.w.org\/{rel}","templated":true}]}}