{"id":450,"date":"2024-10-19T02:12:29","date_gmt":"2024-10-19T02:12:29","guid":{"rendered":"https:\/\/cloudsupplyvapes.com\/?post_type=product&#038;p=450"},"modified":"2024-11-26T09:36:48","modified_gmt":"2024-11-26T09:36:48","slug":"-2","status":"publish","type":"product","link":"https:\/\/cloudsupplyvapes.com\/es\/product\/breeze-stiik-2000-puffs-disposable-wholesale\/","title":{"rendered":"Breeze Stiik 2000 Puffs Desechables | Mayorista Vape Port\u00e1til para Principiantes"},"content":{"rendered":"<h2>Breeze Stiik Desechables 1000+1000 Puffs al por mayor<\/h2>\n<h2>Sabores:<\/h2>\n<p>azul razz &amp; menta<br \/>\nuva congelada &amp;manzana verde<br \/>\npi\u00f1a y limonada rosa<br \/>\nhielo de melocot\u00f3n y mango<br \/>\nhelado de fresa y pl\u00e1tano<br \/>\nsand\u00eda y refresco de naranja<br \/>\nmel\u00f3n &amp;cola ice<br \/>\nhielo de lichi &amp;hielo de ar\u00e1ndano<\/p>\n<p>&nbsp;<\/p>\n<h2>Especificaciones:<\/h2>\n<p>2000puffs<br \/>\n6,0 ml<br \/>\n850mah ,18350<\/p>","protected":false},"excerpt":{"rendered":"<p>Breeze Stiik 2000 Puffs Vape desechable al por mayor cuenta con un dise\u00f1o compacto, la producci\u00f3n de vapor suave, y la funcionalidad para principiantes para vaping f\u00e1cil.<\/p>","protected":false},"featured_media":479,"comment_status":"open","ping_status":"closed","template":"","meta":[],"product_brand":[],"product_cat":[22],"product_tag":[],"class_list":{"0":"post-450","1":"product","2":"type-product","3":"status-publish","4":"has-post-thumbnail","6":"product_cat-disposable-vape-sticks","8":"first","9":"instock","10":"shipping-taxable","11":"purchasable","12":"product-type-simple"},"jetpack_sharing_enabled":true,"tiered_pricing_type":"fixed","tiered_pricing_fixed_rules":{"500":6.9000000000000003552713678800500929355621337890625,"1000":6.79999999999999982236431605997495353221893310546875,"3000":6.5999999999999996447286321199499070644378662109375},"tiered_pricing_product_settings":{"layout":"default","base_unit_name":{"singular":null,"plural":null},"default_variation":null},"tiered_pricing_minimum_quantity":100,"tiered_pricing_roles_data":[],"tiered_pricing_percentage_rules":[],"tiered_pricing_maximum_quantity":null,"tiered_pricing_quantity_step":null,"_links":{"self":[{"href":"https:\/\/cloudsupplyvapes.com\/es\/wp-json\/wp\/v2\/product\/450","targetHints":{"allow":["GET"]}}],"collection":[{"href":"https:\/\/cloudsupplyvapes.com\/es\/wp-json\/wp\/v2\/product"}],"about":[{"href":"https:\/\/cloudsupplyvapes.com\/es\/wp-json\/wp\/v2\/types\/product"}],"replies":[{"embeddable":true,"href":"https:\/\/cloudsupplyvapes.com\/es\/wp-json\/wp\/v2\/comments?post=450"}],"wp:featuredmedia":[{"embeddable":true,"href":"https:\/\/cloudsupplyvapes.com\/es\/wp-json\/wp\/v2\/media\/479"}],"wp:attachment":[{"href":"https:\/\/cloudsupplyvapes.com\/es\/wp-json\/wp\/v2\/media?parent=450"}],"wp:term":[{"taxonomy":"product_brand","embeddable":true,"href":"https:\/\/cloudsupplyvapes.com\/es\/wp-json\/wp\/v2\/product_brand?post=450"},{"taxonomy":"product_cat","embeddable":true,"href":"https:\/\/cloudsupplyvapes.com\/es\/wp-json\/wp\/v2\/product_cat?post=450"},{"taxonomy":"product_tag","embeddable":true,"href":"https:\/\/cloudsupplyvapes.com\/es\/wp-json\/wp\/v2\/product_tag?post=450"}],"curies":[{"name":"wp","href":"https:\/\/api.w.org\/{rel}","templated":true}]}}