{"id":4516,"date":"2024-10-19T02:37:35","date_gmt":"2024-10-19T02:37:35","guid":{"rendered":"https:\/\/cloudsupplyvapes.com\/?post_type=product&#038;p=4516"},"modified":"2024-11-26T06:27:26","modified_gmt":"2024-11-26T06:27:26","slug":"-157","status":"publish","type":"product","link":"https:\/\/cloudsupplyvapes.com\/es\/product\/randm-tornado-7800-puffs-disposable-vape-wholesale\/","title":{"rendered":"RandM Tornado 7800 Puffs Vape desechable al por mayor Dise\u00f1o a prueba de fugas de alta capacidad"},"content":{"rendered":"<h2>R y M Tornado 7800 Desechable<\/h2>\n<ul class=\"top\">\n<li style=\"list-style-type: none;\">\n<ul class=\"top\">\n<li>Marca: R y M<\/li>\n<li>Unidad: set<\/li>\n<li>Tipo: Vape desechable<\/li>\n<li>Peso neto: 70(g)<\/li>\n<\/ul>\n<\/li>\n<\/ul>\n<p>El sistema calcular\u00e1 autom\u00e1ticamente los gastos de env\u00edo combinados despu\u00e9s de que elija el destino del env\u00edo en el paso de pago.<\/p>\n<div class=\"title\">R y M Tornado 7800 Desechable INTRODUCCI\u00d3N<\/div>\n<p>Presentaci\u00f3n de la\u00a0<b>R y M Tornado 7800<\/b>, el dispositivo perfecto para los entusiastas del vapeo MTL. Este dispositivo elegante y port\u00e1til cuenta con una bater\u00eda recargable de 850 mAh con un puerto Type-C para facilitar la carga. El Tornado 7800 viene precargado con 15 ml de jugo de vapeo, infundido con 5% (50mg) Nic Salt para un golpe suave y satisfactorio. La bobina de malla asegura un sabor \u00f3ptimo y la producci\u00f3n de vapor, mientras que el sistema de activaci\u00f3n permite un uso c\u00f3modo y sin esfuerzo. Con aproximadamente 7800 caladas por dispositivo, el Tornado 7800 est\u00e1 dise\u00f1ado para durar, por lo que es una opci\u00f3n rentable y conveniente para todas sus necesidades de vapeo. Adem\u00e1s, con 6 colores de luz RGB, puede personalizar su experiencia de vapeo para que coincida con su estado de \u00e1nimo o estilo. Experimenta lo \u00faltimo en vapeo MTL con el R y M Tornado 7800.<\/p>\n<p>&nbsp;<\/p>\n<p><b>Dado que este vape desechable adopta la tecnolog\u00eda de separaci\u00f3n de n\u00facleo de aceite, por favor, siga las instrucciones de embalaje antes de su uso.<\/b><\/p>\n<p>Orientaci\u00f3n operativa:<\/p>\n<p><span style=\"color: #ce0000;\">Paso 1: Presionar la punta de la boca<\/span><\/p>\n<p><span style=\"color: #ce0000;\">Paso 2: Arrancar la pegatina<\/span><\/p>\n<p><span style=\"color: #ce0000;\">Paso 3: D\u00e9jalo\u00a0<b>reposar 3 minutos<\/b>\u00a0despu\u00e9s de arrancar la pegatina, podr\u00e1 utilizarla<\/span><\/p>\n<p>&nbsp;<\/p>\n<p class=\"second-title\">Caracter\u00edsticas<\/p>\n<p>- Jugo de Vape Pre-llenado de 15ml<\/p>\n<p>- 5%(50mg) Sal de Nic<\/p>\n<p>- Bater\u00eda recargable de 850 mAh<\/p>\n<p>- Puerto Tipo-C<\/p>\n<p>- Aproximadamente 7800 Puffs<\/p>\n<p>- Bobina de malla<\/p>\n<p>- Activado por sorteo<\/p>\n<p>- MTL Vaping<\/p>\n<p>- Luz RGB de 6 colores<\/p>\n<div class=\"title\">R y M Tornado 7800 Desechable ESPECIFICACI\u00d3N<\/div>\n<p>Puffs: 7800<\/p>\n<p>Bater\u00eda: Recargable 850mAh<\/p>\n<p>Carga: Tipo-C<\/p>\n<p>Capacidad del e-l\u00edquido: 15ml<\/p>\n<p>Potencia de nicotina: 5%(50mg)<\/p>\n<p>Tipo de nicotina: Nic Sal<\/p>\n<p>Elemento calefactor: Bobina de malla<\/p>\n<p>Mecanismo de disparo por extracci\u00f3n<\/p>","protected":false},"excerpt":{"rendered":"<p>RandM Tornado 7800 Puffs Vape desechable al por mayor combina alta capacidad, construcci\u00f3n a prueba de fugas, y la entrega de vapor consistente para sesiones de vapeo prolongadas y fiables.<\/p>","protected":false},"featured_media":4796,"comment_status":"open","ping_status":"closed","template":"","meta":[],"product_brand":[],"product_cat":[22],"product_tag":[],"class_list":{"0":"post-4516","1":"product","2":"type-product","3":"status-publish","4":"has-post-thumbnail","6":"product_cat-disposable-vape-sticks","8":"first","9":"instock","10":"shipping-taxable","11":"purchasable","12":"product-type-simple"},"jetpack_sharing_enabled":true,"tiered_pricing_type":"fixed","tiered_pricing_fixed_rules":{"1000":16,"10000":15,"50000":13},"tiered_pricing_product_settings":{"layout":"default","base_unit_name":{"singular":null,"plural":null},"default_variation":null},"tiered_pricing_minimum_quantity":100,"tiered_pricing_roles_data":[],"tiered_pricing_percentage_rules":[],"tiered_pricing_maximum_quantity":null,"tiered_pricing_quantity_step":null,"_links":{"self":[{"href":"https:\/\/cloudsupplyvapes.com\/es\/wp-json\/wp\/v2\/product\/4516","targetHints":{"allow":["GET"]}}],"collection":[{"href":"https:\/\/cloudsupplyvapes.com\/es\/wp-json\/wp\/v2\/product"}],"about":[{"href":"https:\/\/cloudsupplyvapes.com\/es\/wp-json\/wp\/v2\/types\/product"}],"replies":[{"embeddable":true,"href":"https:\/\/cloudsupplyvapes.com\/es\/wp-json\/wp\/v2\/comments?post=4516"}],"wp:featuredmedia":[{"embeddable":true,"href":"https:\/\/cloudsupplyvapes.com\/es\/wp-json\/wp\/v2\/media\/4796"}],"wp:attachment":[{"href":"https:\/\/cloudsupplyvapes.com\/es\/wp-json\/wp\/v2\/media?parent=4516"}],"wp:term":[{"taxonomy":"product_brand","embeddable":true,"href":"https:\/\/cloudsupplyvapes.com\/es\/wp-json\/wp\/v2\/product_brand?post=4516"},{"taxonomy":"product_cat","embeddable":true,"href":"https:\/\/cloudsupplyvapes.com\/es\/wp-json\/wp\/v2\/product_cat?post=4516"},{"taxonomy":"product_tag","embeddable":true,"href":"https:\/\/cloudsupplyvapes.com\/es\/wp-json\/wp\/v2\/product_tag?post=4516"}],"curies":[{"name":"wp","href":"https:\/\/api.w.org\/{rel}","templated":true}]}}