{"id":4517,"date":"2024-10-19T02:37:35","date_gmt":"2024-10-19T02:37:35","guid":{"rendered":"https:\/\/cloudsupplyvapes.com\/?post_type=product&#038;p=4517"},"modified":"2024-11-26T06:27:37","modified_gmt":"2024-11-26T06:27:37","slug":"-158","status":"publish","type":"product","link":"https:\/\/cloudsupplyvapes.com\/es\/product\/randm-rasta-5500-puffs-disposable-vape-wholesale\/","title":{"rendered":"RandM Rasta 5500 Puffs Vape Desechable Mayorista Port\u00e1til Vapor Suave Rendimiento"},"content":{"rendered":"<h2>R and M Rasta Disposable Vape<\/h2>\n<ul class=\"top\">\n<li style=\"list-style-type: none;\">\n<ul class=\"top\">\n<li>Marca: R y M<\/li>\n<li>Unidad: set<\/li>\n<li>Tipo: Vape desechable<\/li>\n<li>Peso neto: 70(g)<\/li>\n<\/ul>\n<\/li>\n<\/ul>\n<p>El sistema calcular\u00e1 autom\u00e1ticamente los gastos de env\u00edo combinados despu\u00e9s de que elija el destino del env\u00edo en el paso de pago.<\/p>\n<div class=\"title\">R and M Rasta Disposable Vape INTRODUCTION<\/div>\n<p><b>R and M Rasta Disposable Vape<\/b>\u00a0features an ELF edition with a fantastic pattern on the front. Rasta caters to 13ml pre-filled e-juice with 5%(50mg) nicotine strength, the rechargeable 650mAh battery ensures you up to 5500 puffs per bar. It looks and feels absolutely stunning for a disposable, the curve edge and box shape help a comfortable grip. Working well with its integrated mesh coil, it is premium for a good throat hit.<\/p>\n<p class=\"second-title\">Caracter\u00edsticas<\/p>\n<p>\u2022 13ml Pre-Filled Vape juice<\/p>\n<p>- 5%(50mg) Nicotina<\/p>\n<p>- Bater\u00eda recargable de 650 mAh<\/p>\n<p>\u2022 Approximately 5500 Puffs<\/p>\n<p>- Bobina de malla<\/p>\n<p>- Activado por sorteo<\/p>\n<p>- MTL Vaping<\/p>\n<div class=\"title\">R and M Rasta Disposable Vape SPECIFICATION<\/div>\n<p>Puffs: 5500<\/p>\n<p>Bater\u00eda: Recargable 650mAh<\/p>\n<p>Carga: Tipo-C<\/p>\n<p>Capacidad del e-l\u00edquido: 13ml<\/p>\n<p>Potencia de nicotina: 5%(50mg)<\/p>\n<p>Tipo de nicotina: Nic Sal<\/p>\n<p>Elemento calefactor: Bobina de malla<\/p>\n<p>Mecanismo de disparo por extracci\u00f3n<\/p>\n<p><a href=\"https:\/\/i0.wp.com\/shop.vape.hk\/wp-content\/uploads\/2023\/10\/r-and-m-rasta-disposable-vape_1.jpg?ssl=1\" target=\"_blank\" rel=\"noopener\"><img data-recalc-dims=\"1\" loading=\"lazy\" decoding=\"async\" class=\"alignnone size-full wp-image-124411\" src=\"https:\/\/i0.wp.com\/shop.vape.hk\/wp-content\/uploads\/2023\/10\/r-and-m-rasta-disposable-vape_1.jpg?resize=900%2C853&#038;ssl=1\" alt=\"RandM Rasta 5500 Puffs Disposable Vape | Wholesale\" width=\"900\" height=\"853\" title=\"\"><\/a> <a href=\"https:\/\/i0.wp.com\/shop.vape.hk\/wp-content\/uploads\/2023\/10\/r-and-m-rasta-disposable-vape_2.jpg?ssl=1\" target=\"_blank\" rel=\"noopener\"><img data-recalc-dims=\"1\" loading=\"lazy\" decoding=\"async\" class=\"alignnone size-full wp-image-124410\" src=\"https:\/\/i0.wp.com\/shop.vape.hk\/wp-content\/uploads\/2023\/10\/r-and-m-rasta-disposable-vape_2.jpg?resize=900%2C900&#038;ssl=1\" alt=\"RandM Rasta 5500 Puffs Disposable Vape | Wholesale\" width=\"900\" height=\"900\" title=\"\"><\/a><\/p>","protected":false},"excerpt":{"rendered":"<p>RandM Rasta 5500 Puffs Disposable Vape Wholesale offers portable convenience, smooth vapor production, and a durable build for enjoyable vaping on the go.<\/p>","protected":false},"featured_media":4806,"comment_status":"open","ping_status":"closed","template":"","meta":[],"product_brand":[],"product_cat":[22],"product_tag":[],"class_list":{"0":"post-4517","1":"product","2":"type-product","3":"status-publish","4":"has-post-thumbnail","6":"product_cat-disposable-vape-sticks","8":"first","9":"instock","10":"shipping-taxable","11":"purchasable","12":"product-type-simple"},"jetpack_sharing_enabled":true,"tiered_pricing_type":"fixed","tiered_pricing_fixed_rules":{"1000":15,"10000":14,"50000":12},"tiered_pricing_product_settings":{"layout":"default","base_unit_name":{"singular":null,"plural":null},"default_variation":null},"tiered_pricing_minimum_quantity":100,"tiered_pricing_roles_data":[],"tiered_pricing_percentage_rules":[],"tiered_pricing_maximum_quantity":null,"tiered_pricing_quantity_step":null,"_links":{"self":[{"href":"https:\/\/cloudsupplyvapes.com\/es\/wp-json\/wp\/v2\/product\/4517","targetHints":{"allow":["GET"]}}],"collection":[{"href":"https:\/\/cloudsupplyvapes.com\/es\/wp-json\/wp\/v2\/product"}],"about":[{"href":"https:\/\/cloudsupplyvapes.com\/es\/wp-json\/wp\/v2\/types\/product"}],"replies":[{"embeddable":true,"href":"https:\/\/cloudsupplyvapes.com\/es\/wp-json\/wp\/v2\/comments?post=4517"}],"wp:featuredmedia":[{"embeddable":true,"href":"https:\/\/cloudsupplyvapes.com\/es\/wp-json\/wp\/v2\/media\/4806"}],"wp:attachment":[{"href":"https:\/\/cloudsupplyvapes.com\/es\/wp-json\/wp\/v2\/media?parent=4517"}],"wp:term":[{"taxonomy":"product_brand","embeddable":true,"href":"https:\/\/cloudsupplyvapes.com\/es\/wp-json\/wp\/v2\/product_brand?post=4517"},{"taxonomy":"product_cat","embeddable":true,"href":"https:\/\/cloudsupplyvapes.com\/es\/wp-json\/wp\/v2\/product_cat?post=4517"},{"taxonomy":"product_tag","embeddable":true,"href":"https:\/\/cloudsupplyvapes.com\/es\/wp-json\/wp\/v2\/product_tag?post=4517"}],"curies":[{"name":"wp","href":"https:\/\/api.w.org\/{rel}","templated":true}]}}