{"id":4518,"date":"2024-10-19T02:37:36","date_gmt":"2024-10-19T02:37:36","guid":{"rendered":"https:\/\/cloudsupplyvapes.com\/?post_type=product&#038;p=4518"},"modified":"2024-11-26T05:30:39","modified_gmt":"2024-11-26T05:30:39","slug":"-159","status":"publish","type":"product","link":"https:\/\/cloudsupplyvapes.com\/es\/product\/randm-legend-10000-puffs-disposable-vape-wholesale\/","title":{"rendered":"RandM Legend 10000 Puffs Vape desechable al por mayor de alta potencia de nicotina de construcci\u00f3n duradera"},"content":{"rendered":"<h2>R and M Legend Vape desechable<\/h2>\n<ul class=\"top\">\n<li>Marca: R y M vape<\/li>\n<li>Unidad: set<\/li>\n<li>Tipo: Vape desechable<\/li>\n<li>Peso neto: 70(g)<\/li>\n<\/ul>\n<p>El sistema calcular\u00e1 autom\u00e1ticamente los gastos de env\u00edo combinados despu\u00e9s de que elija el destino del env\u00edo en el paso de pago.<\/p>\n<div class=\"title\">R and M Legend Vape Desechable INTRODUCCI\u00d3N<\/div>\n<p>Presentaci\u00f3n de\u00a0<b>R y M Legend Desechable<\/b>un dispositivo de vapeo de vanguardia dise\u00f1ado para ofrecer una experiencia de vapeo superior. Cada dispositivo viene precargado con 20 ml de jugo de vapeo de alta calidad infundido con 5% (50mg) Nic Salt, asegurando un golpe satisfactorio cada vez. Con una bater\u00eda recargable de 650mAh y cable Type-C, el vapeador desechable R and M Legend proporciona un uso duradero y tiempos de carga r\u00e1pidos. Este dispositivo est\u00e1 dise\u00f1ado para proporcionar aproximadamente 10.000 caladas, por lo que es una opci\u00f3n rentable para cualquier entusiasta del vapeo. Con una bobina de malla y flujo de aire ajustable, el R and M Legend Desechable permite una experiencia de vapeo suave y personalizable. Adem\u00e1s, el dispositivo se activa con el tiro, eliminando la necesidad de botones o ajustes complicados. Experimenta lo \u00faltimo en vapeo con el R and M Legend.<\/p>\n<p class=\"second-title\">Caracter\u00edsticas<\/p>\n<p>- 20 ml de zumo de vapor precargado<\/p>\n<p>- 5%(50mg) Sal de Nic<\/p>\n<p>- Bater\u00eda recargable de 650 mAh<\/p>\n<p>- Cable tipo C<\/p>\n<p>- Aproximadamente 10000 Puffs<\/p>\n<p>- Bobina de malla<\/p>\n<p>- Activado por sorteo<\/p>\n<p>- Flujo de aire ajustable<\/p>\n<div class=\"title\">R and M Legend Vape Desechable ESPECIFICACI\u00d3N<\/div>\n<p>Puffs: 10000<\/p>\n<p>Bater\u00eda: Recargable 650mAh<\/p>\n<p>Carga: USB Tipo-C<\/p>\n<p>Capacidad del e-l\u00edquido: 20ml<\/p>\n<p>Potencia de nicotina: 5%(50mg)<\/p>\n<p>Tipo de nicotina: Nic Sal<\/p>\n<p>Elemento calefactor: Bobina de malla<\/p>\n<p>Mecanismo de disparo por extracci\u00f3n<\/p>\n<p><a href=\"https:\/\/i0.wp.com\/shop.vape.hk\/wp-content\/uploads\/2023\/10\/R-and-M-Legend-Disposable-Vape-Kit1.jpg?ssl=1\" target=\"_blank\" rel=\"noopener\"><img data-recalc-dims=\"1\" loading=\"lazy\" decoding=\"async\" class=\"alignnone size-full wp-image-124426\" src=\"https:\/\/i0.wp.com\/shop.vape.hk\/wp-content\/uploads\/2023\/10\/R-and-M-Legend-Disposable-Vape-Kit1.jpg?resize=811%2C1920&#038;ssl=1\" alt=\"RandM Legend 10000 Puffs Vape Desechable | Venta al por mayor\" width=\"811\" height=\"1920\" title=\"\"><\/a><\/p>","protected":false},"excerpt":{"rendered":"<p>RandM Legend 10000 Puffs Vape desechable al por mayor ofrece alta potencia de nicotina, construcci\u00f3n duradera, y la salida de vapor suave, por lo que es perfecto para la satisfacci\u00f3n vaping de larga duraci\u00f3n.<\/p>","protected":false},"featured_media":4816,"comment_status":"open","ping_status":"closed","template":"","meta":[],"product_brand":[],"product_cat":[22],"product_tag":[],"class_list":{"0":"post-4518","1":"product","2":"type-product","3":"status-publish","4":"has-post-thumbnail","6":"product_cat-disposable-vape-sticks","8":"first","9":"instock","10":"shipping-taxable","11":"purchasable","12":"product-type-simple"},"jetpack_sharing_enabled":true,"tiered_pricing_type":"fixed","tiered_pricing_fixed_rules":{"1000":17,"10000":16,"50000":14},"tiered_pricing_product_settings":{"layout":"default","base_unit_name":{"singular":null,"plural":null},"default_variation":null},"tiered_pricing_minimum_quantity":100,"tiered_pricing_roles_data":[],"tiered_pricing_percentage_rules":[],"tiered_pricing_maximum_quantity":null,"tiered_pricing_quantity_step":null,"_links":{"self":[{"href":"https:\/\/cloudsupplyvapes.com\/es\/wp-json\/wp\/v2\/product\/4518","targetHints":{"allow":["GET"]}}],"collection":[{"href":"https:\/\/cloudsupplyvapes.com\/es\/wp-json\/wp\/v2\/product"}],"about":[{"href":"https:\/\/cloudsupplyvapes.com\/es\/wp-json\/wp\/v2\/types\/product"}],"replies":[{"embeddable":true,"href":"https:\/\/cloudsupplyvapes.com\/es\/wp-json\/wp\/v2\/comments?post=4518"}],"wp:featuredmedia":[{"embeddable":true,"href":"https:\/\/cloudsupplyvapes.com\/es\/wp-json\/wp\/v2\/media\/4816"}],"wp:attachment":[{"href":"https:\/\/cloudsupplyvapes.com\/es\/wp-json\/wp\/v2\/media?parent=4518"}],"wp:term":[{"taxonomy":"product_brand","embeddable":true,"href":"https:\/\/cloudsupplyvapes.com\/es\/wp-json\/wp\/v2\/product_brand?post=4518"},{"taxonomy":"product_cat","embeddable":true,"href":"https:\/\/cloudsupplyvapes.com\/es\/wp-json\/wp\/v2\/product_cat?post=4518"},{"taxonomy":"product_tag","embeddable":true,"href":"https:\/\/cloudsupplyvapes.com\/es\/wp-json\/wp\/v2\/product_tag?post=4518"}],"curies":[{"name":"wp","href":"https:\/\/api.w.org\/{rel}","templated":true}]}}