{"id":4519,"date":"2024-10-19T02:37:36","date_gmt":"2024-10-19T02:37:36","guid":{"rendered":"https:\/\/cloudsupplyvapes.com\/?post_type=product&#038;p=4519"},"modified":"2024-11-26T05:30:51","modified_gmt":"2024-11-26T05:30:51","slug":"-160","status":"publish","type":"product","link":"https:\/\/cloudsupplyvapes.com\/es\/product\/randm-vome-monster-10000-puffs-disposable-vape-wholesale\/","title":{"rendered":"RandM Vome Monster 10000 Puffs Vape Desechable Mayorista Flujo de Aire Ajustable Rica Salida de Vapor"},"content":{"rendered":"<h2>R and M Vome Monster Vape Desechable<\/h2>\n<ul class=\"top\">\n<li style=\"list-style-type: none;\">\n<ul class=\"top\">\n<li>Marca: R and M Vape<\/li>\n<li>Unidad: set<\/li>\n<li>Tipo: Vape desechable<\/li>\n<li>Peso neto: 70(g)<\/li>\n<\/ul>\n<\/li>\n<\/ul>\n<p>El sistema calcular\u00e1 autom\u00e1ticamente los gastos de env\u00edo combinados despu\u00e9s de que elija el destino del env\u00edo en el paso de pago.<\/p>\n<div class=\"title\">R and M Vome Monster Vape Desechable INTRODUCCI\u00d3N<\/div>\n<p><b>R and M Vome Monster Vape Desechable<\/b> viene con 20ml de e-l\u00edquido para hasta 10000 caladas, la potencia de nicotina 5%(50mg) presenta un buen golpe de garganta. Dise\u00f1ado para un f\u00e1cil transporte, tiene un cord\u00f3n para llevarlo. Est\u00e1 alimentado por una bater\u00eda interna recargable de 850mAh y se recarga a trav\u00e9s de un puerto Type-C. Al acceder a un interruptor de control de flujo de aire en la parte inferior, tiene una capacidad innegable para personalizar su propio vaping MTL para equilibrar el sabor y el vapor.<\/p>\n<p class=\"second-title\">Caracter\u00edsticas<\/p>\n<p>- 20 ml de zumo de vape precargado<\/p>\n<p>- 5%(50mg) Sal de Nic<\/p>\n<p>- Bater\u00eda recargable de 850 mAh<\/p>\n<p>- Puerto Tipo-C<\/p>\n<p>- Aproximadamente 10000 Puffs<\/p>\n<p>- Bobina de malla<\/p>\n<p>- Activado por sorteo<\/p>\n<p>- MTL Vaping<\/p>\n<p>- Flujo de aire ajustable<\/p>\n<div class=\"title\">R and M Vome Monster Vape Desechable ESPECIFICACI\u00d3N<\/div>\n<p>Puffs: 10000<\/p>\n<p>Bater\u00eda: Recargable 850mAh<\/p>\n<p>Carga: Tipo-C<\/p>\n<p>Capacidad del e-l\u00edquido: 20ml<\/p>\n<p>Potencia de nicotina: 5%(50mg)<\/p>\n<p>Tipo de nicotina: Nic Sal<\/p>\n<p>Elemento calefactor: Bobina de malla<\/p>\n<p>Mecanismo de disparo por extracci\u00f3n<\/p>\n<p>&nbsp;<\/p>","protected":false},"excerpt":{"rendered":"<p>El RandM Vome Monster 10000 Puffs Vape desechable al por mayor cuenta con flujo de aire ajustable, rica producci\u00f3n de vapor, y un dise\u00f1o elegante para sesiones de vapeo personalizables y agradables.<\/p>","protected":false},"featured_media":4827,"comment_status":"open","ping_status":"closed","template":"","meta":[],"product_brand":[],"product_cat":[22],"product_tag":[],"class_list":{"0":"post-4519","1":"product","2":"type-product","3":"status-publish","4":"has-post-thumbnail","6":"product_cat-disposable-vape-sticks","8":"first","9":"instock","10":"shipping-taxable","11":"purchasable","12":"product-type-simple"},"jetpack_sharing_enabled":true,"tiered_pricing_type":"fixed","tiered_pricing_fixed_rules":{"1000":17,"10000":16,"50000":14},"tiered_pricing_product_settings":{"layout":"default","base_unit_name":{"singular":null,"plural":null},"default_variation":null},"tiered_pricing_minimum_quantity":100,"tiered_pricing_roles_data":[],"tiered_pricing_percentage_rules":[],"tiered_pricing_maximum_quantity":null,"tiered_pricing_quantity_step":null,"_links":{"self":[{"href":"https:\/\/cloudsupplyvapes.com\/es\/wp-json\/wp\/v2\/product\/4519","targetHints":{"allow":["GET"]}}],"collection":[{"href":"https:\/\/cloudsupplyvapes.com\/es\/wp-json\/wp\/v2\/product"}],"about":[{"href":"https:\/\/cloudsupplyvapes.com\/es\/wp-json\/wp\/v2\/types\/product"}],"replies":[{"embeddable":true,"href":"https:\/\/cloudsupplyvapes.com\/es\/wp-json\/wp\/v2\/comments?post=4519"}],"wp:featuredmedia":[{"embeddable":true,"href":"https:\/\/cloudsupplyvapes.com\/es\/wp-json\/wp\/v2\/media\/4827"}],"wp:attachment":[{"href":"https:\/\/cloudsupplyvapes.com\/es\/wp-json\/wp\/v2\/media?parent=4519"}],"wp:term":[{"taxonomy":"product_brand","embeddable":true,"href":"https:\/\/cloudsupplyvapes.com\/es\/wp-json\/wp\/v2\/product_brand?post=4519"},{"taxonomy":"product_cat","embeddable":true,"href":"https:\/\/cloudsupplyvapes.com\/es\/wp-json\/wp\/v2\/product_cat?post=4519"},{"taxonomy":"product_tag","embeddable":true,"href":"https:\/\/cloudsupplyvapes.com\/es\/wp-json\/wp\/v2\/product_tag?post=4519"}],"curies":[{"name":"wp","href":"https:\/\/api.w.org\/{rel}","templated":true}]}}