{"id":4520,"date":"2024-10-19T02:37:36","date_gmt":"2024-10-19T02:37:36","guid":{"rendered":"https:\/\/cloudsupplyvapes.com\/?post_type=product&#038;p=4520"},"modified":"2024-11-26T05:31:00","modified_gmt":"2024-11-26T05:31:00","slug":"-161","status":"publish","type":"product","link":"https:\/\/cloudsupplyvapes.com\/es\/product\/randm-vome-monster-7000-puffs-disposable-vape-wholesale\/","title":{"rendered":"RandM Vome Monster 7000 Puffs Vape desechable al por mayor Construcci\u00f3n ligera y duradera"},"content":{"rendered":"<h2>R y M Monstruo Desechable<\/h2>\n<ul class=\"top\">\n<li style=\"list-style-type: none;\">\n<ul class=\"top\">\n<li>Marca: R y M<\/li>\n<li>Unidad: set<\/li>\n<li>Tipo: Vape desechable<\/li>\n<li>Peso neto: 70(g)<\/li>\n<\/ul>\n<\/li>\n<\/ul>\n<p>El sistema calcular\u00e1 autom\u00e1ticamente los gastos de env\u00edo combinados despu\u00e9s de que elija el destino del env\u00edo en el paso de pago.<\/p>\n<div class=\"title\">R y M Monstruo Desechable INTRODUCCI\u00d3N<\/div>\n<p><b>R y M Monstruo Desechable<\/b>\u00a0Tiene forma de lata de Cola, 15ml de capacidad para e-juice, nivel de nicotina 5%, y una bater\u00eda recargable para hasta 7000 caladas. Monster Vape tiene una bobina de malla, que abastece a los vapores MTL, junto con 5% (50 mg) de nicotina, que le da un golpe de nicotina m\u00e1s potente para vaping sin esfuerzo. La barra de monstruo se recarga a trav\u00e9s del puerto tipo C, y es conveniente tomar mediante la utilizaci\u00f3n de un cord\u00f3n.<\/p>\n<p class=\"second-title\">Caracter\u00edsticas<\/p>\n<p>- Forma de lata de cola<\/p>\n<p>- 7000 Puffs<\/p>\n<p>- Capacidad de 15 ml<\/p>\n<p>- 5%(50mg) Potencia de nicotina<\/p>\n<p>- Bater\u00eda recargable<\/p>\n<p>- Bobina de malla<\/p>\n<p>- MTL Sorteo<\/p>\n<p>- Activado por dibujo<\/p>","protected":false},"excerpt":{"rendered":"<p>RandM Vome Monster 7000 Puffs Vape desechable al por mayor combina una construcci\u00f3n duradera con un dise\u00f1o ligero y una salida de vapor consistente para un uso port\u00e1til y conveniente.<\/p>","protected":false},"featured_media":4836,"comment_status":"open","ping_status":"closed","template":"","meta":[],"product_brand":[],"product_cat":[22],"product_tag":[],"class_list":{"0":"post-4520","1":"product","2":"type-product","3":"status-publish","4":"has-post-thumbnail","6":"product_cat-disposable-vape-sticks","8":"first","9":"instock","10":"shipping-taxable","11":"purchasable","12":"product-type-simple"},"jetpack_sharing_enabled":true,"tiered_pricing_type":"fixed","tiered_pricing_fixed_rules":{"1000":11,"10000":10,"50000":8},"tiered_pricing_product_settings":{"layout":"default","base_unit_name":{"singular":null,"plural":null},"default_variation":null},"tiered_pricing_minimum_quantity":100,"tiered_pricing_roles_data":[],"tiered_pricing_percentage_rules":[],"tiered_pricing_maximum_quantity":null,"tiered_pricing_quantity_step":null,"_links":{"self":[{"href":"https:\/\/cloudsupplyvapes.com\/es\/wp-json\/wp\/v2\/product\/4520","targetHints":{"allow":["GET"]}}],"collection":[{"href":"https:\/\/cloudsupplyvapes.com\/es\/wp-json\/wp\/v2\/product"}],"about":[{"href":"https:\/\/cloudsupplyvapes.com\/es\/wp-json\/wp\/v2\/types\/product"}],"replies":[{"embeddable":true,"href":"https:\/\/cloudsupplyvapes.com\/es\/wp-json\/wp\/v2\/comments?post=4520"}],"wp:featuredmedia":[{"embeddable":true,"href":"https:\/\/cloudsupplyvapes.com\/es\/wp-json\/wp\/v2\/media\/4836"}],"wp:attachment":[{"href":"https:\/\/cloudsupplyvapes.com\/es\/wp-json\/wp\/v2\/media?parent=4520"}],"wp:term":[{"taxonomy":"product_brand","embeddable":true,"href":"https:\/\/cloudsupplyvapes.com\/es\/wp-json\/wp\/v2\/product_brand?post=4520"},{"taxonomy":"product_cat","embeddable":true,"href":"https:\/\/cloudsupplyvapes.com\/es\/wp-json\/wp\/v2\/product_cat?post=4520"},{"taxonomy":"product_tag","embeddable":true,"href":"https:\/\/cloudsupplyvapes.com\/es\/wp-json\/wp\/v2\/product_tag?post=4520"}],"curies":[{"name":"wp","href":"https:\/\/api.w.org\/{rel}","templated":true}]}}