{"id":4521,"date":"2024-10-19T02:37:36","date_gmt":"2024-10-19T02:37:36","guid":{"rendered":"https:\/\/cloudsupplyvapes.com\/?post_type=product&#038;p=4521"},"modified":"2024-11-26T05:31:11","modified_gmt":"2024-11-26T05:31:11","slug":"-162","status":"publish","type":"product","link":"https:\/\/cloudsupplyvapes.com\/es\/product\/randm-vome-sunax-21000-puffs-disposable-vape-wholesale\/","title":{"rendered":"RandM Vome Sunax 21000 Puffs Vape Desechable Mayorista Alta Capacidad Golpe Suave Garganta"},"content":{"rendered":"<h2>R and M Sunax Vape Desechable<\/h2>\n<ul class=\"top\">\n<li style=\"list-style-type: none;\">\n<ul class=\"top\">\n<li>Marca: R y M<\/li>\n<li>Unidad: set<\/li>\n<li>Tipo: Vape desechable<\/li>\n<li>Peso neto: 70(g)<\/li>\n<\/ul>\n<\/li>\n<\/ul>\n<p>El sistema calcular\u00e1 autom\u00e1ticamente los gastos de env\u00edo combinados despu\u00e9s de que elija el destino del env\u00edo en el paso de pago.<\/p>\n<div class=\"title\">R and M Sunax Vape Desechable INTRODUCCI\u00d3N<\/div>\n<p><b>R and M Sunax Vape Desechable<\/b>\u00a0es un desechable \u00fanico que tiene tres vainas cambiables para reemplazar, cada vape acomoda hasta 14 ml de jugo de vape y sirve hasta 7000 caladas. Con un dise\u00f1o minimalista, de flujo de aire ajustable y f\u00e1cil de usar, es alimentado por una bater\u00eda recargable de 850mAh y se recarga a trav\u00e9s de un puerto Tipo-C, cada paquete de vapeo Sunax puede dar 21000 caladas en total. Podr\u00eda decirse que es un excelente desechable para las personas que buscan grandes caladas y son entusiastas de la alta potencia de nicotina.<\/p>\n<p class=\"second-title\">Caracter\u00edsticas<\/p>\n<p>- Mosto precargado de 14 ml<\/p>\n<p>- Tres vainas intercambiables<\/p>\n<p>- 7000 inhalaciones por c\u00e1psula<\/p>\n<p>- 21000 Puffs En Total<\/p>\n<p>- 5%(50mg) Nicotina<\/p>\n<p>- Bater\u00eda recargable de 850 mAh<\/p>\n<p>- Bobina de malla<\/p>\n<p>- Activado por sorteo<\/p>\n<p>- MTL Vaping<\/p>\n<p>- Bobina de malla<\/p>\n<p>- Flujo de aire ajustable<\/p>\n<div class=\"title\">R and M Sunax Vape Desechable ESPECIFICACI\u00d3N<\/div>\n<p>Bocanadas: 21000(7000*3)<\/p>\n<p>Bater\u00eda: Recargable 850mAh<\/p>\n<p>Carga: Tipo-C<\/p>\n<p>Capacidad del Pod: 14ml<\/p>\n<p>Potencia de nicotina: 5%(50mg)<\/p>\n<p>Tipo de nicotina: Nic Sal<\/p>\n<p>Elemento calefactor: Bobina de malla<\/p>\n<p>Mecanismo de disparo por extracci\u00f3n<\/p>\n<p><a href=\"https:\/\/i0.wp.com\/shop.vape.hk\/wp-content\/uploads\/2023\/10\/R-and-M-Sunax-210001-1.jpg?ssl=1\" target=\"_blank\" rel=\"noopener\"><img data-recalc-dims=\"1\" loading=\"lazy\" decoding=\"async\" class=\"alignnone size-full wp-image-124491\" src=\"https:\/\/i0.wp.com\/shop.vape.hk\/wp-content\/uploads\/2023\/10\/R-and-M-Sunax-210001-1.jpg?resize=960%2C1920&#038;ssl=1\" alt=\"RandM Vome Sunax 21000 Puffs Vape Desechable | Venta al por mayor\" width=\"960\" height=\"1920\" title=\"\"><\/a><\/p>","protected":false},"excerpt":{"rendered":"<p>El RandM Vome Sunax 21000 Puffs Vape desechable al por mayor ofrece una gran capacidad, suaves golpes de garganta, y un dise\u00f1o elegante para experiencias de vapeo prolongadas y satisfactorias.<\/p>","protected":false},"featured_media":4848,"comment_status":"open","ping_status":"closed","template":"","meta":[],"product_brand":[],"product_cat":[22],"product_tag":[],"class_list":{"0":"post-4521","1":"product","2":"type-product","3":"status-publish","4":"has-post-thumbnail","6":"product_cat-disposable-vape-sticks","8":"first","9":"instock","10":"shipping-taxable","11":"purchasable","12":"product-type-simple"},"jetpack_sharing_enabled":true,"tiered_pricing_type":"fixed","tiered_pricing_fixed_rules":{"1000":18,"10000":17,"50000":15},"tiered_pricing_product_settings":{"layout":"default","base_unit_name":{"singular":null,"plural":null},"default_variation":null},"tiered_pricing_minimum_quantity":100,"tiered_pricing_roles_data":[],"tiered_pricing_percentage_rules":[],"tiered_pricing_maximum_quantity":null,"tiered_pricing_quantity_step":null,"_links":{"self":[{"href":"https:\/\/cloudsupplyvapes.com\/es\/wp-json\/wp\/v2\/product\/4521","targetHints":{"allow":["GET"]}}],"collection":[{"href":"https:\/\/cloudsupplyvapes.com\/es\/wp-json\/wp\/v2\/product"}],"about":[{"href":"https:\/\/cloudsupplyvapes.com\/es\/wp-json\/wp\/v2\/types\/product"}],"replies":[{"embeddable":true,"href":"https:\/\/cloudsupplyvapes.com\/es\/wp-json\/wp\/v2\/comments?post=4521"}],"wp:featuredmedia":[{"embeddable":true,"href":"https:\/\/cloudsupplyvapes.com\/es\/wp-json\/wp\/v2\/media\/4848"}],"wp:attachment":[{"href":"https:\/\/cloudsupplyvapes.com\/es\/wp-json\/wp\/v2\/media?parent=4521"}],"wp:term":[{"taxonomy":"product_brand","embeddable":true,"href":"https:\/\/cloudsupplyvapes.com\/es\/wp-json\/wp\/v2\/product_brand?post=4521"},{"taxonomy":"product_cat","embeddable":true,"href":"https:\/\/cloudsupplyvapes.com\/es\/wp-json\/wp\/v2\/product_cat?post=4521"},{"taxonomy":"product_tag","embeddable":true,"href":"https:\/\/cloudsupplyvapes.com\/es\/wp-json\/wp\/v2\/product_tag?post=4521"}],"curies":[{"name":"wp","href":"https:\/\/api.w.org\/{rel}","templated":true}]}}