{"id":4522,"date":"2024-10-19T02:37:36","date_gmt":"2024-10-19T02:37:36","guid":{"rendered":"https:\/\/cloudsupplyvapes.com\/?post_type=product&#038;p=4522"},"modified":"2024-11-26T06:27:01","modified_gmt":"2024-11-26T06:27:01","slug":"-163","status":"publish","type":"product","link":"https:\/\/cloudsupplyvapes.com\/es\/product\/randm-magic-7000-puffs-disposable-vape-wholesale\/","title":{"rendered":"RandM Magic 7000 Puffs Vape desechable al por mayor de construcci\u00f3n ligera y duradera"},"content":{"rendered":"<h2>R and M Magic 7000 Vape desechable<\/h2>\n<ul class=\"top\">\n<li>Marca:\u00a0<b>RandM Vape<\/b><b><\/b><\/li>\n<li>Unidad: set<\/li>\n<li>Tipo:\u00a0<b>Vape desechable<\/b><\/li>\n<li>Peso neto: 68(g)<\/li>\n<\/ul>\n<p>El sistema calcular\u00e1 autom\u00e1ticamente los gastos de env\u00edo combinados despu\u00e9s de que elija el destino del env\u00edo en el paso de pago.<\/p>\n<div class=\"title\">R and M Magic 7000 Vape Desechable INTRODUCCI\u00d3N<\/div>\n<p><b>R and M Magic 7000 Vape desechable<\/b>\u00a0viene con 14,5 ml de jugo de vape precargado, una bater\u00eda recargable incorporada, flujo de aire ajustable y puede proporcionarle alrededor de 7000 caladas. Para simplificar el vapeo, el Magic 7000 se activa por extracci\u00f3n. No es necesario pulsar ning\u00fan bot\u00f3n. Con el fin de hacer vaping divertido, una linterna RGB se utiliza para hacer que el m\u00e1s fresco entre los vapers ordinarios. Coge este R and M Magic 7000 y disfruta de su m\u00e1gico poder. Vaping debe ser divertido y f\u00e1cil con un R y M Magic 7000.<\/p>\n<p class=\"second-title\">Caracter\u00edsticas<\/p>\n<p>- E-l\u00edquido precargado de 14,5 ml<\/p>\n<p>- 5%(50mg) Nicotina<\/p>\n<p>- Bobina de malla<\/p>\n<p>- Bater\u00eda integrada recargable<\/p>\n<p>- Aproximadamente 7000 Puffs<\/p>\n<p>- Puerto Tipo-C (cable no incluido)<\/p>\n<p>- Flujo de aire ajustable<\/p>\n<p>- Linterna RGB<\/p>\n<p>- Activado por sorteo<\/p>\n<p>- MTL Vaping<\/p>","protected":false},"excerpt":{"rendered":"<p>El vaporizador desechable RandM Magic 7000 Puffs ofrece una construcci\u00f3n ligera y duradera, proporcionando un vapor suave y un rendimiento constante para sesiones de vapeo sin problemas.<\/p>","protected":false},"featured_media":4861,"comment_status":"open","ping_status":"closed","template":"","meta":[],"product_brand":[],"product_cat":[22],"product_tag":[],"class_list":{"0":"post-4522","1":"product","2":"type-product","3":"status-publish","4":"has-post-thumbnail","6":"product_cat-disposable-vape-sticks","8":"first","9":"instock","10":"shipping-taxable","11":"purchasable","12":"product-type-simple"},"jetpack_sharing_enabled":true,"tiered_pricing_type":"fixed","tiered_pricing_fixed_rules":{"1000":14,"10000":13,"50000":11},"tiered_pricing_product_settings":{"layout":"default","base_unit_name":{"singular":null,"plural":null},"default_variation":null},"tiered_pricing_minimum_quantity":100,"tiered_pricing_roles_data":[],"tiered_pricing_percentage_rules":[],"tiered_pricing_maximum_quantity":null,"tiered_pricing_quantity_step":null,"_links":{"self":[{"href":"https:\/\/cloudsupplyvapes.com\/es\/wp-json\/wp\/v2\/product\/4522","targetHints":{"allow":["GET"]}}],"collection":[{"href":"https:\/\/cloudsupplyvapes.com\/es\/wp-json\/wp\/v2\/product"}],"about":[{"href":"https:\/\/cloudsupplyvapes.com\/es\/wp-json\/wp\/v2\/types\/product"}],"replies":[{"embeddable":true,"href":"https:\/\/cloudsupplyvapes.com\/es\/wp-json\/wp\/v2\/comments?post=4522"}],"wp:featuredmedia":[{"embeddable":true,"href":"https:\/\/cloudsupplyvapes.com\/es\/wp-json\/wp\/v2\/media\/4861"}],"wp:attachment":[{"href":"https:\/\/cloudsupplyvapes.com\/es\/wp-json\/wp\/v2\/media?parent=4522"}],"wp:term":[{"taxonomy":"product_brand","embeddable":true,"href":"https:\/\/cloudsupplyvapes.com\/es\/wp-json\/wp\/v2\/product_brand?post=4522"},{"taxonomy":"product_cat","embeddable":true,"href":"https:\/\/cloudsupplyvapes.com\/es\/wp-json\/wp\/v2\/product_cat?post=4522"},{"taxonomy":"product_tag","embeddable":true,"href":"https:\/\/cloudsupplyvapes.com\/es\/wp-json\/wp\/v2\/product_tag?post=4522"}],"curies":[{"name":"wp","href":"https:\/\/api.w.org\/{rel}","templated":true}]}}