{"id":4603,"date":"2024-10-19T02:38:00","date_gmt":"2024-10-19T02:38:00","guid":{"rendered":"https:\/\/cloudsupplyvapes.com\/?post_type=product&#038;p=4603"},"modified":"2024-11-26T05:27:21","modified_gmt":"2024-11-26T05:27:21","slug":"-166","status":"publish","type":"product","link":"https:\/\/cloudsupplyvapes.com\/es\/product\/elfworld-reload-6000-puffs-disposable-vape-wholesale\/","title":{"rendered":"ELFWORLD Reload 6000 Puffs Vape desechable al por mayor de alta calidad Dise\u00f1o a prueba de fugas"},"content":{"rendered":"<h2>ELFWORLD Reload Vape desechable<\/h2>\n<ul class=\"top\">\n<li>Marca:\u00a0<b>Elfworld Vaporizadores<\/b><b><\/b><\/li>\n<li>Unidad: set<\/li>\n<li>Tipo:\u00a0<b>Vape desechable<\/b><\/li>\n<li>Peso neto: 60(g)<\/li>\n<\/ul>\n<p>El sistema calcular\u00e1 autom\u00e1ticamente los gastos de env\u00edo combinados despu\u00e9s de que elija el destino del env\u00edo en el paso de pago.<\/p>\n<div class=\"title\">ELFWORLD Reload Vape desechable INTRODUCCI\u00d3N<\/div>\n<p><b>ELFWORLD Reload Vape desechable<\/b>\u00a0Tiene un cuerpo principalmente de pl\u00e1stico, con un cartucho reemplazable y una base recargable. Cada dispositivo tiene capacidad para 12 ml de e-l\u00edquido precargado y un contenido de sal de nicotina 5% (50 mg) para hasta 6000 caladas. El cartucho se conecta mediante una conexi\u00f3n magn\u00e9tica. Ofrece un vapor sabroso y tiene un cuerpo cuadrado muy llamativo para llevar a cualquier parte. Con un rendimiento c\u00f3modo, este vaporizador desechable todo en uno evita la combusti\u00f3n y mejora la utilizaci\u00f3n del e-l\u00edquido gracias a su bobina de malla integrada.<\/p>\n<p class=\"second-title\">Caracter\u00edsticas<\/p>\n<p>\u2022 Material: PC, PCTG y AL<\/p>\n<p>\u2022 12 ml de l\u00edquido para vapeo precargado<\/p>\n<p>- Bater\u00eda recargable de 650 mAh<\/p>\n<p>\u2022 Cable tipo C (no incluido)<\/p>\n<p>- 5%(50mg) Sal de Nic<\/p>\n<p>- Aproximadamente 6000 Puffs<\/p>\n<p>- Bobina de malla<\/p>\n<p>- Activado por sorteo<\/p>\n<p><a href=\"https:\/\/i0.wp.com\/shop.vape.hk\/wp-content\/uploads\/2023\/10\/elfworld-reload-detail.jpg?ssl=1\" target=\"_blank\" rel=\"noopener\"><img data-recalc-dims=\"1\" loading=\"lazy\" decoding=\"async\" class=\"alignnone size-full wp-image-124562\" src=\"https:\/\/i0.wp.com\/shop.vape.hk\/wp-content\/uploads\/2023\/10\/elfworld-reload-detail.jpg?resize=1020%2C1633&#038;ssl=1\" alt=\"ELFWORLD Reload 6000 Puffs Vape Desechable | Mayorista\" width=\"1020\" height=\"1633\" title=\"\"><\/a><\/p>","protected":false},"excerpt":{"rendered":"<p>El vaporizador desechable ELFWORLD Reload 6000 Puffs al por mayor ofrece una fabricaci\u00f3n de alta calidad, un dise\u00f1o a prueba de fugas y una salida de vapor suave, perfecto para sesiones de vapeo fiables y sin complicaciones.<\/p>","protected":false},"featured_media":4888,"comment_status":"open","ping_status":"closed","template":"","meta":[],"product_brand":[],"product_cat":[22,480],"product_tag":[467],"class_list":{"0":"post-4603","1":"product","2":"type-product","3":"status-publish","4":"has-post-thumbnail","6":"product_cat-disposable-vape-sticks","7":"product_cat-elfworld","8":"product_tag-elfworld","10":"first","11":"instock","12":"shipping-taxable","13":"purchasable","14":"product-type-simple"},"jetpack_sharing_enabled":true,"tiered_pricing_type":"fixed","tiered_pricing_fixed_rules":{"1000":6,"10000":5,"50000":4},"tiered_pricing_product_settings":{"layout":"default","base_unit_name":{"singular":null,"plural":null},"default_variation":null},"tiered_pricing_minimum_quantity":100,"tiered_pricing_roles_data":[],"tiered_pricing_percentage_rules":[],"tiered_pricing_maximum_quantity":null,"tiered_pricing_quantity_step":null,"_links":{"self":[{"href":"https:\/\/cloudsupplyvapes.com\/es\/wp-json\/wp\/v2\/product\/4603","targetHints":{"allow":["GET"]}}],"collection":[{"href":"https:\/\/cloudsupplyvapes.com\/es\/wp-json\/wp\/v2\/product"}],"about":[{"href":"https:\/\/cloudsupplyvapes.com\/es\/wp-json\/wp\/v2\/types\/product"}],"replies":[{"embeddable":true,"href":"https:\/\/cloudsupplyvapes.com\/es\/wp-json\/wp\/v2\/comments?post=4603"}],"wp:featuredmedia":[{"embeddable":true,"href":"https:\/\/cloudsupplyvapes.com\/es\/wp-json\/wp\/v2\/media\/4888"}],"wp:attachment":[{"href":"https:\/\/cloudsupplyvapes.com\/es\/wp-json\/wp\/v2\/media?parent=4603"}],"wp:term":[{"taxonomy":"product_brand","embeddable":true,"href":"https:\/\/cloudsupplyvapes.com\/es\/wp-json\/wp\/v2\/product_brand?post=4603"},{"taxonomy":"product_cat","embeddable":true,"href":"https:\/\/cloudsupplyvapes.com\/es\/wp-json\/wp\/v2\/product_cat?post=4603"},{"taxonomy":"product_tag","embeddable":true,"href":"https:\/\/cloudsupplyvapes.com\/es\/wp-json\/wp\/v2\/product_tag?post=4603"}],"curies":[{"name":"wp","href":"https:\/\/api.w.org\/{rel}","templated":true}]}}