{"id":4605,"date":"2024-10-19T02:38:00","date_gmt":"2024-10-19T02:38:00","guid":{"rendered":"https:\/\/cloudsupplyvapes.com\/?post_type=product&#038;p=4605"},"modified":"2024-11-26T05:27:45","modified_gmt":"2024-11-26T05:27:45","slug":"-168","status":"publish","type":"product","link":"https:\/\/cloudsupplyvapes.com\/es\/product\/elfworld-mc8500-8500-puffs-disposable-vape-wholesale\/","title":{"rendered":"ELFWORLD MC8500 8500 Puffs Vape desechable al por mayor Compacto Rendimiento duradero"},"content":{"rendered":"<h2>ELFWORLD MC8500 Vape desechable<\/h2>\n<ul class=\"top\">\n<li style=\"list-style-type: none;\">\n<ul class=\"top\">\n<li>Marca:\u00a0<b>ELFWORLD<\/b><\/li>\n<li>Unidad: set<\/li>\n<li>Tipo:\u00a0<b>Vape desechable<\/b><\/li>\n<li>Peso neto: 90(g)<\/li>\n<\/ul>\n<\/li>\n<\/ul>\n<p>El sistema calcular\u00e1 autom\u00e1ticamente los gastos de env\u00edo combinados despu\u00e9s de que elija el destino del env\u00edo en el paso de pago.<\/p>\n<div class=\"title\">ELFWORLD MC8500 Vape Desechable INTRODUCCI\u00d3N<\/div>\n<p><b>ELFWORLD MC8500 Vape desechable<\/b>\u00a0est\u00e1 precargado con 16ml de jugo de vapeo a 5%(50mg) de potencia de nicotina, funciona con una bater\u00eda recargable de 650mAh, puedes disfrutar de un vapor inigualable a trav\u00e9s de su bobina de malla integrada, y cada dispositivo ofrece hasta 8500 caladas. Su dise\u00f1o en forma de C alargada, adornada con un exterior de resina de imitaci\u00f3n con estilo, a\u00f1ade un toque de elegancia, y la inclusi\u00f3n de un cord\u00f3n mejora la portabilidad y comodidad. La bobina de malla garantiza un sabor y una producci\u00f3n de vapor \u00f3ptimos hasta 8500 caladas.<\/p>\n<p class=\"second-title\">Caracter\u00edsticas<\/p>\n<p>- Jugo de Vape Pre-llenado de 16ml<\/p>\n<p>- 5%(50mg) Sal de Nic<\/p>\n<p>- Bater\u00eda recargable de 650 mAh<\/p>\n<p>- Puerto USB-C<\/p>\n<p>- Aproximadamente 8500 Puffs<\/p>\n<p>- Bobina de malla<\/p>\n<p>- Activado por sorteo<\/p>\n<p><b>Sabor:<\/b><\/p>\n<p>Delicioso<\/p>\n<p>Menta<\/p>\n<p>Hielo de uva<\/p>\n<p>Sand\u00eda con fresa<\/p>\n<p>Hielo triple de bayas<\/p>\n<p>Hielo razz azul<\/p>\n<p>Hielo exuberante<\/p>\n<p>Hielo de melocot\u00f3n jugoso<\/p>","protected":false},"excerpt":{"rendered":"<p>El ELFWORLD MC8500 8500 Puffs Vape desechable al por mayor cuenta con un dise\u00f1o compacto, construcci\u00f3n duradera, y suaves golpes de garganta para una experiencia vaping premium.<\/p>","protected":false},"featured_media":4908,"comment_status":"open","ping_status":"closed","template":"","meta":[],"product_brand":[],"product_cat":[22,480],"product_tag":[467],"class_list":{"0":"post-4605","1":"product","2":"type-product","3":"status-publish","4":"has-post-thumbnail","6":"product_cat-disposable-vape-sticks","7":"product_cat-elfworld","8":"product_tag-elfworld","10":"first","11":"instock","12":"shipping-taxable","13":"purchasable","14":"product-type-simple"},"jetpack_sharing_enabled":true,"tiered_pricing_type":"fixed","tiered_pricing_fixed_rules":{"1000":7,"10000":6,"50000":5},"tiered_pricing_product_settings":{"layout":"default","base_unit_name":{"singular":null,"plural":null},"default_variation":null},"tiered_pricing_minimum_quantity":100,"tiered_pricing_roles_data":[],"tiered_pricing_percentage_rules":[],"tiered_pricing_maximum_quantity":null,"tiered_pricing_quantity_step":null,"_links":{"self":[{"href":"https:\/\/cloudsupplyvapes.com\/es\/wp-json\/wp\/v2\/product\/4605","targetHints":{"allow":["GET"]}}],"collection":[{"href":"https:\/\/cloudsupplyvapes.com\/es\/wp-json\/wp\/v2\/product"}],"about":[{"href":"https:\/\/cloudsupplyvapes.com\/es\/wp-json\/wp\/v2\/types\/product"}],"replies":[{"embeddable":true,"href":"https:\/\/cloudsupplyvapes.com\/es\/wp-json\/wp\/v2\/comments?post=4605"}],"wp:featuredmedia":[{"embeddable":true,"href":"https:\/\/cloudsupplyvapes.com\/es\/wp-json\/wp\/v2\/media\/4908"}],"wp:attachment":[{"href":"https:\/\/cloudsupplyvapes.com\/es\/wp-json\/wp\/v2\/media?parent=4605"}],"wp:term":[{"taxonomy":"product_brand","embeddable":true,"href":"https:\/\/cloudsupplyvapes.com\/es\/wp-json\/wp\/v2\/product_brand?post=4605"},{"taxonomy":"product_cat","embeddable":true,"href":"https:\/\/cloudsupplyvapes.com\/es\/wp-json\/wp\/v2\/product_cat?post=4605"},{"taxonomy":"product_tag","embeddable":true,"href":"https:\/\/cloudsupplyvapes.com\/es\/wp-json\/wp\/v2\/product_tag?post=4605"}],"curies":[{"name":"wp","href":"https:\/\/api.w.org\/{rel}","templated":true}]}}