{"id":4606,"date":"2024-10-19T02:38:00","date_gmt":"2024-10-19T02:38:00","guid":{"rendered":"https:\/\/cloudsupplyvapes.com\/?post_type=product&#038;p=4606"},"modified":"2024-11-26T05:27:58","modified_gmt":"2024-11-26T05:27:58","slug":"-169","status":"publish","type":"product","link":"https:\/\/cloudsupplyvapes.com\/es\/product\/elfworld-i15-pro-12000-puffs-disposable-vape-wholesale\/","title":{"rendered":"ELFWORLD I15 Pro 12000 Puffs Vape desechable al por mayor recargable de alta capacidad de dise\u00f1o"},"content":{"rendered":"<h2>ELFWORLD I15 Pro Vape desechable<\/h2>\n<ul class=\"top\">\n<li style=\"list-style-type: none;\">\n<ul class=\"top\">\n<li>Marca:\u00a0<b>ELFWORLD<\/b><\/li>\n<li>Unidad: set<\/li>\n<li>Tipo:\u00a0<b>Vape desechable<\/b><\/li>\n<li>Peso neto: 70(g)<\/li>\n<\/ul>\n<\/li>\n<\/ul>\n<p>El sistema calcular\u00e1 autom\u00e1ticamente los gastos de env\u00edo combinados despu\u00e9s de que elija el destino del env\u00edo en el paso de pago.<\/p>\n<div class=\"title\">ELFWORLD I15 Pro Vape Desechable INTRODUCCI\u00d3N<\/div>\n<p><b>ELFWORLD I15 Pro Vape desechable<\/b>\u00a0viene con 18ml de zumo de vape precargado, una bater\u00eda recargable de 600mAh, una pantalla que muestra la duraci\u00f3n de la bater\u00eda y el nivel de zumo de vape y puede proporcionar a los vapeadores unas 12000 caladas. ELFWORLD I15 Pro es la versi\u00f3n mejorada y m\u00e1s potente. Con 18ml de zumo, puede producir 12000 caladas. Es f\u00e1cil de usar por inhalaci\u00f3n y tambi\u00e9n inteligente. Una pantalla le muestra la duraci\u00f3n de la bater\u00eda y el nivel de jugo de vape claramente. Sabr\u00e1s cu\u00e1ndo recargar y d\u00f3nde comprar una nueva. I15 Pro es el futuro de los vapeadores desechables.<\/p>\n<p class=\"second-title\">Caracter\u00edsticas<\/p>\n<p>- E-l\u00edquido precargado de 18ml<\/p>\n<p>- Bater\u00eda recargable de 600 mAh<\/p>\n<p>- 5%(50mg) Potencia de nicotina<\/p>\n<p>- Bobina de malla<\/p>\n<p>- Pantalla de duraci\u00f3n de la bater\u00eda y nivel de jugo de vape<\/p>\n<p>- Carga USB Type-C (cable no incluido)<\/p>\n<p>- Aproximadamente 12000 Puffs<\/p>\n<p>- Activado por sorteo<\/p>\n<p>- MTL Vaping<\/p>\n<p><a href=\"https:\/\/i0.wp.com\/shop.vape.hk\/wp-content\/uploads\/2023\/10\/New-Invention-Elfworld-I15-PRO-12000-Puffs-Apple-Super-Thin-Disposable-Vape-Long-Lasting-Flavor-Ultra-Thin-E-Cig-Elf-World-Puff-Vape-Pen-OEM-Business-Elites.webp?ssl=1\" target=\"_blank\" rel=\"noopener\"><img data-recalc-dims=\"1\" loading=\"lazy\" decoding=\"async\" class=\"alignnone size-full wp-image-124590\" src=\"https:\/\/i0.wp.com\/shop.vape.hk\/wp-content\/uploads\/2023\/10\/New-Invention-Elfworld-I15-PRO-12000-Puffs-Apple-Super-Thin-Disposable-Vape-Long-Lasting-Flavor-Ultra-Thin-E-Cig-Elf-World-Puff-Vape-Pen-OEM-Business-Elites.webp?resize=1020%2C572&#038;ssl=1\" alt=\"ELFWORLD MC8500 8500 Puffs Vape Desechable | Venta al por mayor\" width=\"1020\" height=\"572\" title=\"\"><\/a><\/p>","protected":false},"excerpt":{"rendered":"<p>ELFWORLD I15 Pro 12000 Puffs Vape desechable al por mayor combina una alta capacidad con la comodidad recargable, lo que garantiza sesiones de vapeo prolongadas y una entrega de vapor suave.<\/p>","protected":false},"featured_media":4909,"comment_status":"open","ping_status":"closed","template":"","meta":[],"product_brand":[],"product_cat":[22,480],"product_tag":[467],"class_list":{"0":"post-4606","1":"product","2":"type-product","3":"status-publish","4":"has-post-thumbnail","6":"product_cat-disposable-vape-sticks","7":"product_cat-elfworld","8":"product_tag-elfworld","10":"first","11":"instock","12":"shipping-taxable","13":"purchasable","14":"product-type-simple"},"jetpack_sharing_enabled":true,"tiered_pricing_type":"fixed","tiered_pricing_fixed_rules":{"1000":9,"10000":8,"50000":7},"tiered_pricing_product_settings":{"layout":"default","base_unit_name":{"singular":null,"plural":null},"default_variation":null},"tiered_pricing_minimum_quantity":100,"tiered_pricing_roles_data":[],"tiered_pricing_percentage_rules":[],"tiered_pricing_maximum_quantity":null,"tiered_pricing_quantity_step":null,"_links":{"self":[{"href":"https:\/\/cloudsupplyvapes.com\/es\/wp-json\/wp\/v2\/product\/4606","targetHints":{"allow":["GET"]}}],"collection":[{"href":"https:\/\/cloudsupplyvapes.com\/es\/wp-json\/wp\/v2\/product"}],"about":[{"href":"https:\/\/cloudsupplyvapes.com\/es\/wp-json\/wp\/v2\/types\/product"}],"replies":[{"embeddable":true,"href":"https:\/\/cloudsupplyvapes.com\/es\/wp-json\/wp\/v2\/comments?post=4606"}],"wp:featuredmedia":[{"embeddable":true,"href":"https:\/\/cloudsupplyvapes.com\/es\/wp-json\/wp\/v2\/media\/4909"}],"wp:attachment":[{"href":"https:\/\/cloudsupplyvapes.com\/es\/wp-json\/wp\/v2\/media?parent=4606"}],"wp:term":[{"taxonomy":"product_brand","embeddable":true,"href":"https:\/\/cloudsupplyvapes.com\/es\/wp-json\/wp\/v2\/product_brand?post=4606"},{"taxonomy":"product_cat","embeddable":true,"href":"https:\/\/cloudsupplyvapes.com\/es\/wp-json\/wp\/v2\/product_cat?post=4606"},{"taxonomy":"product_tag","embeddable":true,"href":"https:\/\/cloudsupplyvapes.com\/es\/wp-json\/wp\/v2\/product_tag?post=4606"}],"curies":[{"name":"wp","href":"https:\/\/api.w.org\/{rel}","templated":true}]}}