{"id":4608,"date":"2024-10-19T02:38:00","date_gmt":"2024-10-19T02:38:00","guid":{"rendered":"https:\/\/cloudsupplyvapes.com\/?post_type=product&#038;p=4608"},"modified":"2024-11-26T05:30:26","modified_gmt":"2024-11-26T05:30:26","slug":"-171","status":"publish","type":"product","link":"https:\/\/cloudsupplyvapes.com\/es\/product\/elfworld-trans-7500-puffs-disposable-vape-wholesale\/","title":{"rendered":"ELFWORLD TRANS 7500 Puffs Vape desechable al por mayor Dise\u00f1o ligero ultra port\u00e1til"},"content":{"rendered":"<h3 class=\"section-header__title\">DESCRIPCI\u00d3N DEL PRODUCTO<\/h3>\n<p><strong>ELFWORLD TRANS 7500 contiene 5% Nicotina.<\/strong><\/p>\n<p>La serie ELFWORLD TRANS 7500 est\u00e1 precargada con 15mL de e-l\u00edquido e integra una compacta bater\u00eda recargable de 650mAh, que suministra hasta 7.500 dulces y satisfactorias caladas.<\/p>\n<p><strong>Caracter\u00edsticas:<\/strong><\/p>\n<ul>\n<li>Activaci\u00f3n autom\u00e1tica del sorteo<\/li>\n<li>15mL - 50mg Nicotina E Juice<\/li>\n<li>Bater\u00eda recargable integrada de 650 mAh (USB-C)<\/li>\n<li>Proporciona hasta 7500 Puffs<\/li>\n<\/ul>\n<p><a href=\"https:\/\/i0.wp.com\/shop.vape.hk\/wp-content\/uploads\/2023\/10\/202306011058156aa77cbe218b484c8f7c9ff4371e92ce.webp?ssl=1\" target=\"_blank\" rel=\"noopener\"><img data-recalc-dims=\"1\" loading=\"lazy\" decoding=\"async\" class=\"alignnone size-full wp-image-124592\" src=\"https:\/\/i0.wp.com\/shop.vape.hk\/wp-content\/uploads\/2023\/10\/202306011058156aa77cbe218b484c8f7c9ff4371e92ce.webp?resize=800%2C408&#038;ssl=1\" alt=\"ELFWORLD TRANS 7500 Puffs Vape Desechable | Venta al por mayor\" width=\"800\" height=\"408\" title=\"\"><\/a><\/p>","protected":false},"excerpt":{"rendered":"<p>ELFWORLD TRANS 7500 Puffs Vape desechable al por mayor ofrece un dise\u00f1o ligero y ultra-port\u00e1til con salida de vapor suave y un rendimiento constante para vapear sobre la marcha.<\/p>","protected":false},"featured_media":4920,"comment_status":"open","ping_status":"closed","template":"","meta":[],"product_brand":[],"product_cat":[22,480],"product_tag":[467],"class_list":{"0":"post-4608","1":"product","2":"type-product","3":"status-publish","4":"has-post-thumbnail","6":"product_cat-disposable-vape-sticks","7":"product_cat-elfworld","8":"product_tag-elfworld","10":"first","11":"instock","12":"shipping-taxable","13":"purchasable","14":"product-type-simple"},"jetpack_sharing_enabled":true,"tiered_pricing_type":"fixed","tiered_pricing_fixed_rules":{"1000":6,"10000":5,"50000":4},"tiered_pricing_product_settings":{"layout":"default","base_unit_name":{"singular":null,"plural":null},"default_variation":null},"tiered_pricing_minimum_quantity":100,"tiered_pricing_roles_data":[],"tiered_pricing_percentage_rules":[],"tiered_pricing_maximum_quantity":null,"tiered_pricing_quantity_step":null,"_links":{"self":[{"href":"https:\/\/cloudsupplyvapes.com\/es\/wp-json\/wp\/v2\/product\/4608","targetHints":{"allow":["GET"]}}],"collection":[{"href":"https:\/\/cloudsupplyvapes.com\/es\/wp-json\/wp\/v2\/product"}],"about":[{"href":"https:\/\/cloudsupplyvapes.com\/es\/wp-json\/wp\/v2\/types\/product"}],"replies":[{"embeddable":true,"href":"https:\/\/cloudsupplyvapes.com\/es\/wp-json\/wp\/v2\/comments?post=4608"}],"wp:featuredmedia":[{"embeddable":true,"href":"https:\/\/cloudsupplyvapes.com\/es\/wp-json\/wp\/v2\/media\/4920"}],"wp:attachment":[{"href":"https:\/\/cloudsupplyvapes.com\/es\/wp-json\/wp\/v2\/media?parent=4608"}],"wp:term":[{"taxonomy":"product_brand","embeddable":true,"href":"https:\/\/cloudsupplyvapes.com\/es\/wp-json\/wp\/v2\/product_brand?post=4608"},{"taxonomy":"product_cat","embeddable":true,"href":"https:\/\/cloudsupplyvapes.com\/es\/wp-json\/wp\/v2\/product_cat?post=4608"},{"taxonomy":"product_tag","embeddable":true,"href":"https:\/\/cloudsupplyvapes.com\/es\/wp-json\/wp\/v2\/product_tag?post=4608"}],"curies":[{"name":"wp","href":"https:\/\/api.w.org\/{rel}","templated":true}]}}