{"id":463,"date":"2024-10-19T02:12:31","date_gmt":"2024-10-19T02:12:31","guid":{"rendered":"https:\/\/cloudsupplyvapes.com\/?post_type=product&#038;p=463"},"modified":"2024-11-26T09:36:38","modified_gmt":"2024-11-26T09:36:38","slug":"-5","status":"publish","type":"product","link":"https:\/\/cloudsupplyvapes.com\/es\/product\/glamee-rechargeable-4000-puffs-wholesale\/","title":{"rendered":"Glamee Recargable 4000 Puffs Desechables | Mayorista Ecol\u00f3gico Dise\u00f1o Recargable"},"content":{"rendered":"<div>Tama\u00f1o: 16 ml<\/div>\n<div>Fuerza de la nicotina: 5.0%<\/div>\n<div>Sal Nicotina equivalente a 1 paquete de cigarrillos aproximadamente<\/div>\n<div>Capacidad de la bater\u00eda: 2200 mAh<\/div>\n<div>Cantidad de puffs: 4000+ Puffs<\/div>\n<div>Sabores: 20 sabores disponibles<\/div>\n<div><\/div>\n<div><\/div>\n<div>Sabores:<\/div>\n<div>Menta fresca<\/div>\n<div>Helado de taro<\/div>\n<div>Arco iris<\/div>\n<div>Crema de fresa<\/div>\n<div>Fruta de la pasi\u00f3n Mango<\/div>\n<div>Fresa Pl\u00e1tano<\/div>\n<div>Ar\u00e1ndano Frambuesa Lim\u00f3n<\/div>\n<div>Melocot\u00f3n helado<\/div>\n<div>Sand\u00eda con fresa<\/div>\n<div>Melocot\u00f3n Mango Sand\u00eda<\/div>\n<div>Shake Shake<\/div>\n<div>Zumo de la selva<\/div>\n<div>Hielo exuberante<\/div>\n<div>Amor de fantas\u00eda<\/div>\n<div>Hielo de manzana y pl\u00e1tano<\/div>\n<div>Melocot\u00f3n Mango<\/div>\n<div>Sand\u00eda masticable<\/div>\n<div>Hielo Razz Azul<\/div>\n<div>Bebida energ\u00e9tica verde<\/div>\n<div>Hielo de kiwi y ar\u00e1ndanos<\/div>","protected":false},"excerpt":{"rendered":"<p>Glamee Rechargeable 4000 Puffs Disposable Vape Wholesale combina la recarga ecol\u00f3gica con una salida de vapor suave para sesiones de vapeo sostenibles.<\/p>","protected":false},"featured_media":497,"comment_status":"open","ping_status":"closed","template":"","meta":[],"product_brand":[],"product_cat":[22],"product_tag":[],"class_list":{"0":"post-463","1":"product","2":"type-product","3":"status-publish","4":"has-post-thumbnail","6":"product_cat-disposable-vape-sticks","8":"first","9":"instock","10":"shipping-taxable","11":"purchasable","12":"product-type-simple"},"jetpack_sharing_enabled":true,"tiered_pricing_type":"fixed","tiered_pricing_fixed_rules":[],"tiered_pricing_product_settings":{"layout":"default","base_unit_name":{"singular":null,"plural":null},"default_variation":null},"tiered_pricing_minimum_quantity":100,"tiered_pricing_roles_data":[],"tiered_pricing_percentage_rules":[],"tiered_pricing_maximum_quantity":null,"tiered_pricing_quantity_step":null,"_links":{"self":[{"href":"https:\/\/cloudsupplyvapes.com\/es\/wp-json\/wp\/v2\/product\/463","targetHints":{"allow":["GET"]}}],"collection":[{"href":"https:\/\/cloudsupplyvapes.com\/es\/wp-json\/wp\/v2\/product"}],"about":[{"href":"https:\/\/cloudsupplyvapes.com\/es\/wp-json\/wp\/v2\/types\/product"}],"replies":[{"embeddable":true,"href":"https:\/\/cloudsupplyvapes.com\/es\/wp-json\/wp\/v2\/comments?post=463"}],"wp:featuredmedia":[{"embeddable":true,"href":"https:\/\/cloudsupplyvapes.com\/es\/wp-json\/wp\/v2\/media\/497"}],"wp:attachment":[{"href":"https:\/\/cloudsupplyvapes.com\/es\/wp-json\/wp\/v2\/media?parent=463"}],"wp:term":[{"taxonomy":"product_brand","embeddable":true,"href":"https:\/\/cloudsupplyvapes.com\/es\/wp-json\/wp\/v2\/product_brand?post=463"},{"taxonomy":"product_cat","embeddable":true,"href":"https:\/\/cloudsupplyvapes.com\/es\/wp-json\/wp\/v2\/product_cat?post=463"},{"taxonomy":"product_tag","embeddable":true,"href":"https:\/\/cloudsupplyvapes.com\/es\/wp-json\/wp\/v2\/product_tag?post=463"}],"curies":[{"name":"wp","href":"https:\/\/api.w.org\/{rel}","templated":true}]}}