{"id":4695,"date":"2024-10-19T02:38:24","date_gmt":"2024-10-19T02:38:24","guid":{"rendered":"https:\/\/cloudsupplyvapes.com\/?post_type=product&#038;p=4695"},"modified":"2024-11-26T03:54:54","modified_gmt":"2024-11-26T03:54:54","slug":"-172","status":"publish","type":"product","link":"https:\/\/cloudsupplyvapes.com\/es\/product\/elfworld-mg2500-2500-puffs-disposable-vape-wholesale\/","title":{"rendered":"ELFWORLD MG2500 2500 Puffs Vape Desechable Mayorista Vape Port\u00e1til Amigable para Principiantes"},"content":{"rendered":"<h4>Par\u00e1metros:<\/h4>\n<p>Capacidad: 7 ml<\/p>\n<p>Resistencia: 0\/2\/3\/5% Bobina de malla<\/p>\n<p>Bater\u00eda: integrada de 850 mAh<\/p>\n<p>Caladas: 2500 caladas<\/p>\n<p>Embalaje: 10 unidades\/caja<\/p>\n<p><strong>Sabores:<\/strong><\/p>\n<p>1. HELADO DE FRESA<\/p>\n<p>2. HIELO AZUL RAZZ<\/p>\n<p>3. FRESA Y MANGO<\/p>\n<p>4. MENTA FRESCA<\/p>\n<p>5. FRESA KIWI<\/p>\n<p>6. HIELO DE MELOCOT\u00d3N<\/p>\n<p>7. HELADO DE AR\u00c1NDANOS<\/p>\n<p>8. HELADO DE SAND\u00cdA<\/p>\n<p>9. HIELO DE UVA<\/p>\n<p>10. HELADO DE BAYAS ROJAS<\/p>","protected":false},"excerpt":{"rendered":"<p>ELFWORLD MG2500 2500 Puffs Disposable Vape Wholesale presenta un dise\u00f1o port\u00e1til y f\u00e1cil de usar para principiantes, con vapor constante y golpes suaves en la garganta para vapear sin esfuerzo.<\/p>","protected":false},"featured_media":4929,"comment_status":"open","ping_status":"closed","template":"","meta":[],"product_brand":[],"product_cat":[22,480],"product_tag":[467],"class_list":{"0":"post-4695","1":"product","2":"type-product","3":"status-publish","4":"has-post-thumbnail","6":"product_cat-disposable-vape-sticks","7":"product_cat-elfworld","8":"product_tag-elfworld","10":"first","11":"instock","12":"shipping-taxable","13":"purchasable","14":"product-type-simple"},"jetpack_sharing_enabled":true,"tiered_pricing_type":"fixed","tiered_pricing_fixed_rules":{"1000":4,"10000":3,"50000":2.5},"tiered_pricing_product_settings":{"layout":"default","base_unit_name":{"singular":null,"plural":null},"default_variation":null},"tiered_pricing_minimum_quantity":100,"tiered_pricing_roles_data":[],"tiered_pricing_percentage_rules":[],"tiered_pricing_maximum_quantity":null,"tiered_pricing_quantity_step":null,"_links":{"self":[{"href":"https:\/\/cloudsupplyvapes.com\/es\/wp-json\/wp\/v2\/product\/4695","targetHints":{"allow":["GET"]}}],"collection":[{"href":"https:\/\/cloudsupplyvapes.com\/es\/wp-json\/wp\/v2\/product"}],"about":[{"href":"https:\/\/cloudsupplyvapes.com\/es\/wp-json\/wp\/v2\/types\/product"}],"replies":[{"embeddable":true,"href":"https:\/\/cloudsupplyvapes.com\/es\/wp-json\/wp\/v2\/comments?post=4695"}],"wp:featuredmedia":[{"embeddable":true,"href":"https:\/\/cloudsupplyvapes.com\/es\/wp-json\/wp\/v2\/media\/4929"}],"wp:attachment":[{"href":"https:\/\/cloudsupplyvapes.com\/es\/wp-json\/wp\/v2\/media?parent=4695"}],"wp:term":[{"taxonomy":"product_brand","embeddable":true,"href":"https:\/\/cloudsupplyvapes.com\/es\/wp-json\/wp\/v2\/product_brand?post=4695"},{"taxonomy":"product_cat","embeddable":true,"href":"https:\/\/cloudsupplyvapes.com\/es\/wp-json\/wp\/v2\/product_cat?post=4695"},{"taxonomy":"product_tag","embeddable":true,"href":"https:\/\/cloudsupplyvapes.com\/es\/wp-json\/wp\/v2\/product_tag?post=4695"}],"curies":[{"name":"wp","href":"https:\/\/api.w.org\/{rel}","templated":true}]}}