{"id":4699,"date":"2024-10-19T02:38:25","date_gmt":"2024-10-19T02:38:25","guid":{"rendered":"https:\/\/cloudsupplyvapes.com\/?post_type=product&#038;p=4699"},"modified":"2024-11-26T03:54:22","modified_gmt":"2024-11-26T03:54:22","slug":"-176","status":"publish","type":"product","link":"https:\/\/cloudsupplyvapes.com\/es\/product\/breze-stiik-king-max-10000-puffs-free-nicotine-disposable-vape-wholesale\/","title":{"rendered":"Breze Stiik King Max 10000 Puffs Free Nicotine Vape desechable al por mayor Vapor suave Construcci\u00f3n duradera"},"content":{"rendered":"<h2>Breze Stiik King Max Zero Nicotina Vape Desechable<\/h2>\n<ul class=\"top\">\n<li style=\"list-style-type: none;\">\n<ul class=\"top\">\n<li>Marca:\u00a0<b>Breze Stiik<\/b><\/li>\n<li>Unidad: set<\/li>\n<li>Tipo:\u00a0<b>Vape desechable<\/b><\/li>\n<li>Peso neto: 110(g)<\/li>\n<\/ul>\n<\/li>\n<\/ul>\n<p>El sistema calcular\u00e1 autom\u00e1ticamente los gastos de env\u00edo combinados despu\u00e9s de que elija el destino del env\u00edo en el paso de pago.<\/p>\n<div class=\"title\">Breze Stiik King Max Zero Nicotine Vape Desechable INTRODUCCI\u00d3N<\/div>\n<p><b>Breze Stiik King Max Zero Nicotina Vape Desechable\u00a0<\/b>es un tipo especial de vapeador que no contiene nicotina. En su lugar, se llena con 20 ml de un l\u00edquido sin nicotina llamado e-jugo. Este vape tiene una bater\u00eda potente que se puede cargar con un puerto Tipo-C. La mejor parte es que viene precargado con un mont\u00f3n de e-jugo, suficiente para darle hasta 10.000 caladas suaves y relajantes con varios sabores deliciosos. Es perfecto para aquellos a los que les encanta crear grandes nubes de vapor, ya que puede contener una gran cantidad de e-l\u00edquido y tiene una bater\u00eda potente. Si quieres disfrutar del vapeo sin nicotina, el Breze Stiik King Max est\u00e1 dise\u00f1ado para ti. Est\u00e1 hecho para las personas que se preocupan por su salud y quieren mantenerse alejados de la nicotina.<\/p>\n<p class=\"second-title\">Caracter\u00edsticas<\/p>\n<p>- E-l\u00edquido precargado de 20 ml<\/p>\n<p>- 0%(0mg) Potencia de nicotina<\/p>\n<p>- Bater\u00eda recargable de 850 mAh<\/p>\n<p>- Puerto Tipo-C (no incluido)<\/p>\n<p>- Aproximadamente 10000 Puffs<\/p>\n<p>- Bobina Sub-ohm Mesh<\/p>\n<p>- Activado por sorteo<\/p>\n<p>- DTL Vaping<\/p>\n<p>- Hasta 8 sabores<\/p>\n<p><a href=\"https:\/\/i0.wp.com\/shop.vape.hk\/wp-content\/uploads\/2023\/10\/Breze_Stiik_King_Max-1.jpg?ssl=1\" target=\"_blank\" rel=\"noopener\"><img data-recalc-dims=\"1\" loading=\"lazy\" decoding=\"async\" class=\"alignnone size-full wp-image-124659\" src=\"https:\/\/i0.wp.com\/shop.vape.hk\/wp-content\/uploads\/2023\/10\/Breze_Stiik_King_Max-1.jpg?resize=698%2C1920&#038;ssl=1\" alt=\"Breze Stiik King Max Free Nicotine 10000 Puffs Zero NicotineVape desechable | Venta al por mayor\" width=\"698\" height=\"1920\" title=\"\"><\/a><\/p>","protected":false},"excerpt":{"rendered":"<p>El Breze Stiik King Max 10000 Puffs Free Nicotine Vape Desechable al por mayor ofrece una construcci\u00f3n duradera, suave producci\u00f3n de vapor, y un dise\u00f1o ecol\u00f3gico para un uso duradero.<\/p>","protected":false},"featured_media":4975,"comment_status":"open","ping_status":"closed","template":"","meta":[],"product_brand":[],"product_cat":[22],"product_tag":[],"class_list":{"0":"post-4699","1":"product","2":"type-product","3":"status-publish","4":"has-post-thumbnail","6":"product_cat-disposable-vape-sticks","8":"first","9":"instock","10":"shipping-taxable","11":"purchasable","12":"product-type-simple"},"jetpack_sharing_enabled":true,"tiered_pricing_type":"fixed","tiered_pricing_fixed_rules":{"1000":11,"10000":9,"50000":8},"tiered_pricing_product_settings":{"layout":"default","base_unit_name":{"singular":null,"plural":null},"default_variation":null},"tiered_pricing_minimum_quantity":100,"tiered_pricing_roles_data":[],"tiered_pricing_percentage_rules":[],"tiered_pricing_maximum_quantity":null,"tiered_pricing_quantity_step":null,"_links":{"self":[{"href":"https:\/\/cloudsupplyvapes.com\/es\/wp-json\/wp\/v2\/product\/4699","targetHints":{"allow":["GET"]}}],"collection":[{"href":"https:\/\/cloudsupplyvapes.com\/es\/wp-json\/wp\/v2\/product"}],"about":[{"href":"https:\/\/cloudsupplyvapes.com\/es\/wp-json\/wp\/v2\/types\/product"}],"replies":[{"embeddable":true,"href":"https:\/\/cloudsupplyvapes.com\/es\/wp-json\/wp\/v2\/comments?post=4699"}],"wp:featuredmedia":[{"embeddable":true,"href":"https:\/\/cloudsupplyvapes.com\/es\/wp-json\/wp\/v2\/media\/4975"}],"wp:attachment":[{"href":"https:\/\/cloudsupplyvapes.com\/es\/wp-json\/wp\/v2\/media?parent=4699"}],"wp:term":[{"taxonomy":"product_brand","embeddable":true,"href":"https:\/\/cloudsupplyvapes.com\/es\/wp-json\/wp\/v2\/product_brand?post=4699"},{"taxonomy":"product_cat","embeddable":true,"href":"https:\/\/cloudsupplyvapes.com\/es\/wp-json\/wp\/v2\/product_cat?post=4699"},{"taxonomy":"product_tag","embeddable":true,"href":"https:\/\/cloudsupplyvapes.com\/es\/wp-json\/wp\/v2\/product_tag?post=4699"}],"curies":[{"name":"wp","href":"https:\/\/api.w.org\/{rel}","templated":true}]}}