{"id":4700,"date":"2024-10-19T02:38:25","date_gmt":"2024-10-19T02:38:25","guid":{"rendered":"https:\/\/cloudsupplyvapes.com\/?post_type=product&#038;p=4700"},"modified":"2024-11-26T03:54:33","modified_gmt":"2024-11-26T03:54:33","slug":"-177","status":"publish","type":"product","link":"https:\/\/cloudsupplyvapes.com\/es\/product\/breze-stiik-bs6500-6500-puffs-disposable-vape-wholesale\/","title":{"rendered":"Breze Stiik BS6500 6500 Puffs Vape Desechable Al Por Mayor Ligero Funcionamiento Sin Problemas"},"content":{"rendered":"<h2><b>Breze Stiik BS6500 Vape desechable<\/b><\/h2>\n<ul class=\"top\">\n<li style=\"list-style-type: none;\">\n<ul class=\"top\">\n<li>Marca:\u00a0<b>Breze Stiik<\/b><\/li>\n<li>Unidad: set<\/li>\n<li>Tipo:\u00a0<b>Vape desechable<\/b><\/li>\n<li>Peso neto: 70(g)<\/li>\n<\/ul>\n<\/li>\n<\/ul>\n<p>El sistema calcula autom\u00e1ticamente los gastos de env\u00edo combinados despu\u00e9s de elegir el destino del env\u00edo en el paso de pago.<\/p>\n<div class=\"title\">Breze Stiik BS6500 Vape Desechable INTRODUCCI\u00d3N<\/div>\n<p><b>Breze Stiik BS6500 Vape desechable<\/b>\u00a0tiene un e-l\u00edquido precargado de 15ml con 5%(50mg) de potencia de nicotina, con un buen golpe de garganta. Dura alrededor de 6500 caladas, este dispositivo tiene una forma de mini flagon, y los bordes son redondeados para dar un agarre c\u00f3modo. Alimentado por una bater\u00eda recargable de 400mAh, ofrece una variedad de combinaciones de sabores para elegir. El funcionamiento es tan sencillo como la inhalaci\u00f3n, puede conseguir una calada apretada para aproximadamente 6500 caladas.<\/p>\n<p class=\"second-title\">Caracter\u00edsticas<\/p>\n<p>- E-l\u00edquido precargado de 15 ml<\/p>\n<p>- 5%(50mg) Potencia de nicotina<\/p>\n<p>- Bater\u00eda recargable de 400 mAh<\/p>\n<p>- Puerto Tipo-C (no incluido)<\/p>\n<p>- Aproximadamente 6500 Puffs<\/p>\n<p>- Bobina de malla de 1,2ohm<\/p>\n<p>- Activado por sorteo<\/p>\n<p>- MTL Vaping<\/p>","protected":false},"excerpt":{"rendered":"<p>Breze Stiik BS6500 6500 Puffs Vape desechable al por mayor combina una construcci\u00f3n ligera con un funcionamiento sin complicaciones, proporcionando vapor consistente para una sesi\u00f3n de vapeo satisfactoria.<\/p>","protected":false},"featured_media":4983,"comment_status":"open","ping_status":"closed","template":"","meta":[],"product_brand":[],"product_cat":[22],"product_tag":[],"class_list":{"0":"post-4700","1":"product","2":"type-product","3":"status-publish","4":"has-post-thumbnail","6":"product_cat-disposable-vape-sticks","8":"first","9":"instock","10":"shipping-taxable","11":"purchasable","12":"product-type-simple"},"jetpack_sharing_enabled":true,"tiered_pricing_type":"fixed","tiered_pricing_fixed_rules":{"1000":6,"10000":5,"50000":4},"tiered_pricing_product_settings":{"layout":"default","base_unit_name":{"singular":null,"plural":null},"default_variation":null},"tiered_pricing_minimum_quantity":100,"tiered_pricing_roles_data":[],"tiered_pricing_percentage_rules":[],"tiered_pricing_maximum_quantity":null,"tiered_pricing_quantity_step":null,"_links":{"self":[{"href":"https:\/\/cloudsupplyvapes.com\/es\/wp-json\/wp\/v2\/product\/4700","targetHints":{"allow":["GET"]}}],"collection":[{"href":"https:\/\/cloudsupplyvapes.com\/es\/wp-json\/wp\/v2\/product"}],"about":[{"href":"https:\/\/cloudsupplyvapes.com\/es\/wp-json\/wp\/v2\/types\/product"}],"replies":[{"embeddable":true,"href":"https:\/\/cloudsupplyvapes.com\/es\/wp-json\/wp\/v2\/comments?post=4700"}],"wp:featuredmedia":[{"embeddable":true,"href":"https:\/\/cloudsupplyvapes.com\/es\/wp-json\/wp\/v2\/media\/4983"}],"wp:attachment":[{"href":"https:\/\/cloudsupplyvapes.com\/es\/wp-json\/wp\/v2\/media?parent=4700"}],"wp:term":[{"taxonomy":"product_brand","embeddable":true,"href":"https:\/\/cloudsupplyvapes.com\/es\/wp-json\/wp\/v2\/product_brand?post=4700"},{"taxonomy":"product_cat","embeddable":true,"href":"https:\/\/cloudsupplyvapes.com\/es\/wp-json\/wp\/v2\/product_cat?post=4700"},{"taxonomy":"product_tag","embeddable":true,"href":"https:\/\/cloudsupplyvapes.com\/es\/wp-json\/wp\/v2\/product_tag?post=4700"}],"curies":[{"name":"wp","href":"https:\/\/api.w.org\/{rel}","templated":true}]}}