{"id":4785,"date":"2024-10-19T02:38:47","date_gmt":"2024-10-19T02:38:47","guid":{"rendered":"https:\/\/cloudsupplyvapes.com\/?post_type=product&#038;p=4785"},"modified":"2024-11-26T03:53:35","modified_gmt":"2024-11-26T03:53:35","slug":"-183","status":"publish","type":"product","link":"https:\/\/cloudsupplyvapes.com\/es\/product\/breze-stiik-tank-2000-puffs-disposable-vape-wholesale\/","title":{"rendered":"Breze Stiik Tank 2000 Puffs Vape desechable al por mayor Dise\u00f1o compacto y duradero"},"content":{"rendered":"<p><a href=\"https:\/\/i0.wp.com\/shop.vape.hk\/wp-content\/uploads\/2023\/10\/3d75ef02-a3df-4144-9787-7c2e3016db5a.jpg?ssl=1\" target=\"_blank\" rel=\"noopener\"><img data-recalc-dims=\"1\" loading=\"lazy\" decoding=\"async\" class=\"alignnone size-full wp-image-124773\" src=\"https:\/\/i0.wp.com\/shop.vape.hk\/wp-content\/uploads\/2023\/10\/3d75ef02-a3df-4144-9787-7c2e3016db5a.jpg?resize=899%2C1920&#038;ssl=1\" alt=\"Breze Stiik Tank 2000 Puffs Vape Desechable | Venta al por mayor\" width=\"899\" height=\"1920\" title=\"\"><\/a><\/p>","protected":false},"excerpt":{"rendered":"<p>El Breze Stiik Tank 2000 Puffs Disposable Vape Wholesale tiene un dise\u00f1o compacto, una construcci\u00f3n duradera y una producci\u00f3n de vapor suave para sesiones de vapeo sin problemas y consistentes.<\/p>","protected":false},"featured_media":5036,"comment_status":"open","ping_status":"closed","template":"","meta":[],"product_brand":[],"product_cat":[22],"product_tag":[],"class_list":{"0":"post-4785","1":"product","2":"type-product","3":"status-publish","4":"has-post-thumbnail","6":"product_cat-disposable-vape-sticks","8":"first","9":"instock","10":"shipping-taxable","11":"purchasable","12":"product-type-simple"},"jetpack_sharing_enabled":true,"tiered_pricing_type":"fixed","tiered_pricing_fixed_rules":{"1000":4.5,"10000":4,"50000":3.5},"tiered_pricing_product_settings":{"layout":"default","base_unit_name":{"singular":null,"plural":null},"default_variation":null},"tiered_pricing_minimum_quantity":100,"tiered_pricing_roles_data":[],"tiered_pricing_percentage_rules":[],"tiered_pricing_maximum_quantity":null,"tiered_pricing_quantity_step":null,"_links":{"self":[{"href":"https:\/\/cloudsupplyvapes.com\/es\/wp-json\/wp\/v2\/product\/4785","targetHints":{"allow":["GET"]}}],"collection":[{"href":"https:\/\/cloudsupplyvapes.com\/es\/wp-json\/wp\/v2\/product"}],"about":[{"href":"https:\/\/cloudsupplyvapes.com\/es\/wp-json\/wp\/v2\/types\/product"}],"replies":[{"embeddable":true,"href":"https:\/\/cloudsupplyvapes.com\/es\/wp-json\/wp\/v2\/comments?post=4785"}],"wp:featuredmedia":[{"embeddable":true,"href":"https:\/\/cloudsupplyvapes.com\/es\/wp-json\/wp\/v2\/media\/5036"}],"wp:attachment":[{"href":"https:\/\/cloudsupplyvapes.com\/es\/wp-json\/wp\/v2\/media?parent=4785"}],"wp:term":[{"taxonomy":"product_brand","embeddable":true,"href":"https:\/\/cloudsupplyvapes.com\/es\/wp-json\/wp\/v2\/product_brand?post=4785"},{"taxonomy":"product_cat","embeddable":true,"href":"https:\/\/cloudsupplyvapes.com\/es\/wp-json\/wp\/v2\/product_cat?post=4785"},{"taxonomy":"product_tag","embeddable":true,"href":"https:\/\/cloudsupplyvapes.com\/es\/wp-json\/wp\/v2\/product_tag?post=4785"}],"curies":[{"name":"wp","href":"https:\/\/api.w.org\/{rel}","templated":true}]}}