{"id":4942,"date":"2024-10-19T02:39:37","date_gmt":"2024-10-19T02:39:37","guid":{"rendered":"https:\/\/cloudsupplyvapes.com\/?post_type=product&#038;p=4942"},"modified":"2024-11-26T03:47:46","modified_gmt":"2024-11-26T03:47:46","slug":"-194","status":"publish","type":"product","link":"https:\/\/cloudsupplyvapes.com\/es\/product\/waka-somatch-mb-3000-puffs-pod-kit-wholesale\/","title":{"rendered":"WAKA SoMatch MB 3000 Puffs Pod Kit al por mayor Dise\u00f1o ergon\u00f3mico compacto Vape de larga duraci\u00f3n"},"content":{"rendered":"<div><strong>Sabor:<\/strong><\/div>\n<div>Sand\u00eda fr\u00eda<\/div>\n<div>Sand\u00eda con frambuesa<\/div>\n<div>Mango Melocot\u00f3n<\/div>\n<div>Fresa Kiwi<\/div>\n<div>R\u00e1faga de fresas<\/div>\n<div>Menta fresca<\/div>\n<div>Sand\u00eda con fresa<\/div>\n<div>T\u00e9 con leche tailand\u00e9s<\/div>\n<div>Taro Scoop<\/div>\n<div>Aloe Uva<\/div>\n<div><\/div>\n<div>Nicotine:2%\/3%\/5%<\/div>\n<div>Capacidad:6ml<\/div>\n<div>Cantidad de puffs: hasta 3000 (6 ml)<\/div>\n<div>Bater\u00eda: 500 mA de cobalto puro<\/div>\n<div><\/div>\n<div><\/div>\n<p><a href=\"https:\/\/i0.wp.com\/shop.vape.hk\/wp-content\/uploads\/2023\/10\/16d880e5-b967-4fbf-9a6b-f0be466aa5fe-1.webp?ssl=1\" target=\"_blank\" rel=\"noopener\"><img data-recalc-dims=\"1\" loading=\"lazy\" decoding=\"async\" class=\"alignnone size-full wp-image-124956\" src=\"https:\/\/i0.wp.com\/shop.vape.hk\/wp-content\/uploads\/2023\/10\/16d880e5-b967-4fbf-9a6b-f0be466aa5fe-1.webp?resize=1020%2C425&#038;ssl=1\" alt=\"WAKA SoMatch MB 3000 Puffs Pod Kit | Venta al por mayor\" width=\"1020\" height=\"425\" title=\"\"><\/a> <a href=\"https:\/\/i0.wp.com\/shop.vape.hk\/wp-content\/uploads\/2023\/10\/7a9f907e-2ae2-40c0-9e37-807b5ca527e6.webp?ssl=1\" target=\"_blank\" rel=\"noopener\"><img data-recalc-dims=\"1\" loading=\"lazy\" decoding=\"async\" class=\"alignnone size-full wp-image-124955\" src=\"https:\/\/i0.wp.com\/shop.vape.hk\/wp-content\/uploads\/2023\/10\/7a9f907e-2ae2-40c0-9e37-807b5ca527e6.webp?resize=1020%2C425&#038;ssl=1\" alt=\"WAKA SoMatch MB 3000 Puffs Pod Kit | Venta al por mayor\" width=\"1020\" height=\"425\" title=\"\"><\/a> <a href=\"https:\/\/i0.wp.com\/shop.vape.hk\/wp-content\/uploads\/2023\/10\/bf129516-43a9-47c4-8707-cf6995e6c9bb-1.webp?ssl=1\" target=\"_blank\" rel=\"noopener\"><img data-recalc-dims=\"1\" loading=\"lazy\" decoding=\"async\" class=\"alignnone size-full wp-image-124954\" src=\"https:\/\/i0.wp.com\/shop.vape.hk\/wp-content\/uploads\/2023\/10\/bf129516-43a9-47c4-8707-cf6995e6c9bb-1.webp?resize=1020%2C425&#038;ssl=1\" alt=\"WAKA SoMatch MB 3000 Puffs Pod Kit | Venta al por mayor\" width=\"1020\" height=\"425\" title=\"\"><\/a> <a href=\"https:\/\/i0.wp.com\/shop.vape.hk\/wp-content\/uploads\/2023\/10\/pc-mb6000_3000.webp?ssl=1\" target=\"_blank\" rel=\"noopener\"><img data-recalc-dims=\"1\" loading=\"lazy\" decoding=\"async\" class=\"alignnone size-full wp-image-124953\" src=\"https:\/\/i0.wp.com\/shop.vape.hk\/wp-content\/uploads\/2023\/10\/pc-mb6000_3000.webp?resize=1020%2C516&#038;ssl=1\" alt=\"WAKA SoMatch MB 3000 Puffs Pod Kit | Venta al por mayor\" width=\"1020\" height=\"516\" title=\"\"><\/a><\/p>","protected":false},"excerpt":{"rendered":"<p>El WAKA SoMatch MB 3000 Puffs Pod Kit Wholesale cuenta con un dise\u00f1o ergon\u00f3mico, bater\u00eda de larga duraci\u00f3n y salida de vapor suave, perfecto para vapear de forma port\u00e1til y consistente.<\/p>","protected":false},"featured_media":5106,"comment_status":"open","ping_status":"closed","template":"","meta":[],"product_brand":[],"product_cat":[22],"product_tag":[],"class_list":{"0":"post-4942","1":"product","2":"type-product","3":"status-publish","4":"has-post-thumbnail","6":"product_cat-disposable-vape-sticks","8":"first","9":"instock","10":"shipping-taxable","11":"purchasable","12":"product-type-simple"},"jetpack_sharing_enabled":true,"tiered_pricing_type":"fixed","tiered_pricing_fixed_rules":{"1000":4.5,"10000":4,"50000":3},"tiered_pricing_product_settings":{"layout":"default","base_unit_name":{"singular":null,"plural":null},"default_variation":null},"tiered_pricing_minimum_quantity":100,"tiered_pricing_roles_data":[],"tiered_pricing_percentage_rules":[],"tiered_pricing_maximum_quantity":null,"tiered_pricing_quantity_step":null,"_links":{"self":[{"href":"https:\/\/cloudsupplyvapes.com\/es\/wp-json\/wp\/v2\/product\/4942","targetHints":{"allow":["GET"]}}],"collection":[{"href":"https:\/\/cloudsupplyvapes.com\/es\/wp-json\/wp\/v2\/product"}],"about":[{"href":"https:\/\/cloudsupplyvapes.com\/es\/wp-json\/wp\/v2\/types\/product"}],"replies":[{"embeddable":true,"href":"https:\/\/cloudsupplyvapes.com\/es\/wp-json\/wp\/v2\/comments?post=4942"}],"wp:featuredmedia":[{"embeddable":true,"href":"https:\/\/cloudsupplyvapes.com\/es\/wp-json\/wp\/v2\/media\/5106"}],"wp:attachment":[{"href":"https:\/\/cloudsupplyvapes.com\/es\/wp-json\/wp\/v2\/media?parent=4942"}],"wp:term":[{"taxonomy":"product_brand","embeddable":true,"href":"https:\/\/cloudsupplyvapes.com\/es\/wp-json\/wp\/v2\/product_brand?post=4942"},{"taxonomy":"product_cat","embeddable":true,"href":"https:\/\/cloudsupplyvapes.com\/es\/wp-json\/wp\/v2\/product_cat?post=4942"},{"taxonomy":"product_tag","embeddable":true,"href":"https:\/\/cloudsupplyvapes.com\/es\/wp-json\/wp\/v2\/product_tag?post=4942"}],"curies":[{"name":"wp","href":"https:\/\/api.w.org\/{rel}","templated":true}]}}