{"id":5119,"date":"2024-10-19T02:40:44","date_gmt":"2024-10-19T02:40:44","guid":{"rendered":"https:\/\/cloudsupplyvapes.com\/?post_type=product&#038;p=5119"},"modified":"2024-11-26T03:41:23","modified_gmt":"2024-11-26T03:41:23","slug":"-203","status":"publish","type":"product","link":"https:\/\/cloudsupplyvapes.com\/es\/product\/cloud-bar-space-planet-10000-puffs-disposable-vape-wholesale\/","title":{"rendered":"Cloud Bar Space Planet 10000 Puffs Vape Desechable Mayorista Recargable Durable Build"},"content":{"rendered":"<h2>Cloud Bar Space Planet Vape Desechable<\/h2>\n<ul class=\"top\">\n<li style=\"list-style-type: none;\">\n<ul class=\"top\">\n<li>Marca:\u00a0<b>Bar Nube<\/b><\/li>\n<li>Unidad: set<\/li>\n<li>Tipo:\u00a0<b>Vape desechable<\/b><\/li>\n<li>Peso neto: 70(g)<\/li>\n<\/ul>\n<\/li>\n<\/ul>\n<p>El sistema calcular\u00e1 autom\u00e1ticamente los gastos de env\u00edo combinados despu\u00e9s de que elija el destino del env\u00edo en el paso de pago.<\/p>\n<div class=\"title\">Cloud Bar Space Planet Vape Desechable INTRODUCCI\u00d3N<\/div>\n<p><b>Cloud Bar Space Planet Vape Desechable<\/b>\u00a0es un vapeador desechable equipado con 20ml de zumo de vape, una bater\u00eda recargable de 650mAh y proporciona unas 10000 caladas. Una generosa oferta de 20 ml de zumo de vape garantiza m\u00e1s caladas de lo habitual. Una bobina de malla cocina el sabroso zumo de vape con sabor a fruta. Puedes recargarlo siempre que quieras a trav\u00e9s de un puerto Tipo-C. Cloud Bar Space Planet sigue siendo port\u00e1til con una gran capacidad de jugo de vape. Cabe perfectamente en tu bolsillo. \u00a1Elija Space Planet desechable para sabores tropicales tan pronto como sea posible!<\/p>\n<p class=\"second-title\">Caracter\u00edsticas<\/p>\n<p>- E-l\u00edquido precargado de 20 ml<\/p>\n<p>- 5%(50mg) Potencia de nicotina<\/p>\n<p>- Bater\u00eda recargable<\/p>\n<p>- Puerto Tipo-C (no incluido)<\/p>\n<p>- Aproximadamente 10000 Puffs<\/p>\n<p>- Activado por sorteo<\/p>\n<p>- MTL Vaping<\/p>\n<p><a href=\"https:\/\/i0.wp.com\/shop.vape.hk\/wp-content\/uploads\/2023\/10\/cloud-bar-10000-space-planet.jpg?ssl=1\" target=\"_blank\" rel=\"noopener\"><img data-recalc-dims=\"1\" loading=\"lazy\" decoding=\"async\" class=\"alignnone size-full wp-image-125380\" src=\"https:\/\/i0.wp.com\/shop.vape.hk\/wp-content\/uploads\/2023\/10\/cloud-bar-10000-space-planet.jpg?resize=1020%2C1192&#038;ssl=1\" alt=\"Cloud Bar Space Planet 10000 Puffs Vape Desechable | Venta al por mayor\" width=\"1020\" height=\"1192\" title=\"\"><\/a><\/p>","protected":false},"excerpt":{"rendered":"<p>Cloud Bar Space Planet 10000 Puffs Vape desechable al por mayor combina una bater\u00eda recargable, construcci\u00f3n duradera, y la producci\u00f3n de vapor suave para vaping fiable y agradable.<\/p>","protected":false},"featured_media":5327,"comment_status":"open","ping_status":"closed","template":"","meta":[],"product_brand":[],"product_cat":[22],"product_tag":[],"class_list":{"0":"post-5119","1":"product","2":"type-product","3":"status-publish","4":"has-post-thumbnail","6":"product_cat-disposable-vape-sticks","8":"first","9":"instock","10":"shipping-taxable","11":"purchasable","12":"product-type-simple"},"jetpack_sharing_enabled":true,"tiered_pricing_type":"fixed","tiered_pricing_fixed_rules":{"1000":15,"10000":13,"50000":11},"tiered_pricing_product_settings":{"layout":"default","base_unit_name":{"singular":null,"plural":null},"default_variation":null},"tiered_pricing_minimum_quantity":100,"tiered_pricing_roles_data":[],"tiered_pricing_percentage_rules":[],"tiered_pricing_maximum_quantity":null,"tiered_pricing_quantity_step":null,"_links":{"self":[{"href":"https:\/\/cloudsupplyvapes.com\/es\/wp-json\/wp\/v2\/product\/5119","targetHints":{"allow":["GET"]}}],"collection":[{"href":"https:\/\/cloudsupplyvapes.com\/es\/wp-json\/wp\/v2\/product"}],"about":[{"href":"https:\/\/cloudsupplyvapes.com\/es\/wp-json\/wp\/v2\/types\/product"}],"replies":[{"embeddable":true,"href":"https:\/\/cloudsupplyvapes.com\/es\/wp-json\/wp\/v2\/comments?post=5119"}],"wp:featuredmedia":[{"embeddable":true,"href":"https:\/\/cloudsupplyvapes.com\/es\/wp-json\/wp\/v2\/media\/5327"}],"wp:attachment":[{"href":"https:\/\/cloudsupplyvapes.com\/es\/wp-json\/wp\/v2\/media?parent=5119"}],"wp:term":[{"taxonomy":"product_brand","embeddable":true,"href":"https:\/\/cloudsupplyvapes.com\/es\/wp-json\/wp\/v2\/product_brand?post=5119"},{"taxonomy":"product_cat","embeddable":true,"href":"https:\/\/cloudsupplyvapes.com\/es\/wp-json\/wp\/v2\/product_cat?post=5119"},{"taxonomy":"product_tag","embeddable":true,"href":"https:\/\/cloudsupplyvapes.com\/es\/wp-json\/wp\/v2\/product_tag?post=5119"}],"curies":[{"name":"wp","href":"https:\/\/api.w.org\/{rel}","templated":true}]}}