{"id":5120,"date":"2024-10-19T02:40:44","date_gmt":"2024-10-19T02:40:44","guid":{"rendered":"https:\/\/cloudsupplyvapes.com\/?post_type=product&#038;p=5120"},"modified":"2024-11-26T03:41:25","modified_gmt":"2024-11-26T03:41:25","slug":"-204","status":"publish","type":"product","link":"https:\/\/cloudsupplyvapes.com\/es\/product\/cloud-bar-6000-puffs-disposable-vape-wholesale\/","title":{"rendered":"Cloud Bar 6000 Puffs Vape Desechable Mayorista Port\u00e1til Compacto Rendimiento Duradero"},"content":{"rendered":"<h2>Cloud Bar 6000 Vape desechable<\/h2>\n<ul class=\"top\">\n<li>Marca: Cloud Bar<\/li>\n<li>Unidad: set<\/li>\n<li>Tipo: Vape desechable<\/li>\n<li>Peso neto: 70(g)<\/li>\n<\/ul>\n<p>El sistema calcular\u00e1 autom\u00e1ticamente los gastos de env\u00edo combinados despu\u00e9s de que elija el destino del env\u00edo en el paso de pago.<\/p>\n<div class=\"title\">Cloud Bar 6000 Vape Desechable INTRODUCCI\u00d3N<\/div>\n<p><b>Cloud Bar 6000 Vape desechable<\/b> Cuenta con 10ml de e-l\u00edquido precargado, una potente bater\u00eda recargable de 650mAh, una bobina de malla de 1.2ohm, y una potencia de nicotina de 5%(50mg) para proporcionar unas impresionantes 6000 caladas. Tiene un interruptor manual inferior de doble sabor, lo que le permite cambiar f\u00e1cilmente entre los sabores a voluntad, mientras que el mango c\u00f3modo asegura una experiencia de vapeo premium. La bobina de malla de 1.2ohm asegura una producci\u00f3n de vapor suave y consistente, y es activada para una experiencia de vapeo sin esfuerzo.<\/p>\n<p class=\"second-title\">Caracter\u00edsticas<\/p>\n<p>- 10 ml de zumo de vape precargado<\/p>\n<p>- Bater\u00eda recargable de 650 mAh<\/p>\n<p>- Cable tipo C<\/p>\n<p>- 5%(50mg) Sal de Nic<\/p>\n<p>- Aproximadamente 6000 Puffs<\/p>\n<p>- Bobina de malla<\/p>\n<p>- Activado por sorteo<\/p>\n<p>- Interruptor manual de doble sabor en el fondo<\/p>","protected":false},"excerpt":{"rendered":"<p>El Cloud Bar 6000 Puffs Vape desechable al por mayor ofrece comodidad port\u00e1til, dise\u00f1o compacto y un rendimiento de larga duraci\u00f3n para una experiencia vaping rica y suave.<\/p>","protected":false},"featured_media":5344,"comment_status":"open","ping_status":"closed","template":"","meta":[],"product_brand":[],"product_cat":[22],"product_tag":[],"class_list":{"0":"post-5120","1":"product","2":"type-product","3":"status-publish","4":"has-post-thumbnail","6":"product_cat-disposable-vape-sticks","8":"first","9":"instock","10":"shipping-taxable","11":"purchasable","12":"product-type-simple"},"jetpack_sharing_enabled":true,"tiered_pricing_type":"fixed","tiered_pricing_fixed_rules":{"1000":12,"10000":10,"50000":8},"tiered_pricing_product_settings":{"layout":"default","base_unit_name":{"singular":null,"plural":null},"default_variation":null},"tiered_pricing_minimum_quantity":100,"tiered_pricing_roles_data":[],"tiered_pricing_percentage_rules":[],"tiered_pricing_maximum_quantity":null,"tiered_pricing_quantity_step":null,"_links":{"self":[{"href":"https:\/\/cloudsupplyvapes.com\/es\/wp-json\/wp\/v2\/product\/5120","targetHints":{"allow":["GET"]}}],"collection":[{"href":"https:\/\/cloudsupplyvapes.com\/es\/wp-json\/wp\/v2\/product"}],"about":[{"href":"https:\/\/cloudsupplyvapes.com\/es\/wp-json\/wp\/v2\/types\/product"}],"replies":[{"embeddable":true,"href":"https:\/\/cloudsupplyvapes.com\/es\/wp-json\/wp\/v2\/comments?post=5120"}],"wp:featuredmedia":[{"embeddable":true,"href":"https:\/\/cloudsupplyvapes.com\/es\/wp-json\/wp\/v2\/media\/5344"}],"wp:attachment":[{"href":"https:\/\/cloudsupplyvapes.com\/es\/wp-json\/wp\/v2\/media?parent=5120"}],"wp:term":[{"taxonomy":"product_brand","embeddable":true,"href":"https:\/\/cloudsupplyvapes.com\/es\/wp-json\/wp\/v2\/product_brand?post=5120"},{"taxonomy":"product_cat","embeddable":true,"href":"https:\/\/cloudsupplyvapes.com\/es\/wp-json\/wp\/v2\/product_cat?post=5120"},{"taxonomy":"product_tag","embeddable":true,"href":"https:\/\/cloudsupplyvapes.com\/es\/wp-json\/wp\/v2\/product_tag?post=5120"}],"curies":[{"name":"wp","href":"https:\/\/api.w.org\/{rel}","templated":true}]}}