{"id":5127,"date":"2024-10-19T02:40:45","date_gmt":"2024-10-19T02:40:45","guid":{"rendered":"https:\/\/cloudsupplyvapes.com\/?post_type=product&#038;p=5127"},"modified":"2024-11-26T03:41:08","modified_gmt":"2024-11-26T03:41:08","slug":"-206","status":"publish","type":"product","link":"https:\/\/cloudsupplyvapes.com\/es\/product\/kk-energy-8000-puffs-disposable-vape-wholesale\/","title":{"rendered":"KK Energy 8000 Puffs Vape Desechable Al Por Mayor Alta Potencia De Nicotina Vapor Consistente"},"content":{"rendered":"<h2>KK Energy 8000 Disposable<\/h2>\n<ul class=\"top\">\n<li style=\"list-style-type: none;\">\n<ul class=\"top\">\n<li>Marca: KK Energy<\/li>\n<li>Unidad: set<\/li>\n<li>Tipo: Vape desechable<\/li>\n<li>Peso neto: 70(g)<\/li>\n<\/ul>\n<\/li>\n<\/ul>\n<p>El sistema calcular\u00e1 autom\u00e1ticamente los gastos de env\u00edo combinados despu\u00e9s de que elija el destino del env\u00edo en el paso de pago.<\/p>\n<div class=\"title\">KK Energy 8000 Disposable INTRODUCTION<\/div>\n<p><b>KK Energy 8000 Disposable<\/b>\u00a0features a cylindrical shape and chases a draw sensitivity by adjusting its airflow control on the bottom. Energy 8000 vape caters to a 16ml pre-filled e-juice, using a 5%(50mg) nicotine and 1.2ohm mesh coil to deliver pleasant flavor and throat hit. Powered by a 650mAh battery, it can be recharged by a Type-C port. The soft-touch coating coupled with a lively design will give you a stellar vaping time.<\/p>\n<p class=\"second-title\">Caracter\u00edsticas<\/p>\n<p>\u2022 8000 Puffs<\/p>\n<p>\u2022 16ml Capacity<\/p>\n<p>- 5%(50mg) Nicotina<\/p>\n<p>- Bater\u00eda interna de 650 mAh<\/p>\n<p>- Recargable<\/p>\n<p>\u2022 1.2ogm Mesh Coil<\/p>\n<p>- MTL Sorteo<\/p>\n<p>- Activado por dibujo<\/p>","protected":false},"excerpt":{"rendered":"<p>The KK Energy 8000 Puffs Disposable Vape Wholesale delivers high nicotine strength, consistent vapor production, and smooth flavor for extended and hassle-free vaping.<\/p>","protected":false},"featured_media":5418,"comment_status":"open","ping_status":"closed","template":"","meta":[],"product_brand":[],"product_cat":[22],"product_tag":[],"class_list":{"0":"post-5127","1":"product","2":"type-product","3":"status-publish","4":"has-post-thumbnail","6":"product_cat-disposable-vape-sticks","8":"first","9":"instock","10":"shipping-taxable","11":"purchasable","12":"product-type-simple"},"jetpack_sharing_enabled":true,"tiered_pricing_type":"fixed","tiered_pricing_fixed_rules":{"1000":13,"10000":11,"50000":9},"tiered_pricing_product_settings":{"layout":"default","base_unit_name":{"singular":null,"plural":null},"default_variation":null},"tiered_pricing_minimum_quantity":100,"tiered_pricing_roles_data":[],"tiered_pricing_percentage_rules":[],"tiered_pricing_maximum_quantity":null,"tiered_pricing_quantity_step":null,"_links":{"self":[{"href":"https:\/\/cloudsupplyvapes.com\/es\/wp-json\/wp\/v2\/product\/5127","targetHints":{"allow":["GET"]}}],"collection":[{"href":"https:\/\/cloudsupplyvapes.com\/es\/wp-json\/wp\/v2\/product"}],"about":[{"href":"https:\/\/cloudsupplyvapes.com\/es\/wp-json\/wp\/v2\/types\/product"}],"replies":[{"embeddable":true,"href":"https:\/\/cloudsupplyvapes.com\/es\/wp-json\/wp\/v2\/comments?post=5127"}],"wp:featuredmedia":[{"embeddable":true,"href":"https:\/\/cloudsupplyvapes.com\/es\/wp-json\/wp\/v2\/media\/5418"}],"wp:attachment":[{"href":"https:\/\/cloudsupplyvapes.com\/es\/wp-json\/wp\/v2\/media?parent=5127"}],"wp:term":[{"taxonomy":"product_brand","embeddable":true,"href":"https:\/\/cloudsupplyvapes.com\/es\/wp-json\/wp\/v2\/product_brand?post=5127"},{"taxonomy":"product_cat","embeddable":true,"href":"https:\/\/cloudsupplyvapes.com\/es\/wp-json\/wp\/v2\/product_cat?post=5127"},{"taxonomy":"product_tag","embeddable":true,"href":"https:\/\/cloudsupplyvapes.com\/es\/wp-json\/wp\/v2\/product_tag?post=5127"}],"curies":[{"name":"wp","href":"https:\/\/api.w.org\/{rel}","templated":true}]}}