{"id":5128,"date":"2024-10-19T02:40:45","date_gmt":"2024-10-19T02:40:45","guid":{"rendered":"https:\/\/cloudsupplyvapes.com\/?post_type=product&#038;p=5128"},"modified":"2024-11-26T03:41:10","modified_gmt":"2024-11-26T03:41:10","slug":"-207","status":"publish","type":"product","link":"https:\/\/cloudsupplyvapes.com\/es\/product\/kk-energy8-12000-puffs-disposable-vape-wholesale\/","title":{"rendered":"KK Energy8 12000 Puffs Vape desechable al por mayor de larga duraci\u00f3n suave salida de vapor"},"content":{"rendered":"<h2><b>KK Energy8 12000 Vape desechable<\/b><\/h2>\n<ul class=\"top\">\n<li style=\"list-style-type: none;\">\n<ul class=\"top\">\n<li>Marca:\u00a0<b>KK Energ\u00eda<\/b><\/li>\n<li>Unidad: set<\/li>\n<li>Tipo:\u00a0<b>Vape desechable<\/b><\/li>\n<li>Peso neto: 40 (g)<\/li>\n<\/ul>\n<\/li>\n<\/ul>\n<p>El sistema calcular\u00e1 autom\u00e1ticamente los gastos de env\u00edo combinados despu\u00e9s de que elija el destino del env\u00edo en el paso de pago.<\/p>\n<div class=\"title\">KK Energy8 12000 Vape desechable INTRODUCCI\u00d3N<\/div>\n<p><b>KK Energy8 12000 Vape desechable<\/b>\u00a0Cumple con tu consumo de sal de nicotina, aumentando la duraci\u00f3n del e-l\u00edquido precargado de gran tama\u00f1o, que puede proporcionar m\u00e1s de 12 000 caladas. Envuelto en una carcasa brillante y transparente, el control de flujo de aire ajustable se encuentra en su parte inferior negra. Disfruta del sensacional sabor del vapeo, tiene una pantalla de bater\u00eda en el lateral y el dise\u00f1o antideslizante lateral proporciona un buen agarre. Alimentado por una bater\u00eda recargable de 650 mAh, la potencia puede oscilar entre 10 W y 13,5 W.<\/p>\n<p class=\"second-title\">Caracter\u00edsticas<\/p>\n<p>\u2022 Tama\u00f1o del producto: 49,5 mm \u00d7 26 mm \u00d7 86 mm<\/p>\n<p>- E-l\u00edquido precargado<\/p>\n<p>- Bater\u00eda recargable de 650 mAh<\/p>\n<p>- Aproximadamente 12000 Puffs<\/p>\n<p>- Bobina de malla<\/p>\n<p>- Activado por sorteo<\/p>\n<p>- MTL Vaping<\/p>\n<p>\u2022 Voltaje: 3,6 V<\/p>\n<p>\u2022 Rango de potencia: 10 W \u2013 13,5 W<\/p>\n<p>- Flujo de aire ajustable<\/p>\n<p>\u2022 Pantalla de bater\u00eda<\/p>\n<p><a href=\"https:\/\/i0.wp.com\/shop.vape.hk\/wp-content\/uploads\/2023\/10\/KK-Energy8-12000-Puffs-Disposable-Vape-Kit1.jpg?ssl=1\" target=\"_blank\" rel=\"noopener\"><img data-recalc-dims=\"1\" loading=\"lazy\" decoding=\"async\" class=\"alignnone size-full wp-image-125465\" src=\"https:\/\/i0.wp.com\/shop.vape.hk\/wp-content\/uploads\/2023\/10\/KK-Energy8-12000-Puffs-Disposable-Vape-Kit1.jpg?resize=1020%2C1425&#038;ssl=1\" alt=\"KK Energy8 12000 caladas Vape desechable | Venta al por mayor\" width=\"1020\" height=\"1425\" title=\"\"><\/a><\/p>","protected":false},"excerpt":{"rendered":"<p>El vaporizador desechable KK Energy8 12000 Puffs al por mayor ofrece un rendimiento duradero, una salida de vapor suave y un dise\u00f1o resistente, ideal tanto para principiantes como para usuarios experimentados.<\/p>","protected":false},"featured_media":5428,"comment_status":"open","ping_status":"closed","template":"","meta":[],"product_brand":[],"product_cat":[22],"product_tag":[],"class_list":{"0":"post-5128","1":"product","2":"type-product","3":"status-publish","4":"has-post-thumbnail","6":"product_cat-disposable-vape-sticks","8":"first","9":"instock","10":"shipping-taxable","11":"purchasable","12":"product-type-simple"},"jetpack_sharing_enabled":true,"tiered_pricing_type":"fixed","tiered_pricing_fixed_rules":[],"tiered_pricing_product_settings":{"layout":"default","base_unit_name":{"singular":null,"plural":null},"default_variation":null},"tiered_pricing_minimum_quantity":100,"tiered_pricing_roles_data":[],"tiered_pricing_percentage_rules":[],"tiered_pricing_maximum_quantity":null,"tiered_pricing_quantity_step":null,"_links":{"self":[{"href":"https:\/\/cloudsupplyvapes.com\/es\/wp-json\/wp\/v2\/product\/5128","targetHints":{"allow":["GET"]}}],"collection":[{"href":"https:\/\/cloudsupplyvapes.com\/es\/wp-json\/wp\/v2\/product"}],"about":[{"href":"https:\/\/cloudsupplyvapes.com\/es\/wp-json\/wp\/v2\/types\/product"}],"replies":[{"embeddable":true,"href":"https:\/\/cloudsupplyvapes.com\/es\/wp-json\/wp\/v2\/comments?post=5128"}],"wp:featuredmedia":[{"embeddable":true,"href":"https:\/\/cloudsupplyvapes.com\/es\/wp-json\/wp\/v2\/media\/5428"}],"wp:attachment":[{"href":"https:\/\/cloudsupplyvapes.com\/es\/wp-json\/wp\/v2\/media?parent=5128"}],"wp:term":[{"taxonomy":"product_brand","embeddable":true,"href":"https:\/\/cloudsupplyvapes.com\/es\/wp-json\/wp\/v2\/product_brand?post=5128"},{"taxonomy":"product_cat","embeddable":true,"href":"https:\/\/cloudsupplyvapes.com\/es\/wp-json\/wp\/v2\/product_cat?post=5128"},{"taxonomy":"product_tag","embeddable":true,"href":"https:\/\/cloudsupplyvapes.com\/es\/wp-json\/wp\/v2\/product_tag?post=5128"}],"curies":[{"name":"wp","href":"https:\/\/api.w.org\/{rel}","templated":true}]}}