{"id":5178,"date":"2024-10-19T02:41:09","date_gmt":"2024-10-19T02:41:09","guid":{"rendered":"https:\/\/cloudsupplyvapes.com\/?post_type=product&#038;p=5178"},"modified":"2024-11-26T03:35:11","modified_gmt":"2024-11-26T03:35:11","slug":"-209","status":"publish","type":"product","link":"https:\/\/cloudsupplyvapes.com\/es\/product\/kk-energy-6000-puffs-rechargeable-disposable-vape-wholesale\/","title":{"rendered":"KK Energy 6000 Puffs Recargable Vape Desechable al por mayor de carga r\u00e1pida de construcci\u00f3n duradera"},"content":{"rendered":"<h2>KK 6000 Desechable<\/h2>\n<ul class=\"top\">\n<li style=\"list-style-type: none;\">\n<ul class=\"top\">\n<li>Marca: KK Energy<\/li>\n<li>Unidad: set<\/li>\n<li>Tipo: Vape desechable<\/li>\n<li>Peso neto: 70(g)<\/li>\n<\/ul>\n<\/li>\n<\/ul>\n<p>El sistema calcular\u00e1 autom\u00e1ticamente los gastos de env\u00edo combinados despu\u00e9s de que elija el destino del env\u00edo en el paso de pago.<\/p>\n<div class=\"title\">KK 6000 Desechable INTRODUCCI\u00d3N<\/div>\n<p><b>KK 6000 Desechable<\/b>\u00a0Con un dise\u00f1o de m\u00e1rmol y un aspecto brillante, el KK 6000 le proporcionar\u00e1 una calada incre\u00edble con su bobina de malla y su e-zumo de sales de nic 5%(50mg). Precargado con 13ml de e-zumo, cada dispositivo puede servir hasta 6000 caladas. Es un gran valor debido a su bater\u00eda recargable, que se puede cargar a trav\u00e9s de un puerto de tipo C para la carga r\u00e1pida, usted no se preocupe por su desechable se va a quedar sin bater\u00eda.<\/p>\n<p class=\"second-title\">Caracter\u00edsticas<\/p>\n<p>- 6000 Puffs<\/p>\n<p>- Capacidad de 13 ml<\/p>\n<p>- 5%(50mg) Nicotina<\/p>\n<p>- Bater\u00eda interna de 650 mAh<\/p>\n<p>- Recargable<\/p>\n<p>- Bobina de malla<\/p>\n<p>- MTL Sorteo<\/p>\n<p>- Activado por dibujo<\/p>\n<div class=\"title\">KK 6000 Desechable ESPECIFICACI\u00d3N<\/div>\n<p>Puffs: 6000<\/p>\n<p>Capacidad: 13 ml<\/p>\n<p>Bater\u00eda: 650 mAh integrada<\/p>\n<p>Carga: Puerto Tipo-C<\/p>\n<p>Potencia de nicotina: 5%(50mg)<\/p>\n<p>Tipo de nicotina: Nic Sal<\/p>\n<p>Elemento calefactor: Bobina de malla<\/p>\n<p>Mecanismo de disparo por extracci\u00f3n<\/p>\n<p>&nbsp;<\/p>\n<p><b>Sabor:<\/b><\/p>\n<p>Hielo exuberante<\/p>\n<p>Helado de mango y fresa<\/p>\n<p>Menta fresca<\/p>\n<p>Manzana roja Lim\u00f3n<\/p>\n<p>Fusi\u00f3n de frutas<\/p>\n<p>Osito de goma<\/p>","protected":false},"excerpt":{"rendered":"<p>El vaporizador desechable recargable KK Energy 6000 Puffs combina una carga r\u00e1pida con una construcci\u00f3n duradera, ofreciendo una producci\u00f3n de vapor suave y una comodidad respetuosa con el medio ambiente.<\/p>","protected":false},"featured_media":5437,"comment_status":"open","ping_status":"closed","template":"","meta":[],"product_brand":[],"product_cat":[22],"product_tag":[],"class_list":{"0":"post-5178","1":"product","2":"type-product","3":"status-publish","4":"has-post-thumbnail","6":"product_cat-disposable-vape-sticks","8":"first","9":"instock","10":"shipping-taxable","11":"purchasable","12":"product-type-simple"},"jetpack_sharing_enabled":true,"tiered_pricing_type":"fixed","tiered_pricing_fixed_rules":{"1000":13,"10000":11,"50000":9},"tiered_pricing_product_settings":{"layout":"default","base_unit_name":{"singular":null,"plural":null},"default_variation":null},"tiered_pricing_minimum_quantity":100,"tiered_pricing_roles_data":[],"tiered_pricing_percentage_rules":[],"tiered_pricing_maximum_quantity":null,"tiered_pricing_quantity_step":null,"_links":{"self":[{"href":"https:\/\/cloudsupplyvapes.com\/es\/wp-json\/wp\/v2\/product\/5178","targetHints":{"allow":["GET"]}}],"collection":[{"href":"https:\/\/cloudsupplyvapes.com\/es\/wp-json\/wp\/v2\/product"}],"about":[{"href":"https:\/\/cloudsupplyvapes.com\/es\/wp-json\/wp\/v2\/types\/product"}],"replies":[{"embeddable":true,"href":"https:\/\/cloudsupplyvapes.com\/es\/wp-json\/wp\/v2\/comments?post=5178"}],"wp:featuredmedia":[{"embeddable":true,"href":"https:\/\/cloudsupplyvapes.com\/es\/wp-json\/wp\/v2\/media\/5437"}],"wp:attachment":[{"href":"https:\/\/cloudsupplyvapes.com\/es\/wp-json\/wp\/v2\/media?parent=5178"}],"wp:term":[{"taxonomy":"product_brand","embeddable":true,"href":"https:\/\/cloudsupplyvapes.com\/es\/wp-json\/wp\/v2\/product_brand?post=5178"},{"taxonomy":"product_cat","embeddable":true,"href":"https:\/\/cloudsupplyvapes.com\/es\/wp-json\/wp\/v2\/product_cat?post=5178"},{"taxonomy":"product_tag","embeddable":true,"href":"https:\/\/cloudsupplyvapes.com\/es\/wp-json\/wp\/v2\/product_tag?post=5178"}],"curies":[{"name":"wp","href":"https:\/\/api.w.org\/{rel}","templated":true}]}}