{"id":5179,"date":"2024-10-19T02:41:09","date_gmt":"2024-10-19T02:41:09","guid":{"rendered":"https:\/\/cloudsupplyvapes.com\/?post_type=product&#038;p=5179"},"modified":"2024-11-26T03:36:44","modified_gmt":"2024-11-26T03:36:44","slug":"-210","status":"publish","type":"product","link":"https:\/\/cloudsupplyvapes.com\/es\/product\/puffmi-meshbox-mini-1200-puffs-disposable-vape-wholesale\/","title":{"rendered":"Puffmi MeshBox Mini 1200 Puffs Vape desechable al por mayor Dise\u00f1o compacto Experiencia de vapor suave"},"content":{"rendered":"<h2>Puffmi MeshBox Mini Vape Desechable<\/h2>\n<ul class=\"top\">\n<li>Marca:\u00a0<b>Puffmi<\/b><\/li>\n<li>Unidad: set<\/li>\n<li>Tipo:\u00a0<b>Vape desechable<\/b><\/li>\n<li>Peso neto: 68(g)<\/li>\n<\/ul>\n<p>El sistema calcular\u00e1 autom\u00e1ticamente los gastos de env\u00edo combinados despu\u00e9s de que elija el destino del env\u00edo en el paso de pago.<\/p>\n<div class=\"title\">Puffmi MeshBox Mini Vape Desechable INTRODUCCI\u00d3N<\/div>\n<p><b>Puffmi MeshBox Mini Vape Desechable<\/b>\u00a0ofrece una capacidad de 3.5ml de e-l\u00edquido precargado, bater\u00eda recargable de 650mAh, y 5%(50mg) de nicotina para una gran producci\u00f3n de vapor. El tiro de 1200 caladas junto con su boquilla ergon\u00f3mica es una gran opci\u00f3n para una satisfactoria experiencia de vapeo boca a pulm\u00f3n. El dispositivo se activa con el tiro, lo que lo convierte en una gran opci\u00f3n para los vapers que son nuevos en el vapeo y no quieren lidiar con complicados procesos de configuraci\u00f3n. Con sus impresionantes caracter\u00edsticas, el dise\u00f1o de la edici\u00f3n elf y una amplia gama de sabores para elegir, podr\u00e1s disfrutar de la nicotina hasta 1200 caladas.<\/p>\n<p class=\"second-title\">Caracter\u00edsticas<\/p>\n<p>- E-l\u00edquido precargado de 3,5 ml<\/p>\n<p>- 5%(50mg) Nicotina<\/p>\n<p>- Bater\u00eda recargable de 650 mAh<\/p>\n<p>- Aproximadamente 1200 Puffs<\/p>\n<p>- Puerto Tipo-C (no incluido)<\/p>\n<p>- Bobina de malla<\/p>\n<p>- Activado por sorteo<\/p>\n<p>- MTL Vaping<\/p>","protected":false},"excerpt":{"rendered":"<p>El Puffmi MeshBox Mini 1200 Puffs Vape desechable al por mayor cuenta con un dise\u00f1o compacto, suave producci\u00f3n de vapor, y no necesita recarga, por lo que es perfecto para vaping port\u00e1til sin problemas.<\/p>","protected":false},"featured_media":5448,"comment_status":"open","ping_status":"closed","template":"","meta":[],"product_brand":[],"product_cat":[22],"product_tag":[],"class_list":{"0":"post-5179","1":"product","2":"type-product","3":"status-publish","4":"has-post-thumbnail","6":"product_cat-disposable-vape-sticks","8":"first","9":"instock","10":"shipping-taxable","11":"purchasable","12":"product-type-simple"},"jetpack_sharing_enabled":true,"tiered_pricing_type":"fixed","tiered_pricing_fixed_rules":{"1000":4,"10000":3,"50000":2},"tiered_pricing_product_settings":{"layout":"default","base_unit_name":{"singular":null,"plural":null},"default_variation":null},"tiered_pricing_minimum_quantity":100,"tiered_pricing_roles_data":[],"tiered_pricing_percentage_rules":[],"tiered_pricing_maximum_quantity":null,"tiered_pricing_quantity_step":null,"_links":{"self":[{"href":"https:\/\/cloudsupplyvapes.com\/es\/wp-json\/wp\/v2\/product\/5179","targetHints":{"allow":["GET"]}}],"collection":[{"href":"https:\/\/cloudsupplyvapes.com\/es\/wp-json\/wp\/v2\/product"}],"about":[{"href":"https:\/\/cloudsupplyvapes.com\/es\/wp-json\/wp\/v2\/types\/product"}],"replies":[{"embeddable":true,"href":"https:\/\/cloudsupplyvapes.com\/es\/wp-json\/wp\/v2\/comments?post=5179"}],"wp:featuredmedia":[{"embeddable":true,"href":"https:\/\/cloudsupplyvapes.com\/es\/wp-json\/wp\/v2\/media\/5448"}],"wp:attachment":[{"href":"https:\/\/cloudsupplyvapes.com\/es\/wp-json\/wp\/v2\/media?parent=5179"}],"wp:term":[{"taxonomy":"product_brand","embeddable":true,"href":"https:\/\/cloudsupplyvapes.com\/es\/wp-json\/wp\/v2\/product_brand?post=5179"},{"taxonomy":"product_cat","embeddable":true,"href":"https:\/\/cloudsupplyvapes.com\/es\/wp-json\/wp\/v2\/product_cat?post=5179"},{"taxonomy":"product_tag","embeddable":true,"href":"https:\/\/cloudsupplyvapes.com\/es\/wp-json\/wp\/v2\/product_tag?post=5179"}],"curies":[{"name":"wp","href":"https:\/\/api.w.org\/{rel}","templated":true}]}}