{"id":5181,"date":"2024-10-19T02:41:09","date_gmt":"2024-10-19T02:41:09","guid":{"rendered":"https:\/\/cloudsupplyvapes.com\/?post_type=product&#038;p=5181"},"modified":"2024-11-26T03:41:04","modified_gmt":"2024-11-26T03:41:04","slug":"-212","status":"publish","type":"product","link":"https:\/\/cloudsupplyvapes.com\/es\/product\/moti-box-r7000-7000-puffs-disposable-vape-wholesale\/","title":{"rendered":"Moti Box R7000 7000 Puffs Vape Desechable Al Por Mayor Ligero Dise\u00f1o Ultra Port\u00e1til"},"content":{"rendered":"<h2>Moti Box R7000 Desechable<\/h2>\n<ul class=\"top\">\n<li style=\"list-style-type: none;\">\n<ul class=\"top\">\n<li>Marca: Moti<\/li>\n<li>Unidad: set<\/li>\n<li>Tipo: Vape desechable<\/li>\n<li>Peso neto: 70(g)<\/li>\n<\/ul>\n<\/li>\n<\/ul>\n<p>El sistema calcular\u00e1 autom\u00e1ticamente los gastos de env\u00edo combinados despu\u00e9s de que elija el destino del env\u00edo en el paso de pago.<\/p>\n<div class=\"title\">Moti Box R7000 Desechable INTRODUCCI\u00d3N<\/div>\n<p><b>Moti Box R7000 Desechable<\/b>\u00a0abastece a 16ml fuerte pre-llenado e-l\u00edquido, para una experiencia optimizada vaping boca a pulm\u00f3n (MTL), que se adapta a una bobina de malla para aumentar la eficiencia de traer delicioso sabor, cada caja R7000 puede vape hasta 7000 bocanadas. Alimentado por una bater\u00eda recargable de 400mAh, soporta cable Tipo-C. Se activa por extracci\u00f3n, no tiene fugas y no necesita mantenimiento para mayor comodidad.<\/p>\n<p class=\"second-title\">Caracter\u00edsticas<\/p>\n<p>- E-l\u00edquido precargado de 16mL<\/p>\n<p>- 5%(50mg) Nicotina<\/p>\n<p>- Recargable<\/p>\n<p>- Aproximadamente 7000 Puffs<\/p>\n<p>- Bater\u00eda recargable de 400 mAh<\/p>\n<p>- Puerto Tipo-C<\/p>\n<p>- Bobina de malla<\/p>\n<p>- Activado por sorteo<\/p>\n<div class=\"title\">Moti Box R7000 Desechable ESPECIFICACI\u00d3N<\/div>\n<p>Puffs: 7000<\/p>\n<p>Capacidad: 16 ml<\/p>\n<p>Bater\u00eda: Recargable 400mAh<\/p>\n<p>Cargador: USB Tipo-C)<\/p>\n<p>Fuerza de la nicotina: 5%<\/p>\n<p>Tipo de nicotina: Nic Sal<\/p>\n<p>Elemento calefactor: Bobina de malla<\/p>\n<p>Mecanismo de disparo por extracci\u00f3n<\/p>\n<p><a href=\"https:\/\/i0.wp.com\/shop.vape.hk\/wp-content\/uploads\/2023\/11\/moti-box-r7000-disposable.jpg?ssl=1\" target=\"_blank\" rel=\"noopener\"><img data-recalc-dims=\"1\" loading=\"lazy\" decoding=\"async\" class=\"alignnone size-full wp-image-125550\" src=\"https:\/\/i0.wp.com\/shop.vape.hk\/wp-content\/uploads\/2023\/11\/moti-box-r7000-disposable.jpg?resize=525%2C1920&#038;ssl=1\" alt=\"Moti Box R7000 7000 Puffs Vape Desechable | Venta al por mayor\" width=\"525\" height=\"1920\" title=\"\"><\/a><\/p>","protected":false},"excerpt":{"rendered":"<p>El Moti Box R7000 7000 Puffs Vape Desechable al por mayor es ligero y ultra-port\u00e1til, con un dise\u00f1o elegante y suaves golpes de garganta para una sesi\u00f3n de vapeo premium.<\/p>","protected":false},"featured_media":5470,"comment_status":"open","ping_status":"closed","template":"","meta":[],"product_brand":[],"product_cat":[22],"product_tag":[],"class_list":{"0":"post-5181","1":"product","2":"type-product","3":"status-publish","4":"has-post-thumbnail","6":"product_cat-disposable-vape-sticks","8":"first","9":"instock","10":"shipping-taxable","11":"purchasable","12":"product-type-simple"},"jetpack_sharing_enabled":true,"tiered_pricing_type":"fixed","tiered_pricing_fixed_rules":{"1000":13,"10000":11,"50000":9},"tiered_pricing_product_settings":{"layout":"default","base_unit_name":{"singular":null,"plural":null},"default_variation":null},"tiered_pricing_minimum_quantity":100,"tiered_pricing_roles_data":[],"tiered_pricing_percentage_rules":[],"tiered_pricing_maximum_quantity":null,"tiered_pricing_quantity_step":null,"_links":{"self":[{"href":"https:\/\/cloudsupplyvapes.com\/es\/wp-json\/wp\/v2\/product\/5181","targetHints":{"allow":["GET"]}}],"collection":[{"href":"https:\/\/cloudsupplyvapes.com\/es\/wp-json\/wp\/v2\/product"}],"about":[{"href":"https:\/\/cloudsupplyvapes.com\/es\/wp-json\/wp\/v2\/types\/product"}],"replies":[{"embeddable":true,"href":"https:\/\/cloudsupplyvapes.com\/es\/wp-json\/wp\/v2\/comments?post=5181"}],"wp:featuredmedia":[{"embeddable":true,"href":"https:\/\/cloudsupplyvapes.com\/es\/wp-json\/wp\/v2\/media\/5470"}],"wp:attachment":[{"href":"https:\/\/cloudsupplyvapes.com\/es\/wp-json\/wp\/v2\/media?parent=5181"}],"wp:term":[{"taxonomy":"product_brand","embeddable":true,"href":"https:\/\/cloudsupplyvapes.com\/es\/wp-json\/wp\/v2\/product_brand?post=5181"},{"taxonomy":"product_cat","embeddable":true,"href":"https:\/\/cloudsupplyvapes.com\/es\/wp-json\/wp\/v2\/product_cat?post=5181"},{"taxonomy":"product_tag","embeddable":true,"href":"https:\/\/cloudsupplyvapes.com\/es\/wp-json\/wp\/v2\/product_tag?post=5181"}],"curies":[{"name":"wp","href":"https:\/\/api.w.org\/{rel}","templated":true}]}}