{"id":5263,"date":"2024-10-19T02:41:32","date_gmt":"2024-10-19T02:41:32","guid":{"rendered":"https:\/\/cloudsupplyvapes.com\/?post_type=product&#038;p=5263"},"modified":"2024-11-26T03:30:45","modified_gmt":"2024-11-26T03:30:45","slug":"-213","status":"publish","type":"product","link":"https:\/\/cloudsupplyvapes.com\/es\/product\/moti-x-40w-2000mah-pod-kit-wholesale\/","title":{"rendered":"MOTI X 40W 2000mAh Pod Kit Venta al por mayor Alto Rendimiento Dise\u00f1o Compacto"},"content":{"rendered":"<h2>Kit MOTI X<\/h2>\n<ul class=\"top\">\n<li>Marca: MOTI Vape<\/li>\n<li>Unidad: set<\/li>\n<li>Tipo: Pod System Kit<\/li>\n<li>Peso neto: 70(g)<\/li>\n<\/ul>\n<p>El sistema calcular\u00e1 autom\u00e1ticamente los gastos de env\u00edo combinados despu\u00e9s de que elija el destino del env\u00edo en el paso de pago.<\/p>\n<div class=\"title\">MOTI X Kit INTRODUCCI\u00d3N<\/div>\n<p>Presentaci\u00f3n de la\u00a0<b>MOTI X Pod Vape Kit<\/b>Un dispositivo potente y vers\u00e1til que ofrece una experiencia de vapeo excepcional. Equipado con un MOTI X Mini Pod de 4ml y una bater\u00eda interna de 2000mAh, este kit pod es capaz de entregar una salida de 5-40W, haci\u00e9ndolo ideal para vapear tanto MTL como DTL. El dispositivo cuenta con una pantalla OLED de 0,96 pulgadas que muestra toda la informaci\u00f3n y los ajustes esenciales, como la duraci\u00f3n de la bater\u00eda, el vataje y el voltaje. Hecho de aleaci\u00f3n de zinc de alta calidad, el dispositivo no s\u00f3lo es duradero, sino tambi\u00e9n c\u00f3modo de sostener. El flujo de aire ajustable y la bobina de malla MOTI X35 0.35ohm (18-25W RDL) le permiten personalizar su experiencia vaping a su gusto. Con modos preestablecidos y personalizados y control de potencia adaptable, el MOTI X 40W Pod Kit ofrece la m\u00e1xima flexibilidad y comodidad. Consigue el MOTI X 40W Pod Kit hoy y experimenta el vapeo como nunca antes.<\/p>\n<p class=\"second-title\">Caracter\u00edsticas<\/p>\n<p>- 4ml MOTI X Mini Pod<\/p>\n<p>- Bater\u00eda interna de 2000 mAh<\/p>\n<p>- Salida de 5-40 W<\/p>\n<p>- OLED de 0,96 pulgadas (diagonal)<\/p>\n<p>- Aleaci\u00f3n de zinc<\/p>\n<p>- MTL Y DTL<\/p>\n<p>- Flujo de aire ajustable<\/p>\n<p>- Bobina MOTI X35 0.35ohm Mesh Coil (18-25W RDL)<\/p>\n<p>- Modos preestablecidos y personalizados<\/p>\n<p>- Control de potencia adaptativo<\/p>\n<div class=\"title\">ESPECIFICACI\u00d3N MOTI X Kit<\/div>\n<p>Dimensiones: 85,5 x 26,5 x 34 mm<\/p>\n<p>Capacidad del e-l\u00edquido: 4ml<\/p>\n<p>Bater\u00eda: Integrada (2000 mAh)<\/p>\n<p>Potencia: 5-40W<\/p>\n<p>Corriente de carga: DC 5V\/2A, Tipo-C<\/p>\n<p>Tama\u00f1o de la pantalla: OLED de 0,96 pulgadas (en diagonal)<\/p>\n<p>Material: Aleaci\u00f3n de zinc<\/p>\n<p>Tipo: MTL Y DTL<\/p>\n<p>Flujo de aire: Ajustable<\/p>\n<p>Bobinas y vataje sugerido:<\/p>\n<p>Bobina de malla de 0,35ohm (18-25W RDL)<\/p>\n<p><a href=\"https:\/\/i0.wp.com\/shop.vape.hk\/wp-content\/uploads\/2023\/11\/moti-x-kit.jpg?ssl=1\" target=\"_blank\" rel=\"noopener\"><img data-recalc-dims=\"1\" loading=\"lazy\" decoding=\"async\" class=\"alignnone size-full wp-image-125567\" src=\"https:\/\/i0.wp.com\/shop.vape.hk\/wp-content\/uploads\/2023\/11\/moti-x-kit.jpg?resize=559%2C1920&#038;ssl=1\" alt=\"MOTI X 40W 2000mAh Pod Kit | Venta al por mayor\" width=\"559\" height=\"1920\" title=\"\"><\/a><\/p>","protected":false},"excerpt":{"rendered":"<p>El MOTI X 40W 2000mAh Pod Kit Wholesale ofrece un alto rendimiento con una bater\u00eda de larga duraci\u00f3n, un dise\u00f1o compacto y un funcionamiento activado por tirada, perfecto para una experiencia de vapeo suave y port\u00e1til.<\/p>","protected":false},"featured_media":5477,"comment_status":"open","ping_status":"closed","template":"","meta":[],"product_brand":[],"product_cat":[22],"product_tag":[],"class_list":{"0":"post-5263","1":"product","2":"type-product","3":"status-publish","4":"has-post-thumbnail","6":"product_cat-disposable-vape-sticks","8":"first","9":"instock","10":"shipping-taxable","11":"purchasable","12":"product-type-simple"},"jetpack_sharing_enabled":true,"tiered_pricing_type":"fixed","tiered_pricing_fixed_rules":{"1000":28,"10000":26,"50000":24},"tiered_pricing_product_settings":{"layout":"default","base_unit_name":{"singular":null,"plural":null},"default_variation":null},"tiered_pricing_minimum_quantity":100,"tiered_pricing_roles_data":[],"tiered_pricing_percentage_rules":[],"tiered_pricing_maximum_quantity":null,"tiered_pricing_quantity_step":null,"_links":{"self":[{"href":"https:\/\/cloudsupplyvapes.com\/es\/wp-json\/wp\/v2\/product\/5263","targetHints":{"allow":["GET"]}}],"collection":[{"href":"https:\/\/cloudsupplyvapes.com\/es\/wp-json\/wp\/v2\/product"}],"about":[{"href":"https:\/\/cloudsupplyvapes.com\/es\/wp-json\/wp\/v2\/types\/product"}],"replies":[{"embeddable":true,"href":"https:\/\/cloudsupplyvapes.com\/es\/wp-json\/wp\/v2\/comments?post=5263"}],"wp:featuredmedia":[{"embeddable":true,"href":"https:\/\/cloudsupplyvapes.com\/es\/wp-json\/wp\/v2\/media\/5477"}],"wp:attachment":[{"href":"https:\/\/cloudsupplyvapes.com\/es\/wp-json\/wp\/v2\/media?parent=5263"}],"wp:term":[{"taxonomy":"product_brand","embeddable":true,"href":"https:\/\/cloudsupplyvapes.com\/es\/wp-json\/wp\/v2\/product_brand?post=5263"},{"taxonomy":"product_cat","embeddable":true,"href":"https:\/\/cloudsupplyvapes.com\/es\/wp-json\/wp\/v2\/product_cat?post=5263"},{"taxonomy":"product_tag","embeddable":true,"href":"https:\/\/cloudsupplyvapes.com\/es\/wp-json\/wp\/v2\/product_tag?post=5263"}],"curies":[{"name":"wp","href":"https:\/\/api.w.org\/{rel}","templated":true}]}}