{"id":5264,"date":"2024-10-19T02:41:32","date_gmt":"2024-10-19T02:41:32","guid":{"rendered":"https:\/\/cloudsupplyvapes.com\/?post_type=product&#038;p=5264"},"modified":"2024-11-26T03:31:02","modified_gmt":"2024-11-26T03:31:02","slug":"-214","status":"publish","type":"product","link":"https:\/\/cloudsupplyvapes.com\/es\/product\/moti-piin-c4000-4000-puffs-disposable-vape-wholesale\/","title":{"rendered":"MOTI PIIN C4000 4000 Puffs Vape Desechable Al Por Mayor Ligero No Necesita Mantenimiento"},"content":{"rendered":"<h2>MOTI PIIN C4000 Desechable<\/h2>\n<ul class=\"top\">\n<li style=\"list-style-type: none;\">\n<ul class=\"top\">\n<li>Marca: Moti<\/li>\n<li>Unidad: set<\/li>\n<li>Tipo: Vape desechable<\/li>\n<li>Peso neto: 70(g)<\/li>\n<\/ul>\n<\/li>\n<\/ul>\n<p>El sistema calcular\u00e1 autom\u00e1ticamente los gastos de env\u00edo combinados despu\u00e9s de que elija el destino del env\u00edo en el paso de pago.<\/p>\n<div class=\"title\">LOMO FINE(MOTI PIIN) C4000 Desechable INTRODUCCI\u00d3N<\/div>\n<p><b>LOMO FINE C4000(MOTI PIIN) Desechable<\/b>\u00a0complace a sus papilas gustativas para un m\u00e1ximo de 4000 caladas con un mont\u00f3n de sabor excepcional, cada desechable tiene capacidad para 5 ml de pre-llenado e-jugo con 5% (50 mg) de nicotina. Dise\u00f1ado con vaping MTL y combinado con la tecnolog\u00eda especial de n\u00facleo cer\u00e1mico, muestra un rendimiento de melocot\u00f3n para un gran sabor constante. La vaina visible, el mecanismo de activaci\u00f3n por extracci\u00f3n junto con su dise\u00f1o estilo bol\u00edgrafo hace que sea c\u00f3modo de vapear. Alimentado por una bater\u00eda de 950mAh, tambi\u00e9n tiene un emocionante indicador LED de 360\u00b0 que le permite comprobar el nivel de la bater\u00eda.<\/p>\n<p class=\"second-title\">Caracter\u00edsticas<\/p>\n<p>- 4000 Puffs<\/p>\n<p>- Capacidad de 5 ml<\/p>\n<p>- 5%(50mg) Potencia de nicotina<\/p>\n<p>- Bater\u00eda integrada de 950 mAh<\/p>\n<p>- Bobina de malla<\/p>\n<p>- MTL Sorteo<\/p>\n<p>- Activado por dibujo<\/p>\n<p><a href=\"https:\/\/i0.wp.com\/shop.vape.hk\/wp-content\/uploads\/2023\/11\/MOTI_PIIN.jpg?ssl=1\" target=\"_blank\" rel=\"noopener\"><img data-recalc-dims=\"1\" loading=\"lazy\" decoding=\"async\" class=\"alignnone size-full wp-image-125572\" src=\"https:\/\/i0.wp.com\/shop.vape.hk\/wp-content\/uploads\/2023\/11\/MOTI_PIIN.jpg?resize=661%2C1920&#038;ssl=1\" alt=\"MOTI PIIN C4000 4000 Puffs Vape Desechable | Venta al por mayor\" width=\"661\" height=\"1920\" title=\"\"><\/a><\/p>","protected":false},"excerpt":{"rendered":"<p>El MOTI PIIN C4000 4000 Puffs Vape desechable al por mayor ofrece una construcci\u00f3n ligera y un funcionamiento sin complicaciones, ofreciendo un rendimiento constante y vapor suave para un uso prolongado.<\/p>","protected":false},"featured_media":5481,"comment_status":"open","ping_status":"closed","template":"","meta":[],"product_brand":[],"product_cat":[22],"product_tag":[],"class_list":{"0":"post-5264","1":"product","2":"type-product","3":"status-publish","4":"has-post-thumbnail","6":"product_cat-disposable-vape-sticks","8":"first","9":"instock","10":"shipping-taxable","11":"purchasable","12":"product-type-simple"},"jetpack_sharing_enabled":true,"tiered_pricing_type":"fixed","tiered_pricing_fixed_rules":{"1000":10,"10000":8,"50000":6},"tiered_pricing_product_settings":{"layout":"default","base_unit_name":{"singular":null,"plural":null},"default_variation":null},"tiered_pricing_minimum_quantity":100,"tiered_pricing_roles_data":[],"tiered_pricing_percentage_rules":[],"tiered_pricing_maximum_quantity":null,"tiered_pricing_quantity_step":null,"_links":{"self":[{"href":"https:\/\/cloudsupplyvapes.com\/es\/wp-json\/wp\/v2\/product\/5264","targetHints":{"allow":["GET"]}}],"collection":[{"href":"https:\/\/cloudsupplyvapes.com\/es\/wp-json\/wp\/v2\/product"}],"about":[{"href":"https:\/\/cloudsupplyvapes.com\/es\/wp-json\/wp\/v2\/types\/product"}],"replies":[{"embeddable":true,"href":"https:\/\/cloudsupplyvapes.com\/es\/wp-json\/wp\/v2\/comments?post=5264"}],"wp:featuredmedia":[{"embeddable":true,"href":"https:\/\/cloudsupplyvapes.com\/es\/wp-json\/wp\/v2\/media\/5481"}],"wp:attachment":[{"href":"https:\/\/cloudsupplyvapes.com\/es\/wp-json\/wp\/v2\/media?parent=5264"}],"wp:term":[{"taxonomy":"product_brand","embeddable":true,"href":"https:\/\/cloudsupplyvapes.com\/es\/wp-json\/wp\/v2\/product_brand?post=5264"},{"taxonomy":"product_cat","embeddable":true,"href":"https:\/\/cloudsupplyvapes.com\/es\/wp-json\/wp\/v2\/product_cat?post=5264"},{"taxonomy":"product_tag","embeddable":true,"href":"https:\/\/cloudsupplyvapes.com\/es\/wp-json\/wp\/v2\/product_tag?post=5264"}],"curies":[{"name":"wp","href":"https:\/\/api.w.org\/{rel}","templated":true}]}}