{"id":5265,"date":"2024-10-19T02:41:32","date_gmt":"2024-10-19T02:41:32","guid":{"rendered":"https:\/\/cloudsupplyvapes.com\/?post_type=product&#038;p=5265"},"modified":"2024-11-26T03:31:19","modified_gmt":"2024-11-26T03:31:19","slug":"-215","status":"publish","type":"product","link":"https:\/\/cloudsupplyvapes.com\/es\/product\/moti-one-2500-puffs-rechargeable-disposable-vape-wholesale\/","title":{"rendered":"Moti One 2500 Puffs Vape Desechable Recargable al por mayor Vape a prueba de fugas de larga duraci\u00f3n"},"content":{"rendered":"<h2>Moti One 2500 desechable<\/h2>\n<ul class=\"top\">\n<li style=\"list-style-type: none;\">\n<ul class=\"top\">\n<li>Marca: Moti<\/li>\n<li>Unidad: set<\/li>\n<li>Tipo: Vape desechable<\/li>\n<li>Peso neto: 70(g)<\/li>\n<\/ul>\n<\/li>\n<\/ul>\n<p>El sistema calcular\u00e1 autom\u00e1ticamente los gastos de env\u00edo combinados despu\u00e9s de que elija el destino del env\u00edo en el paso de pago.<\/p>\n<div class=\"title\">Moti One 2500 desechable INTRODUCCI\u00d3N<\/div>\n<p><b>Moti One 2500 desechable<\/b> Es un dispositivo reutilizable que cuenta con un cartucho reemplazable a un precio asequible y control de flujo de aire continuo. Cada cartucho tiene una capacidad de 8 ml de l\u00edquido para vapeo con una concentraci\u00f3n de nicotina de 2% (20 mg) y dura hasta 2500 caladas. Con una textura de rayas verticales en relieve, adopta un dise\u00f1o de doble capa. Alimentado por una bater\u00eda recargable de 600 mAh, el dispositivo tiene la capacidad de cargar la bater\u00eda muchas veces y controlar el flujo de aire.<\/p>\n<p class=\"second-title\">Caracter\u00edsticas<\/p>\n<p>\u2022 2500 caladas<\/p>\n<p>\u2022 Capacidad de 8 ml<\/p>\n<p>\u2022 2% (20 mg) Concentraci\u00f3n de nicotina<\/p>\n<p>\u2022 Bater\u00eda integrada de 600 mAh<\/p>\n<p>- Recargable<\/p>\n<p>- Bobina de malla<\/p>\n<p>- MTL Sorteo<\/p>\n<p>- Activado por dibujo<\/p>\n<p><a href=\"https:\/\/i0.wp.com\/shop.vape.hk\/wp-content\/uploads\/2023\/11\/moti-one-2500.jpg?ssl=1\" target=\"_blank\" rel=\"noopener\"><img data-recalc-dims=\"1\" loading=\"lazy\" decoding=\"async\" class=\"alignnone size-full wp-image-125594\" src=\"https:\/\/i0.wp.com\/shop.vape.hk\/wp-content\/uploads\/2023\/11\/moti-one-2500.jpg?resize=630%2C1920&#038;ssl=1\" alt=\"Moti One 2500 caladas, vaporizador desechable recargable | Venta al por mayor\" width=\"630\" height=\"1920\" title=\"\"><\/a><\/p>","protected":false},"excerpt":{"rendered":"<p>El vaporizador desechable recargable Moti One 2500 Puffs al por mayor cuenta con un dise\u00f1o a prueba de fugas, una bater\u00eda de larga duraci\u00f3n y una producci\u00f3n de vapor suave para sesiones de vapeo c\u00f3modas y fiables.<\/p>","protected":false},"featured_media":5489,"comment_status":"open","ping_status":"closed","template":"","meta":[],"product_brand":[],"product_cat":[22],"product_tag":[],"class_list":{"0":"post-5265","1":"product","2":"type-product","3":"status-publish","4":"has-post-thumbnail","6":"product_cat-disposable-vape-sticks","8":"first","9":"instock","10":"shipping-taxable","11":"purchasable","12":"product-type-simple"},"jetpack_sharing_enabled":true,"tiered_pricing_type":"fixed","tiered_pricing_fixed_rules":{"1000":6,"10000":5,"50000":4},"tiered_pricing_product_settings":{"layout":"default","base_unit_name":{"singular":null,"plural":null},"default_variation":null},"tiered_pricing_minimum_quantity":100,"tiered_pricing_roles_data":[],"tiered_pricing_percentage_rules":[],"tiered_pricing_maximum_quantity":null,"tiered_pricing_quantity_step":null,"_links":{"self":[{"href":"https:\/\/cloudsupplyvapes.com\/es\/wp-json\/wp\/v2\/product\/5265","targetHints":{"allow":["GET"]}}],"collection":[{"href":"https:\/\/cloudsupplyvapes.com\/es\/wp-json\/wp\/v2\/product"}],"about":[{"href":"https:\/\/cloudsupplyvapes.com\/es\/wp-json\/wp\/v2\/types\/product"}],"replies":[{"embeddable":true,"href":"https:\/\/cloudsupplyvapes.com\/es\/wp-json\/wp\/v2\/comments?post=5265"}],"wp:featuredmedia":[{"embeddable":true,"href":"https:\/\/cloudsupplyvapes.com\/es\/wp-json\/wp\/v2\/media\/5489"}],"wp:attachment":[{"href":"https:\/\/cloudsupplyvapes.com\/es\/wp-json\/wp\/v2\/media?parent=5265"}],"wp:term":[{"taxonomy":"product_brand","embeddable":true,"href":"https:\/\/cloudsupplyvapes.com\/es\/wp-json\/wp\/v2\/product_brand?post=5265"},{"taxonomy":"product_cat","embeddable":true,"href":"https:\/\/cloudsupplyvapes.com\/es\/wp-json\/wp\/v2\/product_cat?post=5265"},{"taxonomy":"product_tag","embeddable":true,"href":"https:\/\/cloudsupplyvapes.com\/es\/wp-json\/wp\/v2\/product_tag?post=5265"}],"curies":[{"name":"wp","href":"https:\/\/api.w.org\/{rel}","templated":true}]}}