{"id":5266,"date":"2024-10-19T02:41:32","date_gmt":"2024-10-19T02:41:32","guid":{"rendered":"https:\/\/cloudsupplyvapes.com\/?post_type=product&#038;p=5266"},"modified":"2024-11-26T03:31:32","modified_gmt":"2024-11-26T03:31:32","slug":"-216","status":"publish","type":"product","link":"https:\/\/cloudsupplyvapes.com\/es\/product\/moti-duo-9000-puffs-disposable-vape-wholesale\/","title":{"rendered":"Moti Duo 9000 Puffs Vape desechable al por mayor Dual Mesh Coil Dise\u00f1o de alta capacidad"},"content":{"rendered":"<h2><b>Moti Duo 9000 Vape desechable<\/b><\/h2>\n<ul class=\"top\">\n<li style=\"list-style-type: none;\">\n<ul class=\"top\">\n<li>Marca:\u00a0<b>Moti<\/b><\/li>\n<li>Unidad: set<\/li>\n<li>Tipo:\u00a0<b>Vape desechable<\/b><\/li>\n<li>Peso neto: 70(g)<\/li>\n<\/ul>\n<\/li>\n<\/ul>\n<p>El sistema calcula autom\u00e1ticamente los gastos de env\u00edo combinados despu\u00e9s de elegir el destino del env\u00edo en el paso de pago.<\/p>\n<div class=\"title\">Moti Duo 9000 Vape Desechable INTRODUCCI\u00d3N<\/div>\n<p><b>Moti Duo 9000 Vape desechable<\/b>\u00a0se infunde con 20 ml de e-zumo con sabor a fruta y 5%(50mg) de nicotina, que sirve hasta 9000 caladas. El peque\u00f1o dispositivo en forma de caja es ligero, rectangular y relativamente plano. Equipado con una bobina de malla dual (0,6ohm\/1,2ohm), tiene un interruptor de modo BOOST en el lateral para mejorar el sabor. Las luces indicadoras de bater\u00eda y e-l\u00edquido le permiten controlar el estado de la bater\u00eda y el e-l\u00edquido en cualquier momento.<\/p>\n<p class=\"second-title\">Caracter\u00edsticas<\/p>\n<p>- E-l\u00edquido precargado de 20 ml<\/p>\n<p>- 5%(50mg) Potencia de nicotina<\/p>\n<p>- Bater\u00eda recargable de 850 mAh<\/p>\n<p>- Puerto Tipo-C (no incluido)<\/p>\n<p>- Aproximadamente 9000 Puffs<\/p>\n<p>- Bobina Dual Mesh 1.2ohm\/0.6ohm<\/p>\n<p>- Activado por sorteo<\/p>\n<p>- MTL Vaping<\/p>\n<p>- Modo BOOST<\/p>\n<p>- Indicadores luminosos de bater\u00eda y e-l\u00edquido<\/p>","protected":false},"excerpt":{"rendered":"<p>El Moti Duo 9000 Puffs Vape desechable al por mayor combina la tecnolog\u00eda de doble bobina de malla con alta capacidad, lo que garantiza una salida de vapor rica y una experiencia rica en sabor.<\/p>","protected":false},"featured_media":5510,"comment_status":"open","ping_status":"closed","template":"","meta":[],"product_brand":[],"product_cat":[22],"product_tag":[],"class_list":{"0":"post-5266","1":"product","2":"type-product","3":"status-publish","4":"has-post-thumbnail","6":"product_cat-disposable-vape-sticks","8":"first","9":"instock","10":"shipping-taxable","11":"purchasable","12":"product-type-simple"},"jetpack_sharing_enabled":true,"tiered_pricing_type":"fixed","tiered_pricing_fixed_rules":{"1000":16,"10000":14,"50000":12},"tiered_pricing_product_settings":{"layout":"default","base_unit_name":{"singular":null,"plural":null},"default_variation":null},"tiered_pricing_minimum_quantity":100,"tiered_pricing_roles_data":[],"tiered_pricing_percentage_rules":[],"tiered_pricing_maximum_quantity":null,"tiered_pricing_quantity_step":null,"_links":{"self":[{"href":"https:\/\/cloudsupplyvapes.com\/es\/wp-json\/wp\/v2\/product\/5266","targetHints":{"allow":["GET"]}}],"collection":[{"href":"https:\/\/cloudsupplyvapes.com\/es\/wp-json\/wp\/v2\/product"}],"about":[{"href":"https:\/\/cloudsupplyvapes.com\/es\/wp-json\/wp\/v2\/types\/product"}],"replies":[{"embeddable":true,"href":"https:\/\/cloudsupplyvapes.com\/es\/wp-json\/wp\/v2\/comments?post=5266"}],"wp:featuredmedia":[{"embeddable":true,"href":"https:\/\/cloudsupplyvapes.com\/es\/wp-json\/wp\/v2\/media\/5510"}],"wp:attachment":[{"href":"https:\/\/cloudsupplyvapes.com\/es\/wp-json\/wp\/v2\/media?parent=5266"}],"wp:term":[{"taxonomy":"product_brand","embeddable":true,"href":"https:\/\/cloudsupplyvapes.com\/es\/wp-json\/wp\/v2\/product_brand?post=5266"},{"taxonomy":"product_cat","embeddable":true,"href":"https:\/\/cloudsupplyvapes.com\/es\/wp-json\/wp\/v2\/product_cat?post=5266"},{"taxonomy":"product_tag","embeddable":true,"href":"https:\/\/cloudsupplyvapes.com\/es\/wp-json\/wp\/v2\/product_tag?post=5266"}],"curies":[{"name":"wp","href":"https:\/\/api.w.org\/{rel}","templated":true}]}}