{"id":5268,"date":"2024-10-19T02:41:32","date_gmt":"2024-10-19T02:41:32","guid":{"rendered":"https:\/\/cloudsupplyvapes.com\/?post_type=product&#038;p=5268"},"modified":"2024-11-26T03:34:19","modified_gmt":"2024-11-26T03:34:19","slug":"-218","status":"publish","type":"product","link":"https:\/\/cloudsupplyvapes.com\/es\/product\/moti-boto-6000-puffs-disposable-vape-wholesale\/","title":{"rendered":"Moti BOTO 6000 Puffs Vape desechable al por mayor Vapor suave Durable Build"},"content":{"rendered":"<h2>Moti BOTO Vape desechable<\/h2>\n<ul class=\"top\">\n<li>Marca: Moti<\/li>\n<li>Unidad: set<\/li>\n<li>Tipo: Vape desechable<\/li>\n<li>Peso neto: 70(g)<\/li>\n<\/ul>\n<p>El sistema calcular\u00e1 autom\u00e1ticamente los gastos de env\u00edo combinados despu\u00e9s de que elija el destino del env\u00edo en el paso de pago.<\/p>\n<div class=\"title\">Moti BOTO Vape Desechable INTRODUCCI\u00d3N<\/div>\n<p><b>Kit de Vape Desechable Moti BOTO<\/b>\u00a0cuenta con una soluci\u00f3n de vapeo de \u00faltima generaci\u00f3n que proporciona 6000 caladas y tiene una capacidad de e-l\u00edquido de 14ml. Este kit est\u00e1 equipado con una bater\u00eda recargable de 480mAh y una potencia de nicotina de 5% (50mg), junto con su bobina de malla integrada, que garantiza un suave y satisfactorio golpe de nicotina. Con un mecanismo de disparo activado por extracci\u00f3n, este kit de vapeo desechable es f\u00e1cil de usar y proporciona una experiencia de vapeo sin complicaciones. Hazte con el Moti BOTO y disfruta de un vapeo realmente satisfactorio en todo momento.<\/p>\n<p class=\"second-title\">Caracter\u00edsticas<\/p>\n<p>- Vape Juice precargado de 14 ml<\/p>\n<p>- Bater\u00eda recargable de 480 mAh<\/p>\n<p>- Cable tipo C<\/p>\n<p>- 5%(50mg) Sal de Nic<\/p>\n<p>- Aproximadamente 6000 Puffs<\/p>\n<p>- Bobina de malla<a href=\"https:\/\/i0.wp.com\/shop.vape.hk\/wp-content\/uploads\/2023\/11\/moti-boto-disposable-vape_1.jpg?ssl=1\" target=\"_blank\" rel=\"noopener\"><img data-recalc-dims=\"1\" loading=\"lazy\" decoding=\"async\" class=\"alignnone size-full wp-image-125622\" src=\"https:\/\/i0.wp.com\/shop.vape.hk\/wp-content\/uploads\/2023\/11\/moti-boto-disposable-vape_1.jpg?resize=514%2C1920&#038;ssl=1\" alt=\"Moti BOTO 6000 Puffs Vape Desechable | Venta al por mayor\" width=\"514\" height=\"1920\" title=\"\"><\/a><\/p>\n<p>- Activado por sorteo<\/p>\n<div class=\"title\">Moti BOTO Vape desechable ESPECIFICACI\u00d3N<\/div>\n<p>Puffs: 6000<\/p>\n<p>Capacidad del e-l\u00edquido: 14ml<\/p>\n<p>Bater\u00eda: Recargable 480mAh<\/p>\n<p>Carga: Tipo-C<\/p>\n<p>Potencia de nicotina: 5%(50mg)<\/p>\n<p>Tipo de nicotina: Nic Sal<\/p>\n<p>Elemento calefactor: Bobina de malla<\/p>\n<p>Mecanismo de disparo por extracci\u00f3n<\/p>\n<p>&nbsp;<\/p>","protected":false},"excerpt":{"rendered":"<p>El Moti BOTO 6000 Puffs Vape desechable al por mayor ofrece vapor suave con una construcci\u00f3n duradera y ligera, ideal para vapear consistente y port\u00e1til.<\/p>","protected":false},"featured_media":5534,"comment_status":"open","ping_status":"closed","template":"","meta":[],"product_brand":[],"product_cat":[22],"product_tag":[],"class_list":{"0":"post-5268","1":"product","2":"type-product","3":"status-publish","4":"has-post-thumbnail","6":"product_cat-disposable-vape-sticks","8":"first","9":"instock","10":"shipping-taxable","11":"purchasable","12":"product-type-simple"},"jetpack_sharing_enabled":true,"tiered_pricing_type":"fixed","tiered_pricing_fixed_rules":{"1000":13,"10000":11,"50000":9},"tiered_pricing_product_settings":{"layout":"default","base_unit_name":{"singular":null,"plural":null},"default_variation":null},"tiered_pricing_minimum_quantity":100,"tiered_pricing_roles_data":[],"tiered_pricing_percentage_rules":[],"tiered_pricing_maximum_quantity":null,"tiered_pricing_quantity_step":null,"_links":{"self":[{"href":"https:\/\/cloudsupplyvapes.com\/es\/wp-json\/wp\/v2\/product\/5268","targetHints":{"allow":["GET"]}}],"collection":[{"href":"https:\/\/cloudsupplyvapes.com\/es\/wp-json\/wp\/v2\/product"}],"about":[{"href":"https:\/\/cloudsupplyvapes.com\/es\/wp-json\/wp\/v2\/types\/product"}],"replies":[{"embeddable":true,"href":"https:\/\/cloudsupplyvapes.com\/es\/wp-json\/wp\/v2\/comments?post=5268"}],"wp:featuredmedia":[{"embeddable":true,"href":"https:\/\/cloudsupplyvapes.com\/es\/wp-json\/wp\/v2\/media\/5534"}],"wp:attachment":[{"href":"https:\/\/cloudsupplyvapes.com\/es\/wp-json\/wp\/v2\/media?parent=5268"}],"wp:term":[{"taxonomy":"product_brand","embeddable":true,"href":"https:\/\/cloudsupplyvapes.com\/es\/wp-json\/wp\/v2\/product_brand?post=5268"},{"taxonomy":"product_cat","embeddable":true,"href":"https:\/\/cloudsupplyvapes.com\/es\/wp-json\/wp\/v2\/product_cat?post=5268"},{"taxonomy":"product_tag","embeddable":true,"href":"https:\/\/cloudsupplyvapes.com\/es\/wp-json\/wp\/v2\/product_tag?post=5268"}],"curies":[{"name":"wp","href":"https:\/\/api.w.org\/{rel}","templated":true}]}}